{"id":9837,"date":"2025-11-13T10:46:20","date_gmt":"2025-11-13T09:46:20","guid":{"rendered":"https:\/\/pilonatic.fr\/?post_type=product&#038;p=9837"},"modified":"2025-11-13T11:11:00","modified_gmt":"2025-11-13T10:11:00","slug":"pilona-de-alta-seguridad-fija-para-empotrar-de-220mm-diametro-750mm-de-altura","status":"publish","type":"product","link":"https:\/\/pilonatic.fr\/fr\/fr\/produit\/pilona-de-alta-seguridad-fija-para-empotrar-de-220mm-diametro-750mm-de-altura\/","title":{"rendered":"Potence de haute s\u00e9curit\u00e9 fixe pour encastrement de 220mm diam\u00e8tre 750mm de hauteur"},"content":{"rendered":"<p><p>Borne de s\u00e9curit\u00e9 fixe haute pour encastrement dans b\u00e9ton en acier diam\u00e8tre 220mm avec disque soud\u00e9<br \/><br \/>\n<br \/>hauteur 750mm diam\u00e8tre 220mm \u00e9paisseur 4mm<br \/><br \/>\n<\/p>pour toute question <a href=\"mailto:pilonatic@gmail.com\">contacter<\/a> le commercial<\/p><br \/>\n<p>&nbsp;<\/p><\/p>","protected":false},"excerpt":{"rendered":"<p><p>Borne de s\u00e9curit\u00e9 fixe \u00e0 installer sur pavage avec ciment.<br \/><br \/>\n<\/p>id\u00e9ale pour limiter le trafic lourd ou pour interdire le passage aux camions.<\/p><\/p>","protected":false},"featured_media":9840,"comment_status":"closed","ping_status":"closed","template":"","meta":[],"product_brand":[],"product_cat":[18,132],"product_tag":[107,23],"woo-feed-brand":[],"class_list":{"0":"post-9837","1":"product","2":"type-product","3":"status-publish","4":"has-post-thumbnail","6":"product_cat-pilonas-fijas_bolardos_fijos","7":"product_cat-proteccion-industrial","8":"product_tag-fixed-bollard","9":"product_tag-pilona-fija","10":"product_shipping_class-envio-por-agencia","12":"first","13":"instock","14":"taxable","15":"shipping-taxable","16":"purchasable","17":"product-type-simple"},"aioseo_notices":[],"jetpack_sharing_enabled":true,"_links":{"self":[{"href":"https:\/\/pilonatic.fr\/fr\/wp-json\/wp\/v2\/product\/9837","targetHints":{"allow":["GET"]}}],"collection":[{"href":"https:\/\/pilonatic.fr\/fr\/wp-json\/wp\/v2\/product"}],"about":[{"href":"https:\/\/pilonatic.fr\/fr\/wp-json\/wp\/v2\/types\/product"}],"replies":[{"embeddable":true,"href":"https:\/\/pilonatic.fr\/fr\/wp-json\/wp\/v2\/comments?post=9837"}],"wp:featuredmedia":[{"embeddable":true,"href":"https:\/\/pilonatic.fr\/fr\/wp-json\/wp\/v2\/media\/9840"}],"wp:attachment":[{"href":"https:\/\/pilonatic.fr\/fr\/wp-json\/wp\/v2\/media?parent=9837"}],"wp:term":[{"taxonomy":"product_brand","embeddable":true,"href":"https:\/\/pilonatic.fr\/fr\/wp-json\/wp\/v2\/product_brand?post=9837"},{"taxonomy":"product_cat","embeddable":true,"href":"https:\/\/pilonatic.fr\/fr\/wp-json\/wp\/v2\/product_cat?post=9837"},{"taxonomy":"product_tag","embeddable":true,"href":"https:\/\/pilonatic.fr\/fr\/wp-json\/wp\/v2\/product_tag?post=9837"},{"taxonomy":"woo-feed-brand","embeddable":true,"href":"https:\/\/pilonatic.fr\/fr\/wp-json\/wp\/v2\/woo-feed-brand?post=9837"}],"curies":[{"name":"wp","href":"https:\/\/api.w.org\/{rel}","templated":true}]}}