{"id":9834,"date":"2025-11-12T19:22:42","date_gmt":"2025-11-12T18:22:42","guid":{"rendered":"https:\/\/pilonatic.fr\/?post_type=product&#038;p=9834"},"modified":"2025-11-12T19:27:05","modified_gmt":"2025-11-12T18:27:05","slug":"pilona-automatica-electromecanica-o220x500-manchester","status":"publish","type":"product","link":"https:\/\/pilonatic.fr\/fr\/fr\/produit\/pilona-automatica-electromecanica-o220x500-manchester\/","title":{"rendered":"Pilon automatique \u00e9lectrom\u00e9canique \u00d8220X500 Manchester"},"content":{"rendered":"<p><p>Tube : Acier au carbone<br \/><br \/>\nDIAM\u00c8TRE DU CYLINDRE : \u00d8220 mm.<br \/><br \/>\nHAUTEUR DU CYLINDRE : 500 mm.<br \/><br \/>\nPAROI DU CYLINDRE : 8 mm.<br \/><br \/>\nVITESSE DE MONT\u00c9E : 9 secondes.<br \/><br \/>\nR\u00c9GIME DE TEMP\u00c9RATURE DE FONCTIONNEMENT : De -20\u00b0 C \u00e0 +80 \u00b0C.<br \/><br \/>\nTENSION D'ALIMENTATION DU MOTEUR : 220V-50Hz.<br \/><br \/>\nTUYAU C\u00c2BLAGE \u00c9LECTRIQUE : 20 m\u00e8tres.<br \/><br \/>\nBANDE R\u00c9FL\u00c9CHISSANTE : 25 mm niveau III.<br \/><br \/>\n<br \/>Puissance moteur : 24v<\/p><br \/>\n<p>2x t\u00e9l\u00e9commandes<\/p><\/p>","protected":false},"excerpt":{"rendered":"<p><p>Borne inox diam\u00e8tre 220mm hauteur 500mm La principale caract\u00e9ristique de cette gamme est l'\u00e9paisseur du cylindre ou de la tige, \u00e9tant de 4 mm<br \/><br \/>\nHaute r\u00e9sistance t\u00e9l\u00e9commande incluse.<\/p><\/p>","protected":false},"featured_media":9836,"comment_status":"open","ping_status":"closed","template":"","meta":[],"product_brand":[],"product_cat":[39],"product_tag":[44,43,40,41,42],"woo-feed-brand":[],"class_list":{"0":"post-9834","1":"product","2":"type-product","3":"status-publish","4":"has-post-thumbnail","6":"product_cat-pilonas-automaticas","7":"product_tag-antiterrorist-bollard","8":"product_tag-automatic-security-bollard","9":"product_tag-pilona-automatica","10":"product_tag-pilone-de-seguridad","11":"product_tag-pivotes-de-seguridad","12":"product_shipping_class-envio-por-agencia","14":"first","15":"instock","16":"featured","17":"taxable","18":"shipping-taxable","19":"purchasable","20":"product-type-simple"},"aioseo_notices":[],"jetpack_sharing_enabled":true,"_links":{"self":[{"href":"https:\/\/pilonatic.fr\/fr\/wp-json\/wp\/v2\/product\/9834","targetHints":{"allow":["GET"]}}],"collection":[{"href":"https:\/\/pilonatic.fr\/fr\/wp-json\/wp\/v2\/product"}],"about":[{"href":"https:\/\/pilonatic.fr\/fr\/wp-json\/wp\/v2\/types\/product"}],"replies":[{"embeddable":true,"href":"https:\/\/pilonatic.fr\/fr\/wp-json\/wp\/v2\/comments?post=9834"}],"wp:featuredmedia":[{"embeddable":true,"href":"https:\/\/pilonatic.fr\/fr\/wp-json\/wp\/v2\/media\/9836"}],"wp:attachment":[{"href":"https:\/\/pilonatic.fr\/fr\/wp-json\/wp\/v2\/media?parent=9834"}],"wp:term":[{"taxonomy":"product_brand","embeddable":true,"href":"https:\/\/pilonatic.fr\/fr\/wp-json\/wp\/v2\/product_brand?post=9834"},{"taxonomy":"product_cat","embeddable":true,"href":"https:\/\/pilonatic.fr\/fr\/wp-json\/wp\/v2\/product_cat?post=9834"},{"taxonomy":"product_tag","embeddable":true,"href":"https:\/\/pilonatic.fr\/fr\/wp-json\/wp\/v2\/product_tag?post=9834"},{"taxonomy":"woo-feed-brand","embeddable":true,"href":"https:\/\/pilonatic.fr\/fr\/wp-json\/wp\/v2\/woo-feed-brand?post=9834"}],"curies":[{"name":"wp","href":"https:\/\/api.w.org\/{rel}","templated":true}]}}