{"id":9808,"date":"2025-10-09T11:01:43","date_gmt":"2025-10-09T09:01:43","guid":{"rendered":"https:\/\/pilonatic.fr\/?post_type=product&#038;p=9808"},"modified":"2025-10-09T11:09:21","modified_gmt":"2025-10-09T09:09:21","slug":"bolardo-de-acero-cuadrado-100x100-mm-pintado-al-horno-robusto-y-personalizable","status":"publish","type":"product","link":"https:\/\/pilonatic.fr\/fr\/fr\/produit\/bolardo-de-acero-cuadrado-100x100-mm-pintado-al-horno-robusto-y-personalizable\/","title":{"rendered":"Bollard d'acier carr\u00e9 100x100 mm peint au four \u2013 robuste et personnalisable"},"content":{"rendered":"<p><p>La <br \/>borne d'acier carr\u00e9e 100x100 mm<br \/> est une solution robuste, durable et esth\u00e9tique pour <\/p>d\u00e9limiter des zones urbaines, des parkings, des copropri\u00e9t\u00e9s, des \u00e9coles ou des centres commerciaux<p>.<br \/><br \/>\n<br \/>Fabriqu\u00e9e en <br \/>tube d'acier de premi\u00e8re qualit\u00e9<br \/>, elle offre une <br \/>grande r\u00e9sistance aux chocs et aux intemp\u00e9ries<br \/>, garantissant une longue dur\u00e9e de vie m\u00eame en ext\u00e9rieur. Son <br \/>rev\u00eatement peint au four<br \/>, disponible en plusieurs couleurs, assure une protection optimale contre la corrosion sans co\u00fbt suppl\u00e9mentaire.<br \/><br \/>\n<br \/>Cette <br \/>borne d'acier moderne<br \/> se distingue par son design \u00e9pur\u00e9 et fonctionnel, facile \u00e0 int\u00e9grer dans n'importe quel environnement urbain ou architectural. De plus, elle permet la <br \/>personnalisation en hauteur et sections<br \/>, s'adaptant aux besoins sp\u00e9cifiques de chaque projet.<br \/><\/p>\n<p><br \/><br \/>Caract\u00e9ristiques techniques :<br \/><br \/><br \/>\n<br \/><br \/>\n \t<br \/><br \/>\n<br \/>Mat\u00e9riau : <br \/>Acier de haute qualit\u00e9<br \/><br \/><br \/>\n<br \/><br \/>\n \t<br \/><br \/>\n<br \/>Section du tube : <br \/>100 x 100 mm<br \/><br \/><br \/>\n<br \/><br \/>\n \t<br \/><br \/>\n<br \/>\u00c9paisseur : <br \/>3 mm<br \/><br \/><br \/>\n<br \/><br \/>\n \t<br \/><br \/>\n<br \/>Plaque de base : <br \/>150 x 150 mm<br \/> avec <br \/>4 trous<\/p> pour ancrage solide<p><br \/>\n<br \/><br \/>\n \t<\/p><br \/>\n<p data-start=\"1647\" data-end=\"1691\">Hauteur standard : <strong data-start=\"1664\" data-end=\"1674\">850 mm<\/strong> (personnalisable)<\/p><br \/>\n<\/li><br \/>\n \t<li data-start=\"1692\" data-end=\"1742\"><br \/>\n<p data-start=\"1694\" data-end=\"1742\">Finition : <strong data-start=\"1703\" data-end=\"1723\">Peinture au four<\/strong> (couleur au choix) par d\u00e9faut en noir<\/p><br \/>\n<\/li><br \/>\n \t<li data-start=\"1743\" data-end=\"1791\"><br \/>\n<p data-start=\"1745\" data-end=\"1791\">Installation simple par ancrage m\u00e9canique<\/p><br \/>\n<\/li><br \/>\n<\/ul><br \/>\n<h4 data-start=\"1793\" data-end=\"1811\"><strong data-start=\"1798\" data-end=\"1811\">Avantages :<\/strong><\/h4><br \/>\n<ul data-start=\"1812\" data-end=\"2037\"><br \/>\n \t<li data-start=\"1812\" data-end=\"1846\"><br \/>\n<p data-start=\"1814\" data-end=\"1846\">Haute r\u00e9sistance et durabilit\u00e9<\/p><br \/>\n<\/li><br \/>\n \t<li data-start=\"1847\" data-end=\"1899\"><br \/>\n<p data-start=\"1849\" data-end=\"1899\">Fabrication nationale avec mat\u00e9riaux certifi\u00e9s<\/p><br \/>\n<\/li><br \/>\n \t<li data-start=\"1900\" data-end=\"1943\"><br \/>\n<p data-start=\"1902\" data-end=\"1943\">Finition professionnelle et sans entretien<\/p><br \/>\n<\/li><br \/>\n \t<li data-start=\"1944\" data-end=\"1993\"><br \/>\n<p data-start=\"1946\" data-end=\"1993\">Possibilit\u00e9 de personnaliser les dimensions et couleurs<\/p><br \/>\n<\/li><br \/>\n \t<li data-start=\"1994\" data-end=\"2037\"><br \/>\n<p data-start=\"1996\" data-end=\"2037\">Id\u00e9ale pour les espaces publics et priv\u00e9s<\/p><br \/>\n<\/li><br \/>\n<\/ul><br \/>\n<h4 data-start=\"2039\" data-end=\"2066\"><strong data-start=\"2044\" data-end=\"2066\">Usages recommand\u00e9s :<\/strong><\/h4><br \/>\n<p data-start=\"2067\" data-end=\"2213\">Parfaite pour <strong data-start=\"2081\" data-end=\"2210\">les zones urbaines, les rues pi\u00e9tonnes, les parkings, les acc\u00e8s restreints, les copropri\u00e9t\u00e9s, les \u00e9coles et les centres commerciaux<\/strong>.<\/p><\/p>\n<p><hr data-start=\"2215\" data-end=\"2218\" \/><br \/>\n<p data-start=\"2220\" data-end=\"2628\" data-is-last-node=\"\" data-is-only-node=\"\">Veux-tu que j'optimise aussi les <strong data-start=\"2254\" data-end=\"2276\">mots-cl\u00e9s SEO<\/strong> (par exemple, pour te positionner sur Google avec des termes comme <em data-start=\"2335\" data-end=\"2362\">borne d'acier carr\u00e9e<\/em>, <em data-start=\"2364\" data-end=\"2391\">bornes urbaines d'acier<\/em>, <em data-start=\"2393\" data-end=\"2431\">bornes m\u00e9talliques peintes au four<\/em>, etc.) et que je t'indique lesquels inclure dans la \"balise titre\" et la \"m\u00e9tadescription\" de la page ?<br data-start=\"2524\" data-end=\"2527\" \/>Je peux ainsi te laisser l'article avec une structure compl\u00e8te pour publier directement dans ta boutique en ligne.<\/p><\/p>","protected":false},"excerpt":{"rendered":"Bollard moderne en acier avec tube carr\u00e9 de 100x100 mm, peint au four sans frais suppl\u00e9mentaires. Id\u00e9al pour les zones urbaines, les \u00e9coles, les communaut\u00e9s ou les centres commerciaux. Personnalisable en hauteur et finition.","protected":false},"featured_media":9811,"comment_status":"closed","ping_status":"closed","template":"","meta":[],"product_brand":[],"product_cat":[18],"product_tag":[],"woo-feed-brand":[],"class_list":{"0":"post-9808","1":"product","2":"type-product","3":"status-publish","4":"has-post-thumbnail","6":"product_cat-pilonas-fijas_bolardos_fijos","8":"first","9":"instock","10":"taxable","11":"shipping-taxable","12":"purchasable","13":"product-type-simple"},"aioseo_notices":[],"jetpack_sharing_enabled":true,"_links":{"self":[{"href":"https:\/\/pilonatic.fr\/fr\/wp-json\/wp\/v2\/product\/9808","targetHints":{"allow":["GET"]}}],"collection":[{"href":"https:\/\/pilonatic.fr\/fr\/wp-json\/wp\/v2\/product"}],"about":[{"href":"https:\/\/pilonatic.fr\/fr\/wp-json\/wp\/v2\/types\/product"}],"replies":[{"embeddable":true,"href":"https:\/\/pilonatic.fr\/fr\/wp-json\/wp\/v2\/comments?post=9808"}],"wp:featuredmedia":[{"embeddable":true,"href":"https:\/\/pilonatic.fr\/fr\/wp-json\/wp\/v2\/media\/9811"}],"wp:attachment":[{"href":"https:\/\/pilonatic.fr\/fr\/wp-json\/wp\/v2\/media?parent=9808"}],"wp:term":[{"taxonomy":"product_brand","embeddable":true,"href":"https:\/\/pilonatic.fr\/fr\/wp-json\/wp\/v2\/product_brand?post=9808"},{"taxonomy":"product_cat","embeddable":true,"href":"https:\/\/pilonatic.fr\/fr\/wp-json\/wp\/v2\/product_cat?post=9808"},{"taxonomy":"product_tag","embeddable":true,"href":"https:\/\/pilonatic.fr\/fr\/wp-json\/wp\/v2\/product_tag?post=9808"},{"taxonomy":"woo-feed-brand","embeddable":true,"href":"https:\/\/pilonatic.fr\/fr\/wp-json\/wp\/v2\/woo-feed-brand?post=9808"}],"curies":[{"name":"wp","href":"https:\/\/api.w.org\/{rel}","templated":true}]}}