{"id":976,"date":"2018-06-17T01:52:23","date_gmt":"2018-06-16T23:52:23","guid":{"rendered":"http:\/\/pilonatic.fr\/product\/2-x-h-d-static-black-120-fb-bollards-chain-kit\/"},"modified":"2024-08-28T18:08:30","modified_gmt":"2024-08-28T16:08:30","slug":"2-x-h-d-static-black-120-fb-bollards-chain-kit","status":"publish","type":"product","link":"https:\/\/pilonatic.fr\/fr\/fr\/produit\/2-x-h-d-static-black-120-fb-bollards-chain-kit\/","title":{"rendered":"2 x pilonas de acero con cadena metalica"},"content":{"rendered":"<p><span style=\"color: #000000;\"><span style=\"font-size: xx-large;\"> <span id=\"result_box\" class=\"\" lang=\"es\" tabindex=\"-1\"><span title=\"2 x H\/D Static Black 120 FB Bollards &amp; Chain Kit \">2 x pilonas Bolardos y kit de cadena<\/span><\/span><\/span><\/span><\/p>\n<p><span title=\"2 x Stylish Heavy Duty Static Bollards\/Posts supplied with 5 metres of Steel Chain &amp; Fixing Padlocks, ideal for Protecting &amp; Reserving Entrances &amp; Car Parks. \">2 x bolardos \/ postes est\u00e1ticos de alta resistencia con estilo suministrados con 5 metros de cadena de acero y candados de fijaci\u00f3n, ideales para proteger y reservar entradas y aparcamientos.<\/span><\/p>\n<p><span title=\"The \">los<br \/>\n<\/span><span title=\"Bollards are powder coated and are enhanced by the top mounted \">Los bolardos est\u00e1n recubiertos de polvo y se mejoran con la parte superior montada<br \/>\n<\/span><span title=\"Reflective Stainless Steel Strips, the galvanised Steel Chain is \">Anillos de acero inoxidable, la cadena de acero galvanizado es<br \/>\n<\/span><span title=\"attached to the top mounted eyelets by two two keyed alike Padlocks \">unido a los ojales montados superiores por dos dos candados iguales<br \/>\n<\/span><span title=\"(supplied). \">(suministrado).<\/span><\/p>\n<p><span title=\"The Bollards are fixed into the ground using cement \">Los bolardos se fijan al suelo con cemento<br \/>\n<\/span><span title=\"or post mix, identical looking Removable Posts (part number 001-1460) \">o posmezclado, postes extra\u00edbles de aspecto id\u00e9ntico (n\u00famero de referencia 001-1460)<br \/>\n<\/span><span title=\"are available for installations requiring further coverage with some \">est\u00e1n disponibles para instalaciones que requieren cobertura adicional con<br \/>\n<\/span><span title=\"needing to be accessible. \">necesitando ser accesible.<\/span><\/p>\n<p><span title=\"Longer lengths of chain available upon request. \">Longitudes m\u00e1s metros de cadena disponibles bajo pedido.<\/span><\/p>\n<p><span title=\"Using lengths of Chain can be a very simple &amp; affordable solution to Parking issues !!. \">\u00a1Usar longitudes de cadena puede ser una soluci\u00f3n muy simple y asequible para problemas de estacionamiento!<\/span><\/p>\n<p><span title=\"Kit Includes: \u00a0\u00a0\u00a0\u00a0\">El kit incluye:<\/span><\/p>\n<p><span title=\"2 x H\/D Black Static 120 FB Posts with Stainless Steel Reflective Decal. \u00a0\u00a0\u00a0\u00a0\">2 x H \/ D Black Static 120 FB Posts con calcoman\u00eda reflectante de acero inoxidable.<br \/>\n<\/span><span title=\"5 x metres of Steel Chain (can be lengthen upon request). \u00a0\u00a0\u00a0\u00a0\">5 x metros de cadena de acero (se puede alargar a pedido).<br \/>\n<\/span><\/p>\n<p><span title=\"Post Specification: \u00a0\u00a0\u00a0\u00a0\">Especificaci\u00f3n de la publicaci\u00f3n:<\/span><\/p>\n<p><span title=\"Overall Height of Security Bollard: 970 mm. \u00a0\u00a0\u00a0\u00a0\">Altura total de la bolardo de seguridad: 970 mm.<br \/>\n<\/span><span title=\"Weight:7.5 Kilo's each. \u00a0\u00a0\u00a0\u00a0\">Peso: 7.5 kilogramos cada uno.<br \/>\n<\/span><span title=\"Diameter of Security Bollard: 100 mm \u00a0\u00a0\u00a0\u00a0\">Di\u00e1metro del bolardo de seguridad: 90 mm<br \/>\n<\/span><span title=\"Colour: Black \u00a0\u00a0\u00a0\u00a0\">Color: negro<br \/>\n<\/span><span title=\"Reflective Strip: Yes (stainless Steel 50 mm deep) \u00a0\u00a0\u00a0\u00a0\">Tira reflectante: S\u00ed (acero inoxidable de 50 mm de profundidad)<br \/>\n<\/span><span title=\"Material: Steel \u00a0\u00a0\u00a0\u00a0\">Material: acero<br \/>\n<\/span><span title=\"Post Thickness:3 mm. \u00a0\u00a0\u00a0\u00a0\u00a0\u00a0\">Espesor del poste: 2 mm.<\/span><\/p>\n<p><span title=\"Chain Specification: \u00a0\u00a0\u00a0\u00a0\">Especificaci\u00f3n de la cadena:<\/span><\/p>\n<p><span title=\"Each Link 40 mm Long. \u00a0\u00a0\u00a0\u00a0\">Cada eslab\u00f3n de 40 mm de largo.<br \/>\n<\/span><span title=\"4 mm Diameter. \u00a0\u00a0\u00a0\u00a0\">4 mm de di\u00e1metro.<br \/>\n<\/span><span title=\"Galvanised Steel. \u00a0\u00a0\u00a0\u00a0\">Acero galvanizado.<br \/>\n<\/span><span title=\"Length: 5 metres (can be lengthen upon request, sold by the metre) \u00a0\u00a0\u00a0\u00a0\u00a0\u00a0\">Longitud: 5 metros (se puede alargar a pedido, vendido por el medidor)<\/span><\/p>\n<p><span title=\"Chain Padlock Size: \u00a0\u00a0\u00a0\u00a0\">Tama\u00f1o del candado de cadena:<\/span><\/p>\n<p><span title=\"40 (W) x 16 (D) x 65 (H) mm\">40 (W) x 16 (D) x 65 (H) mm<\/span>.<\/p>\n<p>&nbsp;<\/p>","protected":false},"excerpt":{"rendered":"<p>2 x pilonas Bolardos y kit de cadena 2 x bolardos \/ postes est\u00e1ticos de alta resistencia con estilo suministrados con 5 metros de cadena de acero y candados de fijaci\u00f3n, ideales para proteger y reservar entradas y aparcamientos. los Los bolardos est\u00e1n recubiertos de polvo y se mejoran con la parte superior montada Anillos [&hellip;]<\/p>\n","protected":false},"featured_media":968,"comment_status":"closed","ping_status":"closed","template":"","meta":[],"product_brand":[],"product_cat":[18],"product_tag":[],"woo-feed-brand":[],"class_list":{"0":"post-976","1":"product","2":"type-product","3":"status-publish","4":"has-post-thumbnail","6":"product_cat-pilonas-fijas_bolardos_fijos","8":"first","9":"instock","10":"sale","11":"taxable","12":"shipping-taxable","13":"purchasable","14":"product-type-simple"},"aioseo_notices":[],"jetpack_sharing_enabled":true,"_links":{"self":[{"href":"https:\/\/pilonatic.fr\/fr\/wp-json\/wp\/v2\/product\/976","targetHints":{"allow":["GET"]}}],"collection":[{"href":"https:\/\/pilonatic.fr\/fr\/wp-json\/wp\/v2\/product"}],"about":[{"href":"https:\/\/pilonatic.fr\/fr\/wp-json\/wp\/v2\/types\/product"}],"replies":[{"embeddable":true,"href":"https:\/\/pilonatic.fr\/fr\/wp-json\/wp\/v2\/comments?post=976"}],"wp:featuredmedia":[{"embeddable":true,"href":"https:\/\/pilonatic.fr\/fr\/wp-json\/wp\/v2\/media\/968"}],"wp:attachment":[{"href":"https:\/\/pilonatic.fr\/fr\/wp-json\/wp\/v2\/media?parent=976"}],"wp:term":[{"taxonomy":"product_brand","embeddable":true,"href":"https:\/\/pilonatic.fr\/fr\/wp-json\/wp\/v2\/product_brand?post=976"},{"taxonomy":"product_cat","embeddable":true,"href":"https:\/\/pilonatic.fr\/fr\/wp-json\/wp\/v2\/product_cat?post=976"},{"taxonomy":"product_tag","embeddable":true,"href":"https:\/\/pilonatic.fr\/fr\/wp-json\/wp\/v2\/product_tag?post=976"},{"taxonomy":"woo-feed-brand","embeddable":true,"href":"https:\/\/pilonatic.fr\/fr\/wp-json\/wp\/v2\/woo-feed-brand?post=976"}],"curies":[{"name":"wp","href":"https:\/\/api.w.org\/{rel}","templated":true}]}}