{"id":9686,"date":"2025-06-24T13:05:04","date_gmt":"2025-06-24T11:05:04","guid":{"rendered":"https:\/\/pilonatic.fr\/?post_type=product&#038;p=9686"},"modified":"2025-11-12T19:22:21","modified_gmt":"2025-11-12T18:22:21","slug":"pilona-automatica-impact-220-o220mm-h500mm-control-remotol-y-color-personalizable","status":"publish","type":"product","link":"https:\/\/pilonatic.fr\/fr\/fr\/produit\/pilona-automatica-impact-220-o220mm-h500mm-control-remotol-y-color-personalizable\/","title":{"rendered":"Pilona Autom\u00e1tica Impact 220 \u00d8220mm H500mm |  Color Personalizable"},"content":{"rendered":"<p data-start=\"806\" data-end=\"1131\">La <strong data-start=\"809\" data-end=\"841\">Pilona Autom\u00e1tica Impact 220<\/strong> combina dise\u00f1o, robustez y tecnolog\u00eda avanzada para ofrecer una soluci\u00f3n de control de accesos eficiente y elegante. Con un di\u00e1metro de \u00d8220 mm y una altura de 500 mm, es ideal para proteger entradas de comercios, joyer\u00edas, comunidades de vecinos, naves industriales o parkings privados.<\/p>\n<p data-start=\"1133\" data-end=\"1487\">El modelo Impact 220 se entrega con <strong data-start=\"1169\" data-end=\"1199\">2 mandos de control remoto<\/strong>, y cuenta con la opci\u00f3n de a\u00f1adir <strong data-start=\"1234\" data-end=\"1264\">control v\u00eda tel\u00e9fono m\u00f3vil (se tiene que comunicar con antelacion)<\/strong>, lo que permite una gesti\u00f3n m\u00e1s vers\u00e1til y c\u00f3moda para los usuarios. Adem\u00e1s, se ofrece la posibilidad de adquirir el modelo <strong data-start=\"1389\" data-end=\"1405\">fijo a juego<\/strong>, perfecto para completar la est\u00e9tica de escaparates o zonas de paso permanente.<\/p>\n<p data-start=\"1489\" data-end=\"1894\">Fabricada con cuerpo de acero de <strong data-start=\"1522\" data-end=\"1541\">4 mm de espesor<\/strong> y lacada al horno, la pilona Impact 220 garantiza una alta resistencia a la intemperie y a la corrosi\u00f3n. La <strong data-start=\"1650\" data-end=\"1685\">caja protectora (caj\u00f3n perdido)<\/strong> en acero inoxidable de <strong data-start=\"1709\" data-end=\"1717\">2 mm<\/strong> asegura una instalaci\u00f3n s\u00f3lida y profesional. El acabado se puede personalizar en diferentes colores con lacado de calidad profesional, eligiendo entre los tonos disponibles.<\/p>\n<p data-start=\"1896\" data-end=\"2147\">Su rendimiento operativo es excelente: <strong data-start=\"1935\" data-end=\"1985\">tiempo de subida de aproximadamente 8 segundos<\/strong> y <strong data-start=\"1988\" data-end=\"2012\">bajada en 7 segundos<\/strong>. De serie, la pilona incorpora una <strong data-start=\"2048\" data-end=\"2080\">corona de LEDs en color rojo<\/strong>, con la opci\u00f3n de personalizarla en azul si el cliente lo desea.<\/p>\n<p data-start=\"2149\" data-end=\"2417\">Gracias a su cuidada fabricaci\u00f3n, alto nivel de personalizaci\u00f3n y un precio muy competitivo frente a otras opciones del mercado, la pilona autom\u00e1tica <strong data-start=\"2299\" data-end=\"2313\">Impact 220<\/strong> es la soluci\u00f3n ideal para quienes buscan control de accesos, seguridad y est\u00e9tica en un mismo producto.<\/p>","protected":false},"excerpt":{"rendered":"<p>Pilona autom\u00e1tica Impact 220 de \u00d8220mm y altura 500mm. Incluye 2 mandos, opci\u00f3nal , control por m\u00f3vil y corona de LEDs. Personalizable en color, lacado al horno. Ideal para comercios, joyer\u00edas, comunidades y parkings. Alta calidad y precio competitivo.<\/p>","protected":false},"featured_media":9687,"comment_status":"closed","ping_status":"closed","template":"","meta":[],"product_brand":[],"product_cat":[39],"product_tag":[],"woo-feed-brand":[],"class_list":{"0":"post-9686","1":"product","2":"type-product","3":"status-publish","4":"has-post-thumbnail","6":"product_cat-pilonas-automaticas","8":"first","9":"instock","10":"taxable","11":"shipping-taxable","12":"purchasable","13":"product-type-simple"},"aioseo_notices":[],"jetpack_sharing_enabled":true,"_links":{"self":[{"href":"https:\/\/pilonatic.fr\/fr\/wp-json\/wp\/v2\/product\/9686","targetHints":{"allow":["GET"]}}],"collection":[{"href":"https:\/\/pilonatic.fr\/fr\/wp-json\/wp\/v2\/product"}],"about":[{"href":"https:\/\/pilonatic.fr\/fr\/wp-json\/wp\/v2\/types\/product"}],"replies":[{"embeddable":true,"href":"https:\/\/pilonatic.fr\/fr\/wp-json\/wp\/v2\/comments?post=9686"}],"wp:featuredmedia":[{"embeddable":true,"href":"https:\/\/pilonatic.fr\/fr\/wp-json\/wp\/v2\/media\/9687"}],"wp:attachment":[{"href":"https:\/\/pilonatic.fr\/fr\/wp-json\/wp\/v2\/media?parent=9686"}],"wp:term":[{"taxonomy":"product_brand","embeddable":true,"href":"https:\/\/pilonatic.fr\/fr\/wp-json\/wp\/v2\/product_brand?post=9686"},{"taxonomy":"product_cat","embeddable":true,"href":"https:\/\/pilonatic.fr\/fr\/wp-json\/wp\/v2\/product_cat?post=9686"},{"taxonomy":"product_tag","embeddable":true,"href":"https:\/\/pilonatic.fr\/fr\/wp-json\/wp\/v2\/product_tag?post=9686"},{"taxonomy":"woo-feed-brand","embeddable":true,"href":"https:\/\/pilonatic.fr\/fr\/wp-json\/wp\/v2\/woo-feed-brand?post=9686"}],"curies":[{"name":"wp","href":"https:\/\/api.w.org\/{rel}","templated":true}]}}