{"id":959,"date":"2018-06-17T01:50:35","date_gmt":"2018-06-16T23:50:35","guid":{"rendered":"http:\/\/pilonatic.fr\/product\/maypole-fold-down-heavy-duty-security-parking-post-with-padlock-driveway-bollard-2\/"},"modified":"2022-10-11T11:55:15","modified_gmt":"2022-10-11T09:55:15","slug":"maypole-fold-down-heavy-duty-security-parking-post-with-padlock-driveway-bollard-2","status":"publish","type":"product","link":"https:\/\/pilonatic.fr\/fr\/fr\/produit\/maypole-fold-down-heavy-duty-security-parking-post-with-padlock-driveway-bollard-2\/","title":{"rendered":"Pilona  abatible modelo YEL"},"content":{"rendered":"<p>&nbsp;<\/p>\n<p>Descripci\u00f3n<br \/>\nPoste de seguridad plegable (tipo perno)<br \/>\nDisuasivo muy visible<br \/>\nConstrucci\u00f3n de acero<br \/>\nBase de fundici\u00f3n s\u00f3lida<br \/>\nProvisto de pernos de fijaci\u00f3n de alta seguridad<br \/>\nBloquea de forma eficaz las entradas de veh\u00edculos, cocheras y garajes<br \/>\nSe pliega hasta el suelo para facilitar el acceso<br \/>\nDise\u00f1ado para la seguridad de autom\u00f3viles, remolques, autocaravanas y caravanas<br \/>\nIdeal para uso privado y comercial.<br \/>\nCandado de acero inoxidable provisto de 2 llaves<br \/>\n4 x tornillos M10 HT, cabeza hexagonal avellanada incluida<\/p>\n<p>&nbsp;<\/p>","protected":false},"excerpt":{"rendered":"<p>&nbsp; Descripci\u00f3n Poste de seguridad plegable (tipo perno) Disuasivo muy visible Construcci\u00f3n de acero Base de fundici\u00f3n s\u00f3lida Provisto de pernos de fijaci\u00f3n de alta seguridad Bloquea de forma eficaz las entradas de veh\u00edculos, cocheras y garajes Se pliega hasta el suelo para facilitar el acceso Dise\u00f1ado para la seguridad de autom\u00f3viles, remolques, autocaravanas y [&hellip;]<\/p>\n","protected":false},"featured_media":955,"comment_status":"closed","ping_status":"closed","template":"","meta":[],"product_brand":[],"product_cat":[104],"product_tag":[],"woo-feed-brand":[],"class_list":{"0":"post-959","1":"product","2":"type-product","3":"status-publish","4":"has-post-thumbnail","6":"product_cat-pilonas-bolardos-abatibles","7":"product_shipping_class-envio-por-agencia","9":"first","10":"instock","11":"taxable","12":"shipping-taxable","13":"purchasable","14":"product-type-simple"},"aioseo_notices":[],"jetpack_sharing_enabled":true,"_links":{"self":[{"href":"https:\/\/pilonatic.fr\/fr\/wp-json\/wp\/v2\/product\/959","targetHints":{"allow":["GET"]}}],"collection":[{"href":"https:\/\/pilonatic.fr\/fr\/wp-json\/wp\/v2\/product"}],"about":[{"href":"https:\/\/pilonatic.fr\/fr\/wp-json\/wp\/v2\/types\/product"}],"replies":[{"embeddable":true,"href":"https:\/\/pilonatic.fr\/fr\/wp-json\/wp\/v2\/comments?post=959"}],"wp:featuredmedia":[{"embeddable":true,"href":"https:\/\/pilonatic.fr\/fr\/wp-json\/wp\/v2\/media\/955"}],"wp:attachment":[{"href":"https:\/\/pilonatic.fr\/fr\/wp-json\/wp\/v2\/media?parent=959"}],"wp:term":[{"taxonomy":"product_brand","embeddable":true,"href":"https:\/\/pilonatic.fr\/fr\/wp-json\/wp\/v2\/product_brand?post=959"},{"taxonomy":"product_cat","embeddable":true,"href":"https:\/\/pilonatic.fr\/fr\/wp-json\/wp\/v2\/product_cat?post=959"},{"taxonomy":"product_tag","embeddable":true,"href":"https:\/\/pilonatic.fr\/fr\/wp-json\/wp\/v2\/product_tag?post=959"},{"taxonomy":"woo-feed-brand","embeddable":true,"href":"https:\/\/pilonatic.fr\/fr\/wp-json\/wp\/v2\/woo-feed-brand?post=959"}],"curies":[{"name":"wp","href":"https:\/\/api.w.org\/{rel}","templated":true}]}}