{"id":8430,"date":"2023-03-17T11:40:20","date_gmt":"2023-03-17T10:40:20","guid":{"rendered":"https:\/\/pilonatic.fr\/?post_type=product&#038;p=8430"},"modified":"2023-03-17T11:41:00","modified_gmt":"2023-03-17T10:41:00","slug":"pilonas-telescopica-de-seguridad-modelo-srt","status":"publish","type":"product","link":"https:\/\/pilonatic.fr\/fr\/fr\/produit\/pilonas-telescopica-de-seguridad-modelo-srt\/","title":{"rendered":"Pilonas Telesc\u00f3pica de seguridad modelo SRT"},"content":{"rendered":"<p>El puesto de seguridad SRT es un elemento antirrobo de veh\u00edculos, telesc\u00f3pico de alta resistencia para propiedades residenciales o comerciales. Hormigonado en el suelo ofrece una fant\u00e1stica protecci\u00f3n o control de acceso.<\/p>\n<p>La pilona es de de 100 mm x 100 mm que se hormigona en el suelo 850 mm requerir\u00eda una enorme cantidad de fuerza para pasar algo por este poste.<\/p>\n<p>Esta pilona modelo SRT se asienta en un chasis de acero debajo del suelo cuando no est\u00e1 en uso, quedando al ras con la placa superior para que no pueda da\u00f1ar su veh\u00edculo o da\u00f1arse a s\u00ed mismo.<\/p>\n<p>&nbsp;<\/p>\n<p>Un poste de seguridad totalmente telesc\u00f3pico se asienta al ras del suelo cuando no est\u00e1 en uso.<br \/>\nProfundidad del orificio requerida para el bolardo: es de 850 mm por debajo del suelo.<br \/>\nSe encuentra a 530 mm (alrededor de la altura del parachoques) sobre el suelo cuando est\u00e1 montado.<br \/>\nBarra de bloqueo interna para mayor seguridad.<br \/>\nMango retr\u00e1ctil.<br \/>\nAcabado cincado para mayor resistencia a la corrosi\u00f3n.<br \/>\nEl chasis fabricado de tubo estructural\u00a0 de diametro 150\u00a0 x 5 mm.<br \/>\nSe puede codificar por igual para varias publicaciones.<br \/>\nSimplemente tire del poste con la mano para bloquearlo en posici\u00f3n vertical.<\/p>","protected":false},"excerpt":{"rendered":"<p>Pilona telecopica manual de seguridad anti aluzinaje ideal para puertas ,garajes y escaparates de tiendas.<\/p>","protected":false},"featured_media":8431,"comment_status":"closed","ping_status":"closed","template":"","meta":[],"product_brand":[],"product_cat":[38],"product_tag":[],"woo-feed-brand":[],"class_list":{"0":"post-8430","1":"product","2":"type-product","3":"status-publish","4":"has-post-thumbnail","6":"product_cat-pilonas-escamoteables-semi-automatica","8":"first","9":"instock","10":"taxable","11":"shipping-taxable","12":"purchasable","13":"product-type-simple"},"aioseo_notices":[],"jetpack_sharing_enabled":true,"_links":{"self":[{"href":"https:\/\/pilonatic.fr\/fr\/wp-json\/wp\/v2\/product\/8430","targetHints":{"allow":["GET"]}}],"collection":[{"href":"https:\/\/pilonatic.fr\/fr\/wp-json\/wp\/v2\/product"}],"about":[{"href":"https:\/\/pilonatic.fr\/fr\/wp-json\/wp\/v2\/types\/product"}],"replies":[{"embeddable":true,"href":"https:\/\/pilonatic.fr\/fr\/wp-json\/wp\/v2\/comments?post=8430"}],"wp:featuredmedia":[{"embeddable":true,"href":"https:\/\/pilonatic.fr\/fr\/wp-json\/wp\/v2\/media\/8431"}],"wp:attachment":[{"href":"https:\/\/pilonatic.fr\/fr\/wp-json\/wp\/v2\/media?parent=8430"}],"wp:term":[{"taxonomy":"product_brand","embeddable":true,"href":"https:\/\/pilonatic.fr\/fr\/wp-json\/wp\/v2\/product_brand?post=8430"},{"taxonomy":"product_cat","embeddable":true,"href":"https:\/\/pilonatic.fr\/fr\/wp-json\/wp\/v2\/product_cat?post=8430"},{"taxonomy":"product_tag","embeddable":true,"href":"https:\/\/pilonatic.fr\/fr\/wp-json\/wp\/v2\/product_tag?post=8430"},{"taxonomy":"woo-feed-brand","embeddable":true,"href":"https:\/\/pilonatic.fr\/fr\/wp-json\/wp\/v2\/woo-feed-brand?post=8430"}],"curies":[{"name":"wp","href":"https:\/\/api.w.org\/{rel}","templated":true}]}}