{"id":8381,"date":"2023-03-09T12:42:25","date_gmt":"2023-03-09T11:42:25","guid":{"rendered":"https:\/\/pilonatic.fr\/?post_type=product&#038;p=8381"},"modified":"2023-03-09T12:42:25","modified_gmt":"2023-03-09T11:42:25","slug":"mando-para-puerta-de-garaje-vds-eco-r-433-mhz-5-canales-y-codigo-evolutivo-rolling-code","status":"publish","type":"product","link":"https:\/\/pilonatic.fr\/fr\/fr\/produit\/mando-para-puerta-de-garaje-vds-eco-r-433-mhz-5-canales-y-codigo-evolutivo-rolling-code\/","title":{"rendered":"Mando para puerta de garaje VDS ECO-R 433 MHz. 5 canales y c\u00f3digo evolutivo (Rolling Code)"},"content":{"rendered":"<p>Para cualquier cuesti\u00f3n no dude en contactar con nuestro soporte t\u00e9cnico.<\/p>\n<p>Manual de instrucciones<\/p>\n<p><a href=\"https:\/\/pilonatic.fr\/wp-content\/uploads\/2023\/03\/MANUAL-ECO-R5CE.pdf\">MANUAL-ECO-R5+CE<\/a><\/p>","protected":false},"excerpt":{"rendered":"<p>Mando para puertas de garaje original de la Marca VDS. Valido exclusivamente para automatismos de la marca VDS.<\/p>","protected":false},"featured_media":8386,"comment_status":"closed","ping_status":"closed","template":"","meta":[],"product_brand":[],"product_cat":[205],"product_tag":[],"woo-feed-brand":[],"class_list":{"0":"post-8381","1":"product","2":"type-product","3":"status-publish","4":"has-post-thumbnail","6":"product_cat-ferreteria-industrial","8":"first","9":"instock","10":"sale","11":"taxable","12":"shipping-taxable","13":"purchasable","14":"product-type-simple"},"aioseo_notices":[],"jetpack_sharing_enabled":true,"_links":{"self":[{"href":"https:\/\/pilonatic.fr\/fr\/wp-json\/wp\/v2\/product\/8381","targetHints":{"allow":["GET"]}}],"collection":[{"href":"https:\/\/pilonatic.fr\/fr\/wp-json\/wp\/v2\/product"}],"about":[{"href":"https:\/\/pilonatic.fr\/fr\/wp-json\/wp\/v2\/types\/product"}],"replies":[{"embeddable":true,"href":"https:\/\/pilonatic.fr\/fr\/wp-json\/wp\/v2\/comments?post=8381"}],"wp:featuredmedia":[{"embeddable":true,"href":"https:\/\/pilonatic.fr\/fr\/wp-json\/wp\/v2\/media\/8386"}],"wp:attachment":[{"href":"https:\/\/pilonatic.fr\/fr\/wp-json\/wp\/v2\/media?parent=8381"}],"wp:term":[{"taxonomy":"product_brand","embeddable":true,"href":"https:\/\/pilonatic.fr\/fr\/wp-json\/wp\/v2\/product_brand?post=8381"},{"taxonomy":"product_cat","embeddable":true,"href":"https:\/\/pilonatic.fr\/fr\/wp-json\/wp\/v2\/product_cat?post=8381"},{"taxonomy":"product_tag","embeddable":true,"href":"https:\/\/pilonatic.fr\/fr\/wp-json\/wp\/v2\/product_tag?post=8381"},{"taxonomy":"woo-feed-brand","embeddable":true,"href":"https:\/\/pilonatic.fr\/fr\/wp-json\/wp\/v2\/woo-feed-brand?post=8381"}],"curies":[{"name":"wp","href":"https:\/\/api.w.org\/{rel}","templated":true}]}}