{"id":8282,"date":"2023-01-03T19:53:00","date_gmt":"2023-01-03T18:53:00","guid":{"rendered":"https:\/\/pilonatic.fr\/?post_type=product&#038;p=8282"},"modified":"2025-01-30T10:52:49","modified_gmt":"2025-01-30T09:52:49","slug":"vallado-cerramiento-residencial-o-cubre-muros-modelo-bandex","status":"publish","type":"product","link":"https:\/\/pilonatic.fr\/fr\/fr\/produit\/vallado-cerramiento-residencial-o-cubre-muros-modelo-bandex\/","title":{"rendered":"Vallado cerramiento  residencial o cubre muros modelo Bandex"},"content":{"rendered":"<p>Vallas r\u00edgidas elaboradas a medida que se suministran con\u00a0 postes met\u00e1licos\u00a0 recibidos en el suelo o con pletinas para atornillar en los laterales directamente con tornillos pueden elegir cualquier opci\u00f3n.<\/p>\n<p>Una vez realizado el pedido le enviaremos los planos para confirmar detalles como medidas y apertura (podr\u00e1n pedir cualquier modificaci\u00f3n),una vez confirmado <b>nos ponemos a fabricarla<\/b> y en 15 d\u00edas laborables la tendr\u00e1s en tu casa.<\/p>","protected":false},"excerpt":{"rendered":"<p>Vallas r\u00edgidas elaboradas a medida pueden pedir las al mil\u00edmetro seg\u00fan necesidad.Hechas de chapa galvanizada .<\/p>","protected":false},"featured_media":8283,"comment_status":"closed","ping_status":"closed","template":"","meta":[],"product_brand":[],"product_cat":[227],"product_tag":[],"woo-feed-brand":[],"class_list":{"0":"post-8282","1":"product","2":"type-product","3":"status-publish","4":"has-post-thumbnail","6":"product_cat-vallado-residencial","7":"product_shipping_class-envio-por-agencia","9":"first","10":"instock","11":"sale","12":"taxable","13":"shipping-taxable","14":"purchasable","15":"product-type-simple"},"aioseo_notices":[],"jetpack_sharing_enabled":true,"_links":{"self":[{"href":"https:\/\/pilonatic.fr\/fr\/wp-json\/wp\/v2\/product\/8282","targetHints":{"allow":["GET"]}}],"collection":[{"href":"https:\/\/pilonatic.fr\/fr\/wp-json\/wp\/v2\/product"}],"about":[{"href":"https:\/\/pilonatic.fr\/fr\/wp-json\/wp\/v2\/types\/product"}],"replies":[{"embeddable":true,"href":"https:\/\/pilonatic.fr\/fr\/wp-json\/wp\/v2\/comments?post=8282"}],"wp:featuredmedia":[{"embeddable":true,"href":"https:\/\/pilonatic.fr\/fr\/wp-json\/wp\/v2\/media\/8283"}],"wp:attachment":[{"href":"https:\/\/pilonatic.fr\/fr\/wp-json\/wp\/v2\/media?parent=8282"}],"wp:term":[{"taxonomy":"product_brand","embeddable":true,"href":"https:\/\/pilonatic.fr\/fr\/wp-json\/wp\/v2\/product_brand?post=8282"},{"taxonomy":"product_cat","embeddable":true,"href":"https:\/\/pilonatic.fr\/fr\/wp-json\/wp\/v2\/product_cat?post=8282"},{"taxonomy":"product_tag","embeddable":true,"href":"https:\/\/pilonatic.fr\/fr\/wp-json\/wp\/v2\/product_tag?post=8282"},{"taxonomy":"woo-feed-brand","embeddable":true,"href":"https:\/\/pilonatic.fr\/fr\/wp-json\/wp\/v2\/woo-feed-brand?post=8282"}],"curies":[{"name":"wp","href":"https:\/\/api.w.org\/{rel}","templated":true}]}}