{"id":8248,"date":"2022-12-12T17:32:23","date_gmt":"2022-12-12T16:32:23","guid":{"rendered":"https:\/\/pilonatic.fr\/?post_type=product&#038;p=8248"},"modified":"2024-11-06T11:47:27","modified_gmt":"2024-11-06T10:47:27","slug":"kit-de-motor-para-puerta-corredera-vds-400k","status":"publish","type":"product","link":"https:\/\/pilonatic.fr\/fr\/fr\/produit\/kit-de-motor-para-puerta-corredera-vds-400k\/","title":{"rendered":"Kit de motor para puerta corredera VDS 400K"},"content":{"rendered":"<h3>Contenido del Kit:<\/h3>\n<ul>\n<li>Motor VDS GEKO 400KG | 230VAC (400 Kg)<\/li>\n<li>Cuadro \/ Placa de control incorporada en el motor.<\/li>\n<li>2x Finales de carrera<\/li>\n<li>2x llaves de desbloqueo<\/li>\n<li>4x metros de cremallera de Nylon con acero en el interior<\/li>\n<li>Set de fotoc\u00e9lulas de seguridad Emisor\/Receptor.<\/li>\n<li>1x Base de fijaci\u00f3n para motor.<\/li>\n<li>Manual de instalaci\u00f3n<\/li>\n<\/ul>\n<h3>Caracter\u00edsticas:<\/h3>\n<ul>\n<li>Motor reductor electromec\u00e1nico.<\/li>\n<li>Desbloqueo con llave personalizada.<\/li>\n<li>Piezas mec\u00e1nicas lubricadas con grasa de litio contra corrosi\u00f3n y \u00f3xido.<\/li>\n<li>Estructura de aluminio inyectado.<\/li>\n<li>Funcionamiento silencioso.<\/li>\n<li>Motor el\u00e9ctrico optimo para uso dom\u00e9stico.<\/li>\n<li>Dispositivo anti aplastamiento (EN 12453) y ralentizaci\u00f3n de velocidad (EN 12453)<\/li>\n<li>Finales de carrera mec\u00e1nicos<\/li>\n<li>Cuadro de control VDS EURO 230 M1 alojado en el interior en <strong>compartimento con sellado Aerstop contra insectos y humedad.<\/strong><\/li>\n<li>Para puertas correderas de hasta 400 KG<\/li>\n<li>Alimentaci\u00f3n 230V<\/li>\n<\/ul>\n<p>Motor dise\u00f1ado para uso domestico buena opci\u00f3n por su reducido tama\u00f1o y su f\u00e1cil montaje en puertas de corredera. \u00d3ptimo para uso de garajes privados.<\/p>\n<p>Con nuestro kit VDS GEKO para puertas correderas podr\u00e1 automatizar de una manera f\u00e1cil y sencilla. Su reducido tama\u00f1o nos permite su instalaci\u00f3n entre columnas y en situaciones complicadas.<\/p>\n<h3>Rendimiento:<\/h3>\n<ul>\n<li><strong>USO<\/strong>: Semi intensivo &#8211; residencial<\/li>\n<li><strong>FRECUENCIA DE USO:<\/strong>\u00a050%<\/li>\n<li><strong>VELOCIDAD:<\/strong>\u00a010 MT\/MIN<\/li>\n<\/ul>\n<p><a href=\"https:\/\/pilonatic.fr\/wp-content\/uploads\/2022\/12\/MANUAL-FOTOCELULA-EMISOR-RECEPTOR-50MTCE-1.pdf\">MANUAL-FOTOCELULA-EMISOR-RECEPTOR-50MT+CE<\/a><\/p>","protected":false},"excerpt":{"rendered":"<p>Motor corredera VDS GEKO capacidad 400 Kg.+ placa de control 230v m1mini + base + rx+foto celulas+4 x crema llera nylon de 1metro<\/p>","protected":false},"featured_media":8250,"comment_status":"closed","ping_status":"closed","template":"","meta":[],"product_brand":[],"product_cat":[205],"product_tag":[],"woo-feed-brand":[],"class_list":{"0":"post-8248","1":"product","2":"type-product","3":"status-publish","4":"has-post-thumbnail","6":"product_cat-ferreteria-industrial","8":"first","9":"instock","10":"sale","11":"taxable","12":"shipping-taxable","13":"purchasable","14":"product-type-simple"},"aioseo_notices":[],"jetpack_sharing_enabled":false,"_links":{"self":[{"href":"https:\/\/pilonatic.fr\/fr\/wp-json\/wp\/v2\/product\/8248","targetHints":{"allow":["GET"]}}],"collection":[{"href":"https:\/\/pilonatic.fr\/fr\/wp-json\/wp\/v2\/product"}],"about":[{"href":"https:\/\/pilonatic.fr\/fr\/wp-json\/wp\/v2\/types\/product"}],"replies":[{"embeddable":true,"href":"https:\/\/pilonatic.fr\/fr\/wp-json\/wp\/v2\/comments?post=8248"}],"wp:featuredmedia":[{"embeddable":true,"href":"https:\/\/pilonatic.fr\/fr\/wp-json\/wp\/v2\/media\/8250"}],"wp:attachment":[{"href":"https:\/\/pilonatic.fr\/fr\/wp-json\/wp\/v2\/media?parent=8248"}],"wp:term":[{"taxonomy":"product_brand","embeddable":true,"href":"https:\/\/pilonatic.fr\/fr\/wp-json\/wp\/v2\/product_brand?post=8248"},{"taxonomy":"product_cat","embeddable":true,"href":"https:\/\/pilonatic.fr\/fr\/wp-json\/wp\/v2\/product_cat?post=8248"},{"taxonomy":"product_tag","embeddable":true,"href":"https:\/\/pilonatic.fr\/fr\/wp-json\/wp\/v2\/product_tag?post=8248"},{"taxonomy":"woo-feed-brand","embeddable":true,"href":"https:\/\/pilonatic.fr\/fr\/wp-json\/wp\/v2\/woo-feed-brand?post=8248"}],"curies":[{"name":"wp","href":"https:\/\/api.w.org\/{rel}","templated":true}]}}