{"id":8244,"date":"2022-12-12T10:45:04","date_gmt":"2022-12-12T09:45:04","guid":{"rendered":"https:\/\/pilonatic.fr\/?post_type=product&#038;p=8244"},"modified":"2024-01-09T19:01:01","modified_gmt":"2024-01-09T18:01:01","slug":"cremallera-de-nylon-con-barra-de-acero-interior-para-puerta-corredera-1-metro","status":"publish","type":"product","link":"https:\/\/pilonatic.fr\/fr\/fr\/produit\/cremallera-de-nylon-con-barra-de-acero-interior-para-puerta-corredera-1-metro\/","title":{"rendered":"Cremallera de Nylon con barra de acero interior para puerta corredera (1 metro)"},"content":{"rendered":"<p>Interior de acero 1cm x 1cm. Es m\u00e1s silenciosa que la de hierro y m\u00e1s f\u00e1cil de instalar, ya que no precisa de soldaduras, se atornilla directamente a la puerta.<br \/>\nCompatible con la mayor\u00eda marcas del mercado ya que el 99% utilizan el mismo paso de cremallera.<\/p>","protected":false},"excerpt":{"rendered":"<p><strong>Cremallera de Nylon<\/strong> CRM2 <strong>para puerta corredera<\/strong> (1 metro) para puertas autom\u00e1ticas de corredera de hasta 800k.<\/p>","protected":false},"featured_media":8246,"comment_status":"closed","ping_status":"closed","template":"","meta":[],"product_brand":[],"product_cat":[205],"product_tag":[],"woo-feed-brand":[],"class_list":{"0":"post-8244","1":"product","2":"type-product","3":"status-publish","4":"has-post-thumbnail","6":"product_cat-ferreteria-industrial","8":"first","9":"instock","10":"taxable","11":"shipping-taxable","12":"purchasable","13":"product-type-simple"},"aioseo_notices":[],"jetpack_sharing_enabled":true,"_links":{"self":[{"href":"https:\/\/pilonatic.fr\/fr\/wp-json\/wp\/v2\/product\/8244","targetHints":{"allow":["GET"]}}],"collection":[{"href":"https:\/\/pilonatic.fr\/fr\/wp-json\/wp\/v2\/product"}],"about":[{"href":"https:\/\/pilonatic.fr\/fr\/wp-json\/wp\/v2\/types\/product"}],"replies":[{"embeddable":true,"href":"https:\/\/pilonatic.fr\/fr\/wp-json\/wp\/v2\/comments?post=8244"}],"wp:featuredmedia":[{"embeddable":true,"href":"https:\/\/pilonatic.fr\/fr\/wp-json\/wp\/v2\/media\/8246"}],"wp:attachment":[{"href":"https:\/\/pilonatic.fr\/fr\/wp-json\/wp\/v2\/media?parent=8244"}],"wp:term":[{"taxonomy":"product_brand","embeddable":true,"href":"https:\/\/pilonatic.fr\/fr\/wp-json\/wp\/v2\/product_brand?post=8244"},{"taxonomy":"product_cat","embeddable":true,"href":"https:\/\/pilonatic.fr\/fr\/wp-json\/wp\/v2\/product_cat?post=8244"},{"taxonomy":"product_tag","embeddable":true,"href":"https:\/\/pilonatic.fr\/fr\/wp-json\/wp\/v2\/product_tag?post=8244"},{"taxonomy":"woo-feed-brand","embeddable":true,"href":"https:\/\/pilonatic.fr\/fr\/wp-json\/wp\/v2\/woo-feed-brand?post=8244"}],"curies":[{"name":"wp","href":"https:\/\/api.w.org\/{rel}","templated":true}]}}