{"id":7853,"date":"2022-04-21T09:01:46","date_gmt":"2022-04-21T07:01:46","guid":{"rendered":"https:\/\/pilonatic.fr\/?post_type=product&#038;p=7853"},"modified":"2025-05-13T15:36:48","modified_gmt":"2025-05-13T13:36:48","slug":"pilona-automatica-bolardo-automatico-modelo-mole-kit-completo","status":"publish","type":"product","link":"https:\/\/pilonatic.fr\/fr\/fr\/produit\/pilona-automatica-bolardo-automatico-modelo-mole-kit-completo\/","title":{"rendered":"Pilona autom\u00e1tica modelo Mole kit completo"},"content":{"rendered":"<ul>\n<li>Fuente de alimentaci\u00f3n de motores: 230 Vac<\/li>\n<li>Potencia motor: 250 W<\/li>\n<li>RPM: 1400<\/li>\n<li>Condensador: 8 \u03bcF<\/li>\n<li>Temperatura de trabajo: -20 \u00b0 C \/ + 55 \u00b0 C<\/li>\n<li>Fuente de alimentaci\u00f3n led: 24 Vac<\/li>\n<li>Grado de protecci\u00f3n: IP66<\/li>\n<li>Tiempo de apertura o cierre: 7 seg.<\/li>\n<li>Bolardo carrera: 450 mm<\/li>\n<li>Entrada de corriente del motor 1 A<\/li>\n<li>Peso tubo de base: 35 Kg<\/li>\n<li>Bolardo de peso interno: 45 Kg<\/li>\n<\/ul>","protected":false},"excerpt":{"rendered":"<p>Pilona autom\u00e1tica\u00a0 \/ Bolardo autom\u00e1tico modelo MOLE INOX 230V ELECTROMEC\u00c1NICO + Caj\u00f3n galvanizado + led + desbloqueo + placa de <span class=\"s1\">control <\/span>EURO 23O M1 + CAJA.<\/p>","protected":false},"featured_media":7855,"comment_status":"closed","ping_status":"closed","template":"","meta":[],"product_brand":[],"product_cat":[39],"product_tag":[],"woo-feed-brand":[],"class_list":{"0":"post-7853","1":"product","2":"type-product","3":"status-publish","4":"has-post-thumbnail","6":"product_cat-pilonas-automaticas","8":"first","9":"instock","10":"sale","11":"taxable","12":"shipping-taxable","13":"purchasable","14":"product-type-simple"},"aioseo_notices":[],"jetpack_sharing_enabled":true,"_links":{"self":[{"href":"https:\/\/pilonatic.fr\/fr\/wp-json\/wp\/v2\/product\/7853","targetHints":{"allow":["GET"]}}],"collection":[{"href":"https:\/\/pilonatic.fr\/fr\/wp-json\/wp\/v2\/product"}],"about":[{"href":"https:\/\/pilonatic.fr\/fr\/wp-json\/wp\/v2\/types\/product"}],"replies":[{"embeddable":true,"href":"https:\/\/pilonatic.fr\/fr\/wp-json\/wp\/v2\/comments?post=7853"}],"wp:featuredmedia":[{"embeddable":true,"href":"https:\/\/pilonatic.fr\/fr\/wp-json\/wp\/v2\/media\/7855"}],"wp:attachment":[{"href":"https:\/\/pilonatic.fr\/fr\/wp-json\/wp\/v2\/media?parent=7853"}],"wp:term":[{"taxonomy":"product_brand","embeddable":true,"href":"https:\/\/pilonatic.fr\/fr\/wp-json\/wp\/v2\/product_brand?post=7853"},{"taxonomy":"product_cat","embeddable":true,"href":"https:\/\/pilonatic.fr\/fr\/wp-json\/wp\/v2\/product_cat?post=7853"},{"taxonomy":"product_tag","embeddable":true,"href":"https:\/\/pilonatic.fr\/fr\/wp-json\/wp\/v2\/product_tag?post=7853"},{"taxonomy":"woo-feed-brand","embeddable":true,"href":"https:\/\/pilonatic.fr\/fr\/wp-json\/wp\/v2\/woo-feed-brand?post=7853"}],"curies":[{"name":"wp","href":"https:\/\/api.w.org\/{rel}","templated":true}]}}