{"id":771,"date":"2018-06-17T01:29:29","date_gmt":"2018-06-16T23:29:29","guid":{"rendered":"http:\/\/pilonatic.fr\/product\/removable-security-post-parking-driveway-cement-in-bollard-with-padlock-lock\/"},"modified":"2022-05-05T09:31:21","modified_gmt":"2022-05-05T07:31:21","slug":"removable-security-post-parking-driveway-cement-in-bollard-with-padlock-lock","status":"publish","type":"product","link":"https:\/\/pilonatic.fr\/fr\/fr\/produit\/removable-security-post-parking-driveway-cement-in-bollard-with-padlock-lock\/","title":{"rendered":"Pilona extraible con candado modelo Padlock"},"content":{"rendered":"<pre id=\"tw-target-text\" class=\"tw-data-text tw-text-large XcVN5d tw-ta\" dir=\"ltr\" data-placeholder=\"Traducci\u00f3n\"><span class=\"Y2IQFc\" lang=\"es\">Poste de seguridad extra\u00edble (Conjunto en tipo de hormig\u00f3n)\r\n- Poste de acero tubular de alta resistencia\r\n- F\u00e1cil extracci\u00f3n cuando no est\u00e1 en uso\r\n\r\n- Al retirar el poste, la cubierta con bisagras encaja al ras del suelo\r\n- Dise\u00f1ado para hormigonar la base en el suelo\r\n- R\u00e1pido y f\u00e1cil de instalar\r\n- Cerradura proporcionada\r\n- Disuasivo muy visible\r\n- Ideal para calzadas<\/span><\/pre>","protected":false},"excerpt":{"rendered":"<p>Poste de seguridad extra\u00edble (Conjunto en tipo de hormig\u00f3n) &#8211; Poste de acero tubular de alta resistencia &#8211; F\u00e1cil extracci\u00f3n cuando no est\u00e1 en uso &#8211; Al retirar el poste, la cubierta con bisagras encaja al ras del suelo &#8211; Dise\u00f1ado para hormigonar la base en el suelo &#8211; R\u00e1pido y f\u00e1cil de instalar &#8211; [&hellip;]<\/p>\n","protected":false},"featured_media":769,"comment_status":"closed","ping_status":"closed","template":"","meta":[],"product_brand":[],"product_cat":[27],"product_tag":[],"woo-feed-brand":[],"class_list":{"0":"post-771","1":"product","2":"type-product","3":"status-publish","4":"has-post-thumbnail","6":"product_cat-pilonas-extraibles-moviles","7":"product_shipping_class-envio-por-agencia","9":"first","10":"instock","11":"taxable","12":"shipping-taxable","13":"purchasable","14":"product-type-simple"},"aioseo_notices":[],"jetpack_sharing_enabled":true,"_links":{"self":[{"href":"https:\/\/pilonatic.fr\/fr\/wp-json\/wp\/v2\/product\/771","targetHints":{"allow":["GET"]}}],"collection":[{"href":"https:\/\/pilonatic.fr\/fr\/wp-json\/wp\/v2\/product"}],"about":[{"href":"https:\/\/pilonatic.fr\/fr\/wp-json\/wp\/v2\/types\/product"}],"replies":[{"embeddable":true,"href":"https:\/\/pilonatic.fr\/fr\/wp-json\/wp\/v2\/comments?post=771"}],"wp:featuredmedia":[{"embeddable":true,"href":"https:\/\/pilonatic.fr\/fr\/wp-json\/wp\/v2\/media\/769"}],"wp:attachment":[{"href":"https:\/\/pilonatic.fr\/fr\/wp-json\/wp\/v2\/media?parent=771"}],"wp:term":[{"taxonomy":"product_brand","embeddable":true,"href":"https:\/\/pilonatic.fr\/fr\/wp-json\/wp\/v2\/product_brand?post=771"},{"taxonomy":"product_cat","embeddable":true,"href":"https:\/\/pilonatic.fr\/fr\/wp-json\/wp\/v2\/product_cat?post=771"},{"taxonomy":"product_tag","embeddable":true,"href":"https:\/\/pilonatic.fr\/fr\/wp-json\/wp\/v2\/product_tag?post=771"},{"taxonomy":"woo-feed-brand","embeddable":true,"href":"https:\/\/pilonatic.fr\/fr\/wp-json\/wp\/v2\/woo-feed-brand?post=771"}],"curies":[{"name":"wp","href":"https:\/\/api.w.org\/{rel}","templated":true}]}}