{"id":7470,"date":"2021-10-14T19:34:40","date_gmt":"2021-10-14T17:34:40","guid":{"rendered":"https:\/\/pilonatic.fr\/?post_type=product&#038;p=7470"},"modified":"2025-02-27T10:35:18","modified_gmt":"2025-02-27T09:35:18","slug":"puerta-peatonal-de-chapa-trenzada","status":"publish","type":"product","link":"https:\/\/pilonatic.fr\/fr\/fr\/produit\/puerta-peatonal-de-chapa-trenzada\/","title":{"rendered":"Puerta peatonal de chapa trenzada o entrelazada para exterior a medida"},"content":{"rendered":"<div class=\"et_pb_text et_pb_module et_pb_bg_layout_light et_pb_text_align_left et_pb_text_3\">\n<div class=\"et_pb_text et_pb_module et_pb_bg_layout_light et_pb_text_align_left et_pb_text_5\">\n<ul>\n<li>Marco de perfil de tubo de 40x40mm y lamas de acero 1,5mm, en acero S 235 JRH seg\u00fan norma de producto EN 10305-5 y certificado por AENOR (clasificaci\u00f3n 046\/008).<\/li>\n<li>Pilares de tubo cuadrado E220 de 40x40mm, en acero S 275 JR seg\u00fan norma de producto EN 10305-5 y certificado por AENOR (clasificaci\u00f3n 046\/008).<\/li>\n<li>Cerradura embutida de seguridad con resbal\u00f3n para maneta y cierre de llave<\/li>\n<li>Una vez hecho el pedido en 24\/48hrs se le enviara un plano con todos los detalles podr\u00e1n pedir cualquier modificaci\u00f3n como cambio de sentido de apertura,ancho o alto.<\/li>\n<li>Si tienes dudas sobre los sistemas de fijaci\u00f3n o acabado o medidas\u00a0\u00a0<a href=\"mailto:pilonatic@gmail.com\">contactar\u00a0<\/a>\u00a0y le ayudar\u00e1 el comercial.<\/li>\n<\/ul>\n<\/div>\n<\/div>","protected":false},"excerpt":{"rendered":"<p>Puerta fabricada con chapa galvanizada\u00a0 y tubo de acero\u00a0 z-275. Imposibilidad de visi\u00f3n desde el exterior. Con montantes que permite fijaci\u00f3n mediante tornillos o garras para obra. Introducir las medidas en mil\u00edmetros para ver el precio exacto.<\/p>","protected":false},"featured_media":7474,"comment_status":"closed","ping_status":"closed","template":"","meta":[],"product_brand":[],"product_cat":[313],"product_tag":[],"woo-feed-brand":[],"class_list":{"0":"post-7470","1":"product","2":"type-product","3":"status-publish","4":"has-post-thumbnail","6":"product_cat-puertas-peatonales","7":"product_shipping_class-envio-por-agencia","9":"first","10":"instock","11":"sale","12":"taxable","13":"shipping-taxable","14":"purchasable","15":"product-type-simple"},"aioseo_notices":[],"jetpack_sharing_enabled":true,"_links":{"self":[{"href":"https:\/\/pilonatic.fr\/fr\/wp-json\/wp\/v2\/product\/7470","targetHints":{"allow":["GET"]}}],"collection":[{"href":"https:\/\/pilonatic.fr\/fr\/wp-json\/wp\/v2\/product"}],"about":[{"href":"https:\/\/pilonatic.fr\/fr\/wp-json\/wp\/v2\/types\/product"}],"replies":[{"embeddable":true,"href":"https:\/\/pilonatic.fr\/fr\/wp-json\/wp\/v2\/comments?post=7470"}],"wp:featuredmedia":[{"embeddable":true,"href":"https:\/\/pilonatic.fr\/fr\/wp-json\/wp\/v2\/media\/7474"}],"wp:attachment":[{"href":"https:\/\/pilonatic.fr\/fr\/wp-json\/wp\/v2\/media?parent=7470"}],"wp:term":[{"taxonomy":"product_brand","embeddable":true,"href":"https:\/\/pilonatic.fr\/fr\/wp-json\/wp\/v2\/product_brand?post=7470"},{"taxonomy":"product_cat","embeddable":true,"href":"https:\/\/pilonatic.fr\/fr\/wp-json\/wp\/v2\/product_cat?post=7470"},{"taxonomy":"product_tag","embeddable":true,"href":"https:\/\/pilonatic.fr\/fr\/wp-json\/wp\/v2\/product_tag?post=7470"},{"taxonomy":"woo-feed-brand","embeddable":true,"href":"https:\/\/pilonatic.fr\/fr\/wp-json\/wp\/v2\/woo-feed-brand?post=7470"}],"curies":[{"name":"wp","href":"https:\/\/api.w.org\/{rel}","templated":true}]}}