{"id":7406,"date":"2021-10-01T08:47:24","date_gmt":"2021-10-01T06:47:24","guid":{"rendered":"https:\/\/pilonatic.fr\/?post_type=product&#038;p=7406"},"modified":"2025-12-02T15:12:04","modified_gmt":"2025-12-02T14:12:04","slug":"pilona-bolardo-modelo-barcelona-eco-de-acero-pilona-fija","status":"publish","type":"product","link":"https:\/\/pilonatic.fr\/fr\/fr\/produit\/pilona-bolardo-modelo-barcelona-eco-de-acero-pilona-fija\/","title":{"rendered":"Pilona modelo Barcelona Eco Fija de Hierro Galvanizado"},"content":{"rendered":"<h2>Caracter\u00edsticas Principales<\/h2>\n<p>La pilona fija de hierro para empotrar en hormig\u00f3n cuenta con un tubo de 80mm de tubo galvanizado. Con una altura de 1000mm y un di\u00e1metro de 80mm, esta pilona est\u00e1 dise\u00f1ada para ofrecer alta resistencia y durabilidad.<\/p>\n<h2>Acabado de Alta Calidad<\/h2>\n<p>Esta pilona est\u00e1 lacada al horno en oxidon negro antracita con pintura electrost\u00e1tica, lo que garantiza un acabado resistente a la corrosi\u00f3n y atractivo est\u00e9ticamente. La t\u00e9cnica de lacado asegura una capa uniforme y duradera.<\/p>\n<h2>Caracter\u00edsticas Principales de la Pilona<\/h2>\n<p>La pilona fija de hierro galvanizado para empotrar en hormig\u00f3n destaca por su robustez y durabilidad, caracter\u00edsticas esenciales para su uso en entornos urbanos y comerciales. Presenta un tubo con un di\u00e1metro de 80 mm, fabricado con material galvanizado, lo cual asegura una alta resistencia y prolonga su vida \u00fatil. La altura de la pilona es de 1000 mm, proporcionando una barrera efectiva sin comprometer la accesibilidad en el \u00e1rea donde se instale.<\/p>\n<p>El proceso de fabricaci\u00f3n incluye un lacado al horno en color negro antracita, utilizando pintura en polvo electrost\u00e1tica. Este m\u00e9todo no solo ofrece un acabado est\u00e9tico y elegante, sino que tambi\u00e9n mejora significativamente la protecci\u00f3n contra la corrosi\u00f3n y otros factores ambientales adversos. Este revestimiento garantiza que la pilona mantenga su integridad estructural y apariencia a lo largo de los a\u00f1os, adapt\u00e1ndose perfectamente a diversas condiciones clim\u00e1ticas.<\/p>\n<p>En aplicaciones urbanas, como zonas peatonales, parques y \u00e1reas de estacionamiento, las pilonas fijas de hierro galvanizado resultan cruciales para la seguridad y delimitaci\u00f3n de espacios. Su dise\u00f1o y construcci\u00f3n permiten resistir impactos y evitar el paso de veh\u00edculos no autorizados, protegiendo tanto a peatones como a infraestructuras adyacentes. En entornos comerciales, estas pilonas ofrecen una soluci\u00f3n eficaz para controlar accesos y organizar \u00e1reas de carga y descarga.<\/p>","protected":false},"excerpt":{"rendered":"<p>La pilona fija modelo Barcelona Eco de hierro galvanizado di\u00e1metro de 80mm\u00a0 altura de 1000mm\u00a0 para empotrar.Acabado en lacado al horno en oxid\u00f3n negro antracita,aspecto moderno y estilizado.<\/p>","protected":false},"featured_media":7967,"comment_status":"open","ping_status":"closed","template":"","meta":[],"product_brand":[],"product_cat":[18],"product_tag":[204,203],"woo-feed-brand":[],"class_list":{"0":"post-7406","1":"product","2":"type-product","3":"status-publish","4":"has-post-thumbnail","6":"product_cat-pilonas-fijas_bolardos_fijos","7":"product_tag-city","8":"product_tag-pilona-hospitalet-inox-h214","9":"product_shipping_class-envio-por-agencia","11":"first","12":"instock","13":"taxable","14":"shipping-taxable","15":"purchasable","16":"product-type-simple"},"aioseo_notices":[],"jetpack_sharing_enabled":true,"_links":{"self":[{"href":"https:\/\/pilonatic.fr\/fr\/wp-json\/wp\/v2\/product\/7406","targetHints":{"allow":["GET"]}}],"collection":[{"href":"https:\/\/pilonatic.fr\/fr\/wp-json\/wp\/v2\/product"}],"about":[{"href":"https:\/\/pilonatic.fr\/fr\/wp-json\/wp\/v2\/types\/product"}],"replies":[{"embeddable":true,"href":"https:\/\/pilonatic.fr\/fr\/wp-json\/wp\/v2\/comments?post=7406"}],"wp:featuredmedia":[{"embeddable":true,"href":"https:\/\/pilonatic.fr\/fr\/wp-json\/wp\/v2\/media\/7967"}],"wp:attachment":[{"href":"https:\/\/pilonatic.fr\/fr\/wp-json\/wp\/v2\/media?parent=7406"}],"wp:term":[{"taxonomy":"product_brand","embeddable":true,"href":"https:\/\/pilonatic.fr\/fr\/wp-json\/wp\/v2\/product_brand?post=7406"},{"taxonomy":"product_cat","embeddable":true,"href":"https:\/\/pilonatic.fr\/fr\/wp-json\/wp\/v2\/product_cat?post=7406"},{"taxonomy":"product_tag","embeddable":true,"href":"https:\/\/pilonatic.fr\/fr\/wp-json\/wp\/v2\/product_tag?post=7406"},{"taxonomy":"woo-feed-brand","embeddable":true,"href":"https:\/\/pilonatic.fr\/fr\/wp-json\/wp\/v2\/woo-feed-brand?post=7406"}],"curies":[{"name":"wp","href":"https:\/\/api.w.org\/{rel}","templated":true}]}}