{"id":7059,"date":"2021-05-04T17:40:07","date_gmt":"2021-05-04T15:40:07","guid":{"rendered":"http:\/\/pilonatic.fr\/?post_type=product&#038;p=7059"},"modified":"2023-12-01T10:05:52","modified_gmt":"2023-12-01T09:05:52","slug":"puerta-batiente-de-chapa-perforada-a-medida-compra-online","status":"publish","type":"product","link":"https:\/\/pilonatic.fr\/fr\/fr\/produit\/puerta-batiente-de-chapa-perforada-a-medida-compra-online\/","title":{"rendered":"Puerta Batiente de chapa perforada a medida compra online"},"content":{"rendered":"<ul>\n<li>Apertura lateral\u00a0 mediante pernios pivotantes<\/li>\n<li>Construcci\u00f3n del marco exterior en forma rectangular de 50X40<\/li>\n<li>Bizagras pivotantes 60mm<\/li>\n<li>Pintada\u00a0 a pistola del color a elegir incluye una capa de imprimaci\u00f3n epoxi antioxidante<\/li>\n<li>El ki Incluye la puerta y los postes<\/li>\n<\/ul>\n<p>Una vez realizado el pedido le enviaremos los planos para confirmar detalles como medidas y apertura (podran pedir cualquer modificaci\u00f3n),una vez confirmado <b>nos ponemos a fabricarla<\/b> y en 15 d\u00edas laborables la tendr\u00e1s en tu casa. \u00bfPuedes colocarla t\u00fa mismo? <b>La respuesta es que s\u00ed<\/b>. Que es muy f\u00e1cil colocar las puertas autom\u00e1ticas correderas a troquel. De esta manera te puedes ahorrar la mano de obra. En este punto, si tienes alguna duda tan s\u00f3lo tienes que ponerte en contacto con nosotros y te daremos las instrucciones adecuadas.<\/p>\n<h2><\/h2>","protected":false},"excerpt":{"rendered":"<p>Puerta corredera de hierro de chapa perforada modelo elegante y resistente.<\/p>","protected":false},"featured_media":7611,"comment_status":"closed","ping_status":"closed","template":"","meta":[],"product_brand":[],"product_cat":[312],"product_tag":[],"woo-feed-brand":[],"class_list":{"0":"post-7059","1":"product","2":"type-product","3":"status-publish","4":"has-post-thumbnail","6":"product_cat-puertas-de-garaje-batientes-o-oscilantes","7":"product_shipping_class-envio-por-agencia","9":"first","10":"instock","11":"taxable","12":"shipping-taxable","13":"purchasable","14":"product-type-simple"},"aioseo_notices":[],"jetpack_sharing_enabled":true,"_links":{"self":[{"href":"https:\/\/pilonatic.fr\/fr\/wp-json\/wp\/v2\/product\/7059","targetHints":{"allow":["GET"]}}],"collection":[{"href":"https:\/\/pilonatic.fr\/fr\/wp-json\/wp\/v2\/product"}],"about":[{"href":"https:\/\/pilonatic.fr\/fr\/wp-json\/wp\/v2\/types\/product"}],"replies":[{"embeddable":true,"href":"https:\/\/pilonatic.fr\/fr\/wp-json\/wp\/v2\/comments?post=7059"}],"wp:featuredmedia":[{"embeddable":true,"href":"https:\/\/pilonatic.fr\/fr\/wp-json\/wp\/v2\/media\/7611"}],"wp:attachment":[{"href":"https:\/\/pilonatic.fr\/fr\/wp-json\/wp\/v2\/media?parent=7059"}],"wp:term":[{"taxonomy":"product_brand","embeddable":true,"href":"https:\/\/pilonatic.fr\/fr\/wp-json\/wp\/v2\/product_brand?post=7059"},{"taxonomy":"product_cat","embeddable":true,"href":"https:\/\/pilonatic.fr\/fr\/wp-json\/wp\/v2\/product_cat?post=7059"},{"taxonomy":"product_tag","embeddable":true,"href":"https:\/\/pilonatic.fr\/fr\/wp-json\/wp\/v2\/product_tag?post=7059"},{"taxonomy":"woo-feed-brand","embeddable":true,"href":"https:\/\/pilonatic.fr\/fr\/wp-json\/wp\/v2\/woo-feed-brand?post=7059"}],"curies":[{"name":"wp","href":"https:\/\/api.w.org\/{rel}","templated":true}]}}