{"id":6509,"date":"2020-06-09T00:00:15","date_gmt":"2020-06-08T22:00:15","guid":{"rendered":"http:\/\/pilonatic.fr\/?post_type=product&#038;p=6509"},"modified":"2024-01-12T18:10:33","modified_gmt":"2024-01-12T17:10:33","slug":"puerta-de-garaje-parking-batiente-modelo-lamas-chp-compra-online-copia","status":"publish","type":"product","link":"https:\/\/pilonatic.fr\/fr\/fr\/produit\/puerta-de-garaje-parking-batiente-modelo-lamas-chp-compra-online-copia\/","title":{"rendered":"Puerta de garaje \/ parking batiente modelo  lamas chp a medida compra online"},"content":{"rendered":"<ul>\n<li style=\"list-style-type: none;\">\n<ul>\n<li>Apertura lateral de 90 grados<\/li>\n<li>Posibilidad de elegir entre una o dos hojas<\/li>\n<li>Chasis construido en forma rectangular con unas dimensiones de 50X40 multitubular<\/li>\n<li>La terminaci\u00f3n de la puerta es a tubos de 40X40 y pintado a imprimaci\u00f3n a pistola<\/li>\n<li>El conjunto pivota sobre rodamientos c\u00f3nicos c\u00f3nicos a rodillos el inferior y axial el superior, montado sobre una columna de sujeci\u00f3n.<\/li>\n<li>El kit Incluye puerta +pilar con bizagras +pilar de cierre<\/li>\n<\/ul>\n<\/li>\n<\/ul>\n<p>Una vez realizado el pedido <b>nos ponemos a fabricarla<\/b> y en 15 d\u00edas laborables la tendr\u00e1s en tu casa. \u00bfPuedes colocarla t\u00fa mismo? <b>La respuesta es que s\u00ed<\/b>. Que es muy f\u00e1cil colocar las puertas correderas . De esta manera te puedes ahorrar la mano de obra. En este punto, si tienes alguna duda tan s\u00f3lo tienes que ponerte en contacto con nosotros y te daremos las instrucciones adecuadas.<\/p>\n<h2><\/h2>","protected":false},"excerpt":{"rendered":"<p>Puerta Batiente de hierro\u00a0 un modelo elegante .<\/p>","protected":false},"featured_media":6510,"comment_status":"closed","ping_status":"closed","template":"","meta":[],"product_brand":[],"product_cat":[312],"product_tag":[],"woo-feed-brand":[],"class_list":{"0":"post-6509","1":"product","2":"type-product","3":"status-publish","4":"has-post-thumbnail","6":"product_cat-puertas-de-garaje-batientes-o-oscilantes","7":"product_shipping_class-envio-por-agencia","9":"first","10":"instock","11":"sale","12":"taxable","13":"shipping-taxable","14":"purchasable","15":"product-type-simple"},"aioseo_notices":[],"jetpack_sharing_enabled":true,"_links":{"self":[{"href":"https:\/\/pilonatic.fr\/fr\/wp-json\/wp\/v2\/product\/6509","targetHints":{"allow":["GET"]}}],"collection":[{"href":"https:\/\/pilonatic.fr\/fr\/wp-json\/wp\/v2\/product"}],"about":[{"href":"https:\/\/pilonatic.fr\/fr\/wp-json\/wp\/v2\/types\/product"}],"replies":[{"embeddable":true,"href":"https:\/\/pilonatic.fr\/fr\/wp-json\/wp\/v2\/comments?post=6509"}],"wp:featuredmedia":[{"embeddable":true,"href":"https:\/\/pilonatic.fr\/fr\/wp-json\/wp\/v2\/media\/6510"}],"wp:attachment":[{"href":"https:\/\/pilonatic.fr\/fr\/wp-json\/wp\/v2\/media?parent=6509"}],"wp:term":[{"taxonomy":"product_brand","embeddable":true,"href":"https:\/\/pilonatic.fr\/fr\/wp-json\/wp\/v2\/product_brand?post=6509"},{"taxonomy":"product_cat","embeddable":true,"href":"https:\/\/pilonatic.fr\/fr\/wp-json\/wp\/v2\/product_cat?post=6509"},{"taxonomy":"product_tag","embeddable":true,"href":"https:\/\/pilonatic.fr\/fr\/wp-json\/wp\/v2\/product_tag?post=6509"},{"taxonomy":"woo-feed-brand","embeddable":true,"href":"https:\/\/pilonatic.fr\/fr\/wp-json\/wp\/v2\/woo-feed-brand?post=6509"}],"curies":[{"name":"wp","href":"https:\/\/api.w.org\/{rel}","templated":true}]}}