{"id":6270,"date":"2020-04-12T18:08:04","date_gmt":"2020-04-12T16:08:04","guid":{"rendered":"http:\/\/pilonatic.fr\/?post_type=product&#038;p=6270"},"modified":"2023-05-25T16:10:35","modified_gmt":"2023-05-25T14:10:35","slug":"puerta-de-garaje-parking-batiente-modelo-laminas-de-chapa-a-medida-compra-online","status":"publish","type":"product","link":"https:\/\/pilonatic.fr\/fr\/fr\/produit\/puerta-de-garaje-parking-batiente-modelo-laminas-de-chapa-a-medida-compra-online\/","title":{"rendered":"Puerta de garaje \/ parking batiente modelo laminas de chapa a medida compra online"},"content":{"rendered":"<ul>\n<li style=\"list-style-type: none;\">\n<ul>\n<li>Apertura lateral de 90 grados<\/li>\n<li>Posibilidad de elegir entre una o dos hojas<\/li>\n<li>Chasis construido en forma rectangular con unas dimensiones de 50X40 multitubular<\/li>\n<li>La terminaci\u00f3n de la puerta es a tubos de 40X40 y pintado a imprimaci\u00f3n a pistola<\/li>\n<li>El conjunto pivota sobre rodamientos c\u00f3nicos c\u00f3nicos a rodillos el inferior y axial el superior, montado sobre una columna de sujeci\u00f3n.<\/li>\n<li>El kit Incluye puerta +pilar con bizagras +pilar de cierre<\/li>\n<\/ul>\n<\/li>\n<\/ul>\n<p>Una vez realizado el pedido le enviaremos los planos para confirmar detalles como medidas y apertura (podran pedir cualquer modificaci\u00f3n),una vez confirmado <b>nos ponemos a fabricarla<\/b> y en 15 d\u00edas laborables la tendr\u00e1s en tu casa. \u00bfPuedes colocarla t\u00fa mismo? <b>La respuesta es que s\u00ed<\/b>. Que es muy f\u00e1cil colocar las puertas correderas . De esta manera te puedes ahorrar la mano de obra. En este punto, si tienes alguna duda tan s\u00f3lo tienes que ponerte en contacto con nosotros y te daremos las instrucciones adecuadas.<\/p>\n<h2><\/h2>","protected":false},"excerpt":{"rendered":"<p>Puerta Batiente de hierro\u00a0 un modelo elegante .<\/p>","protected":false},"featured_media":6271,"comment_status":"closed","ping_status":"closed","template":"","meta":[],"product_brand":[],"product_cat":[312],"product_tag":[],"woo-feed-brand":[],"class_list":{"0":"post-6270","1":"product","2":"type-product","3":"status-publish","4":"has-post-thumbnail","6":"product_cat-puertas-de-garaje-batientes-o-oscilantes","7":"product_shipping_class-envio-por-agencia","9":"first","10":"instock","11":"taxable","12":"shipping-taxable","13":"purchasable","14":"product-type-simple"},"aioseo_notices":[],"jetpack_sharing_enabled":true,"_links":{"self":[{"href":"https:\/\/pilonatic.fr\/fr\/wp-json\/wp\/v2\/product\/6270","targetHints":{"allow":["GET"]}}],"collection":[{"href":"https:\/\/pilonatic.fr\/fr\/wp-json\/wp\/v2\/product"}],"about":[{"href":"https:\/\/pilonatic.fr\/fr\/wp-json\/wp\/v2\/types\/product"}],"replies":[{"embeddable":true,"href":"https:\/\/pilonatic.fr\/fr\/wp-json\/wp\/v2\/comments?post=6270"}],"wp:featuredmedia":[{"embeddable":true,"href":"https:\/\/pilonatic.fr\/fr\/wp-json\/wp\/v2\/media\/6271"}],"wp:attachment":[{"href":"https:\/\/pilonatic.fr\/fr\/wp-json\/wp\/v2\/media?parent=6270"}],"wp:term":[{"taxonomy":"product_brand","embeddable":true,"href":"https:\/\/pilonatic.fr\/fr\/wp-json\/wp\/v2\/product_brand?post=6270"},{"taxonomy":"product_cat","embeddable":true,"href":"https:\/\/pilonatic.fr\/fr\/wp-json\/wp\/v2\/product_cat?post=6270"},{"taxonomy":"product_tag","embeddable":true,"href":"https:\/\/pilonatic.fr\/fr\/wp-json\/wp\/v2\/product_tag?post=6270"},{"taxonomy":"woo-feed-brand","embeddable":true,"href":"https:\/\/pilonatic.fr\/fr\/wp-json\/wp\/v2\/woo-feed-brand?post=6270"}],"curies":[{"name":"wp","href":"https:\/\/api.w.org\/{rel}","templated":true}]}}