{"id":6174,"date":"2020-04-01T17:05:01","date_gmt":"2020-04-01T15:05:01","guid":{"rendered":"http:\/\/pilonatic.fr\/?post_type=product&#038;p=6174"},"modified":"2022-05-05T09:31:13","modified_gmt":"2022-05-05T07:31:13","slug":"aparca-patinetes-o-scooter-electrico-de-acero-para-pared","status":"publish","type":"product","link":"https:\/\/pilonatic.fr\/fr\/fr\/produit\/aparca-patinetes-o-scooter-electrico-de-acero-para-pared\/","title":{"rendered":"Aparca patinetes  o scooter electrico de acero para pared"},"content":{"rendered":"<p>Estante de almacenamiento para scooter de varios espacios montado en la pared de acero con doble recubrimiento con facilidad de instalaci\u00f3n ahorra molestias en el suelo y costos. Al estar atornillado a la pared, siempre que su pared sea plana y en un lugar adecuado, estos bastidores son una gran adici\u00f3n a la escuela y los patios de recreo. Al usar el espacio de la pared, tambi\u00e9n liberas \u00e1reas de juego al tener demasiados elementos en \u00e1reas abiertas donde el espacio puede ser limitado.<\/p>\n<p>Se puede instalar un aparca patinete o scooter robusto y f\u00e1cil de usar en cualquier pared plana o incluso en edificios revestidos de madera y postes de cercas.<\/p>\n<p>Se suministra en una variedad de colores para fomentar el uso y elevar el perfil, atraer a m\u00e1s usuarios de medios alternativos de viaje a la escuela.\u00a0Las escuelas informan un aumento de scooters cuando se instalan los bastidores y esto trae beneficios tanto para los alumnos como para las escuelas.\u00a0Ayuda a promover el acondicionamiento f\u00edsico, iniciativas escolares saludables y tambi\u00e9n puede ayudar a reducir la cantidad de viajes en autom\u00f3vil donde los usuarios prefieren caminar y andar en scooter a la escuela.<\/p>\n<p>Ideal para m\u00faltiples \u00e1reas de almacenamiento en rack<br \/>\nCapa base de imprimaci\u00f3n rica en zinc, capa superior con pintura a pistola en cabina profesional, elija entre nuestros colores est\u00e1ndar, rojo, azul, verde, negro, amarillo, gris, verde , azul<\/p>\n<p>Tambi\u00e9n disponible en colores especiales si no se presenta el color escolar, comun\u00edquese con nuestra l\u00ednea de ventas para obtener detalles y precios.<br \/>\nBastidor de retenci\u00f3n varios scooters para el almacenamiento<br \/>\nLos usuarios pueden bloquear scooters como preferido a trav\u00e9s de agujeros en la localizaci\u00f3n de placas<br \/>\nde fijaci\u00f3n simple a la pared con tornillos suministrados<br \/>\nlongitud del estante<\/p>\n<p>6x\u00a0\u00a0\u00a0\u00a0\u00a0\u00a0 soportes aparca patinete &#8212; 900mm<\/p>\n<p>10x\u00a0\u00a0\u00a0\u00a0 soportes aparca patinete &#8212; 1500mm<\/p>\n<p>12x\u00a0\u00a0\u00a0\u00a0 soportes aparca patinete &#8212; 1700mm<\/p>\n<p>15x\u00a0\u00a0\u00a0\u00a0 soportes aparca patinete &#8212; 2000mm<\/p>\n<p>La altura del soporte del suelo recomendada es de 750 mm<\/p>\n<p>Separaci\u00f3n desde la pared hasta el perfil son 200mm<\/p>\n<p>Los bastidores se pueden agregar como m\u00f3dulos para crear a\u00fan m\u00e1s almacenamiento y evitar que se acumulen montones desordenados de scooters y caigan al suelo.<\/p>","protected":false},"excerpt":{"rendered":"<p>Aparca patinete de acero para fijar en la pared.<\/p>","protected":false},"featured_media":6173,"comment_status":"closed","ping_status":"closed","template":"","meta":[],"product_brand":[],"product_cat":[45],"product_tag":[],"woo-feed-brand":[],"class_list":{"0":"post-6174","1":"product","2":"type-product","3":"status-publish","4":"has-post-thumbnail","6":"product_cat-aparcabicicletas","7":"product_shipping_class-envio-por-agencia","9":"first","10":"instock","11":"taxable","12":"shipping-taxable","13":"purchasable","14":"product-type-simple"},"aioseo_notices":[],"jetpack_sharing_enabled":true,"_links":{"self":[{"href":"https:\/\/pilonatic.fr\/fr\/wp-json\/wp\/v2\/product\/6174","targetHints":{"allow":["GET"]}}],"collection":[{"href":"https:\/\/pilonatic.fr\/fr\/wp-json\/wp\/v2\/product"}],"about":[{"href":"https:\/\/pilonatic.fr\/fr\/wp-json\/wp\/v2\/types\/product"}],"replies":[{"embeddable":true,"href":"https:\/\/pilonatic.fr\/fr\/wp-json\/wp\/v2\/comments?post=6174"}],"wp:featuredmedia":[{"embeddable":true,"href":"https:\/\/pilonatic.fr\/fr\/wp-json\/wp\/v2\/media\/6173"}],"wp:attachment":[{"href":"https:\/\/pilonatic.fr\/fr\/wp-json\/wp\/v2\/media?parent=6174"}],"wp:term":[{"taxonomy":"product_brand","embeddable":true,"href":"https:\/\/pilonatic.fr\/fr\/wp-json\/wp\/v2\/product_brand?post=6174"},{"taxonomy":"product_cat","embeddable":true,"href":"https:\/\/pilonatic.fr\/fr\/wp-json\/wp\/v2\/product_cat?post=6174"},{"taxonomy":"product_tag","embeddable":true,"href":"https:\/\/pilonatic.fr\/fr\/wp-json\/wp\/v2\/product_tag?post=6174"},{"taxonomy":"woo-feed-brand","embeddable":true,"href":"https:\/\/pilonatic.fr\/fr\/wp-json\/wp\/v2\/woo-feed-brand?post=6174"}],"curies":[{"name":"wp","href":"https:\/\/api.w.org\/{rel}","templated":true}]}}