{"id":6147,"date":"2020-03-31T13:25:06","date_gmt":"2020-03-31T11:25:06","guid":{"rendered":"http:\/\/pilonatic.fr\/?post_type=product&#038;p=6147"},"modified":"2024-07-20T16:57:37","modified_gmt":"2024-07-20T14:57:37","slug":"puerta-corredera-industrial-de-chapa-medida-compra-online-copia","status":"publish","type":"product","link":"https:\/\/pilonatic.fr\/fr\/fr\/produit\/puerta-corredera-industrial-de-chapa-medida-compra-online-copia\/","title":{"rendered":"Puerta corredera industrial con barrotes a medida compra online"},"content":{"rendered":"<ul>\n<li>Apertura lateral\u00a0 por un carril de angulo invertido suministrado<\/li>\n<li>Construcci\u00f3n del marco exterior en forma rectangular de 50X40<\/li>\n<li>Ruedas de 80mm de di\u00e1metro<\/li>\n<li>Pintada\u00a0 a pistola del color a elegir incluye una capa de imprimaci\u00f3n epoxi antioxidante<\/li>\n<li>El ki Incluye una gu\u00eda inferior de \u00e1ngulo invertido+soporte de sujeci\u00f3n superior con rodillos nylon+pilar de cierre<\/li>\n<\/ul>\n<p>Una vez realizado el pedido le enviaremos los planos para confirmar detalles como medidas y apertura (podran pedir cualquer modificaci\u00f3n),una vez confirmado <b>nos ponemos a fabricarla<\/b> y en 15 d\u00edas laborables la tendr\u00e1s en tu casa. \u00bfPuedes colocarla t\u00fa mismo? <b>La respuesta es que s\u00ed<\/b>. Que es muy f\u00e1cil colocar las puertas correderas . De esta manera te puedes ahorrar la mano de obra. En este punto, si tienes alguna duda tan s\u00f3lo tienes que ponerte en contacto con nosotros y te daremos las instrucciones adecuadas.<\/p>\n<h2><\/h2>","protected":false},"excerpt":{"rendered":"<p>Puerta corredera de hierro industrial con barrotes un modelo elegante y resistente.Poner sus medidas en mil\u00edmetros para ver su precio.<\/p>","protected":false},"featured_media":3225,"comment_status":"closed","ping_status":"closed","template":"","meta":[],"product_brand":[],"product_cat":[311],"product_tag":[],"woo-feed-brand":[],"class_list":{"0":"post-6147","1":"product","2":"type-product","3":"status-publish","4":"has-post-thumbnail","6":"product_cat-puertas-correderas","7":"product_shipping_class-envio-por-agencia","9":"first","10":"instock","11":"taxable","12":"shipping-taxable","13":"purchasable","14":"product-type-simple"},"aioseo_notices":[],"jetpack_sharing_enabled":true,"_links":{"self":[{"href":"https:\/\/pilonatic.fr\/fr\/wp-json\/wp\/v2\/product\/6147","targetHints":{"allow":["GET"]}}],"collection":[{"href":"https:\/\/pilonatic.fr\/fr\/wp-json\/wp\/v2\/product"}],"about":[{"href":"https:\/\/pilonatic.fr\/fr\/wp-json\/wp\/v2\/types\/product"}],"replies":[{"embeddable":true,"href":"https:\/\/pilonatic.fr\/fr\/wp-json\/wp\/v2\/comments?post=6147"}],"wp:featuredmedia":[{"embeddable":true,"href":"https:\/\/pilonatic.fr\/fr\/wp-json\/wp\/v2\/media\/3225"}],"wp:attachment":[{"href":"https:\/\/pilonatic.fr\/fr\/wp-json\/wp\/v2\/media?parent=6147"}],"wp:term":[{"taxonomy":"product_brand","embeddable":true,"href":"https:\/\/pilonatic.fr\/fr\/wp-json\/wp\/v2\/product_brand?post=6147"},{"taxonomy":"product_cat","embeddable":true,"href":"https:\/\/pilonatic.fr\/fr\/wp-json\/wp\/v2\/product_cat?post=6147"},{"taxonomy":"product_tag","embeddable":true,"href":"https:\/\/pilonatic.fr\/fr\/wp-json\/wp\/v2\/product_tag?post=6147"},{"taxonomy":"woo-feed-brand","embeddable":true,"href":"https:\/\/pilonatic.fr\/fr\/wp-json\/wp\/v2\/woo-feed-brand?post=6147"}],"curies":[{"name":"wp","href":"https:\/\/api.w.org\/{rel}","templated":true}]}}