{"id":5905,"date":"2019-11-05T14:35:36","date_gmt":"2019-11-05T13:35:36","guid":{"rendered":"http:\/\/pilonatic.fr\/?post_type=product&#038;p=5905"},"modified":"2025-09-16T16:06:56","modified_gmt":"2025-09-16T14:06:56","slug":"pilona-bolardo-de-acero-inoxidable-modelo-extraible-o-removible","status":"publish","type":"product","link":"https:\/\/pilonatic.fr\/fr\/fr\/produit\/pilona-bolardo-de-acero-inoxidable-modelo-extraible-o-removible\/","title":{"rendered":"pilona de acero inoxidable modelo extra\u00edble o removible"},"content":{"rendered":"<p>Altura total 1000 mil\u00edmetros con base construida con tubo de di\u00e1metro 90mm y espesor 2mm acabado brillo.<\/p>\n<p>Base zincadas y bolardo de 90mm x 1000mm de alto.<\/p>","protected":false},"excerpt":{"rendered":"<p>Pilonas de acero inoxidable modelo extra\u00edble apertura mediante llave de tri\u00e1ngulo.<\/p>","protected":false},"featured_media":5918,"comment_status":"closed","ping_status":"closed","template":"","meta":[],"product_brand":[],"product_cat":[27],"product_tag":[],"woo-feed-brand":[],"class_list":{"0":"post-5905","1":"product","2":"type-product","3":"status-publish","4":"has-post-thumbnail","6":"product_cat-pilonas-extraibles-moviles","7":"product_shipping_class-envio-por-agencia","9":"first","10":"instock","11":"taxable","12":"shipping-taxable","13":"purchasable","14":"product-type-simple"},"aioseo_notices":[],"jetpack_sharing_enabled":true,"_links":{"self":[{"href":"https:\/\/pilonatic.fr\/fr\/wp-json\/wp\/v2\/product\/5905","targetHints":{"allow":["GET"]}}],"collection":[{"href":"https:\/\/pilonatic.fr\/fr\/wp-json\/wp\/v2\/product"}],"about":[{"href":"https:\/\/pilonatic.fr\/fr\/wp-json\/wp\/v2\/types\/product"}],"replies":[{"embeddable":true,"href":"https:\/\/pilonatic.fr\/fr\/wp-json\/wp\/v2\/comments?post=5905"}],"wp:featuredmedia":[{"embeddable":true,"href":"https:\/\/pilonatic.fr\/fr\/wp-json\/wp\/v2\/media\/5918"}],"wp:attachment":[{"href":"https:\/\/pilonatic.fr\/fr\/wp-json\/wp\/v2\/media?parent=5905"}],"wp:term":[{"taxonomy":"product_brand","embeddable":true,"href":"https:\/\/pilonatic.fr\/fr\/wp-json\/wp\/v2\/product_brand?post=5905"},{"taxonomy":"product_cat","embeddable":true,"href":"https:\/\/pilonatic.fr\/fr\/wp-json\/wp\/v2\/product_cat?post=5905"},{"taxonomy":"product_tag","embeddable":true,"href":"https:\/\/pilonatic.fr\/fr\/wp-json\/wp\/v2\/product_tag?post=5905"},{"taxonomy":"woo-feed-brand","embeddable":true,"href":"https:\/\/pilonatic.fr\/fr\/wp-json\/wp\/v2\/woo-feed-brand?post=5905"}],"curies":[{"name":"wp","href":"https:\/\/api.w.org\/{rel}","templated":true}]}}