{"id":5863,"date":"2019-10-22T19:48:28","date_gmt":"2019-10-22T17:48:28","guid":{"rendered":"http:\/\/pilonatic.fr\/?post_type=product&#038;p=5863"},"modified":"2022-05-05T09:31:15","modified_gmt":"2022-05-05T07:31:15","slug":"pilona-telescopica-semiautomatica-modelo-manchester","status":"publish","type":"product","link":"https:\/\/pilonatic.fr\/fr\/fr\/produit\/pilona-telescopica-semiautomatica-modelo-manchester\/","title":{"rendered":"pilona telesc\u00f3pica semiautom\u00e1tica modelo Manchester"},"content":{"rendered":"<p>altura de 500mm di\u00e1metro 220mm y 8mm de espesor apertura mediante llave triangular incluye caj\u00f3n exterior de acero inoxidable<\/p>","protected":false},"excerpt":{"rendered":"<p>pilona telescopica semiautom\u00e1tica modelo Manchester construida 100% en acero inoxidable de altura 500mm<\/p>","protected":false},"featured_media":5865,"comment_status":"closed","ping_status":"closed","template":"","meta":[],"product_brand":[],"product_cat":[38],"product_tag":[],"woo-feed-brand":[],"class_list":{"0":"post-5863","1":"product","2":"type-product","3":"status-publish","4":"has-post-thumbnail","6":"product_cat-pilonas-escamoteables-semi-automatica","7":"product_shipping_class-envio-por-agencia","9":"first","10":"instock","11":"taxable","12":"shipping-taxable","13":"purchasable","14":"product-type-simple"},"aioseo_notices":[],"jetpack_sharing_enabled":true,"_links":{"self":[{"href":"https:\/\/pilonatic.fr\/fr\/wp-json\/wp\/v2\/product\/5863","targetHints":{"allow":["GET"]}}],"collection":[{"href":"https:\/\/pilonatic.fr\/fr\/wp-json\/wp\/v2\/product"}],"about":[{"href":"https:\/\/pilonatic.fr\/fr\/wp-json\/wp\/v2\/types\/product"}],"replies":[{"embeddable":true,"href":"https:\/\/pilonatic.fr\/fr\/wp-json\/wp\/v2\/comments?post=5863"}],"wp:featuredmedia":[{"embeddable":true,"href":"https:\/\/pilonatic.fr\/fr\/wp-json\/wp\/v2\/media\/5865"}],"wp:attachment":[{"href":"https:\/\/pilonatic.fr\/fr\/wp-json\/wp\/v2\/media?parent=5863"}],"wp:term":[{"taxonomy":"product_brand","embeddable":true,"href":"https:\/\/pilonatic.fr\/fr\/wp-json\/wp\/v2\/product_brand?post=5863"},{"taxonomy":"product_cat","embeddable":true,"href":"https:\/\/pilonatic.fr\/fr\/wp-json\/wp\/v2\/product_cat?post=5863"},{"taxonomy":"product_tag","embeddable":true,"href":"https:\/\/pilonatic.fr\/fr\/wp-json\/wp\/v2\/product_tag?post=5863"},{"taxonomy":"woo-feed-brand","embeddable":true,"href":"https:\/\/pilonatic.fr\/fr\/wp-json\/wp\/v2\/woo-feed-brand?post=5863"}],"curies":[{"name":"wp","href":"https:\/\/api.w.org\/{rel}","templated":true}]}}