{"id":558,"date":"2018-06-10T06:18:39","date_gmt":"2018-06-10T04:18:39","guid":{"rendered":"http:\/\/pilonatic.fr\/?post_type=product&#038;p=558"},"modified":"2022-05-05T09:31:21","modified_gmt":"2022-05-05T07:31:21","slug":"pilona-seguridad-fija-galva","status":"publish","type":"product","link":"https:\/\/pilonatic.fr\/fr\/fr\/produit\/pilona-seguridad-fija-galva\/","title":{"rendered":"Pilona seguridad fija GALVA"},"content":{"rendered":"<p>Diferentes medidas disponibles en di\u00e1metro y altura todas con placas y galvanizado<\/p>","protected":false},"excerpt":{"rendered":"<p>Lona tubular galvanizado con placas come f\u00e1cil anclaje superficial mediante tacos met\u00e1licos varilla roscada no incluido este modelo est\u00e1 disponible en diferentes alturas y di\u00e1metros no puede elegir antes de hacer la compra<\/p>","protected":false},"featured_media":560,"comment_status":"closed","ping_status":"closed","template":"","meta":[],"product_brand":[],"product_cat":[18],"product_tag":[],"woo-feed-brand":[],"class_list":{"0":"post-558","1":"product","2":"type-product","3":"status-publish","4":"has-post-thumbnail","6":"product_cat-pilonas-fijas_bolardos_fijos","7":"product_shipping_class-envio-por-agencia","9":"first","10":"instock","11":"taxable","12":"shipping-taxable","13":"purchasable","14":"product-type-simple"},"aioseo_notices":[],"jetpack_sharing_enabled":true,"_links":{"self":[{"href":"https:\/\/pilonatic.fr\/fr\/wp-json\/wp\/v2\/product\/558","targetHints":{"allow":["GET"]}}],"collection":[{"href":"https:\/\/pilonatic.fr\/fr\/wp-json\/wp\/v2\/product"}],"about":[{"href":"https:\/\/pilonatic.fr\/fr\/wp-json\/wp\/v2\/types\/product"}],"replies":[{"embeddable":true,"href":"https:\/\/pilonatic.fr\/fr\/wp-json\/wp\/v2\/comments?post=558"}],"wp:featuredmedia":[{"embeddable":true,"href":"https:\/\/pilonatic.fr\/fr\/wp-json\/wp\/v2\/media\/560"}],"wp:attachment":[{"href":"https:\/\/pilonatic.fr\/fr\/wp-json\/wp\/v2\/media?parent=558"}],"wp:term":[{"taxonomy":"product_brand","embeddable":true,"href":"https:\/\/pilonatic.fr\/fr\/wp-json\/wp\/v2\/product_brand?post=558"},{"taxonomy":"product_cat","embeddable":true,"href":"https:\/\/pilonatic.fr\/fr\/wp-json\/wp\/v2\/product_cat?post=558"},{"taxonomy":"product_tag","embeddable":true,"href":"https:\/\/pilonatic.fr\/fr\/wp-json\/wp\/v2\/product_tag?post=558"},{"taxonomy":"woo-feed-brand","embeddable":true,"href":"https:\/\/pilonatic.fr\/fr\/wp-json\/wp\/v2\/woo-feed-brand?post=558"}],"curies":[{"name":"wp","href":"https:\/\/api.w.org\/{rel}","templated":true}]}}