{"id":5550,"date":"2019-03-31T16:00:43","date_gmt":"2019-03-31T14:00:43","guid":{"rendered":"http:\/\/pilonatic.fr\/?post_type=product&#038;p=5550"},"modified":"2025-08-17T16:51:54","modified_gmt":"2025-08-17T14:51:54","slug":"reja-de-hierro-moderna","status":"publish","type":"product","link":"https:\/\/pilonatic.fr\/fr\/fr\/produit\/reja-de-hierro-moderna\/","title":{"rendered":"Reja de hierro Moderna compra online a medida directo de fabrica"},"content":{"rendered":"<ul>\n<li>Reja de hierro de arco de tubo rectangular\u00a0 30x20mm, en acero\u00a0 seg\u00fan norma de producto EN 10305-5 y certificado por AENOR (clasificaci\u00f3n 046\/008).<\/li>\n<li>Si tienes dudas sobre los sistemas de fijaci\u00f3n o acabado o medidas\u00a0 <a href=\"http:\/\/pilonatic.fr\/fr\/contact\/\">contactar<\/a>\u00a0 y le ayudar\u00e1 el comercial.<\/li>\n<\/ul>","protected":false},"excerpt":{"rendered":"<p>Reja de hierro Moderna, fabricada a medida y lacada al horno para m\u00e1xima resistencia. Precio bajo garantizado y compra directa online, con entrega r\u00e1pida y asesor\u00eda personalizada. Ideal para quienes buscan seguridad y est\u00e9tica en su vivienda o negocio. Solicita tu presupuesto y contacto: pilonatic@gmail.com o Tel\u00e9fono: (+34) 932497787.<\/p>","protected":false},"featured_media":5546,"comment_status":"closed","ping_status":"closed","template":"","meta":[],"product_brand":[],"product_cat":[135],"product_tag":[],"woo-feed-brand":[],"class_list":{"0":"post-5550","1":"product","2":"type-product","3":"status-publish","4":"has-post-thumbnail","6":"product_cat-rejas-seguridad","7":"product_shipping_class-envio-por-agencia","9":"first","10":"instock","11":"sale","12":"taxable","13":"shipping-taxable","14":"purchasable","15":"product-type-simple"},"aioseo_notices":[],"jetpack_sharing_enabled":true,"_links":{"self":[{"href":"https:\/\/pilonatic.fr\/fr\/wp-json\/wp\/v2\/product\/5550","targetHints":{"allow":["GET"]}}],"collection":[{"href":"https:\/\/pilonatic.fr\/fr\/wp-json\/wp\/v2\/product"}],"about":[{"href":"https:\/\/pilonatic.fr\/fr\/wp-json\/wp\/v2\/types\/product"}],"replies":[{"embeddable":true,"href":"https:\/\/pilonatic.fr\/fr\/wp-json\/wp\/v2\/comments?post=5550"}],"wp:featuredmedia":[{"embeddable":true,"href":"https:\/\/pilonatic.fr\/fr\/wp-json\/wp\/v2\/media\/5546"}],"wp:attachment":[{"href":"https:\/\/pilonatic.fr\/fr\/wp-json\/wp\/v2\/media?parent=5550"}],"wp:term":[{"taxonomy":"product_brand","embeddable":true,"href":"https:\/\/pilonatic.fr\/fr\/wp-json\/wp\/v2\/product_brand?post=5550"},{"taxonomy":"product_cat","embeddable":true,"href":"https:\/\/pilonatic.fr\/fr\/wp-json\/wp\/v2\/product_cat?post=5550"},{"taxonomy":"product_tag","embeddable":true,"href":"https:\/\/pilonatic.fr\/fr\/wp-json\/wp\/v2\/product_tag?post=5550"},{"taxonomy":"woo-feed-brand","embeddable":true,"href":"https:\/\/pilonatic.fr\/fr\/wp-json\/wp\/v2\/woo-feed-brand?post=5550"}],"curies":[{"name":"wp","href":"https:\/\/api.w.org\/{rel}","templated":true}]}}