{"id":5548,"date":"2019-03-31T15:31:13","date_gmt":"2019-03-31T13:31:13","guid":{"rendered":"http:\/\/pilonatic.fr\/?post_type=product&#038;p=5548"},"modified":"2025-08-17T16:51:54","modified_gmt":"2025-08-17T14:51:54","slug":"reja-de-hierro-compra-online-a-medida-directo-de-fabrica-diseno2","status":"publish","type":"product","link":"https:\/\/pilonatic.fr\/fr\/fr\/produit\/reja-de-hierro-compra-online-a-medida-directo-de-fabrica-diseno2\/","title":{"rendered":"Reja de hierro compra online a medida directo de fabrica dise\u00f1o 2"},"content":{"rendered":"<ul>\n<li>Reja de hierro de arco de tubo rectangular\u00a0 30x20mm, en acero\u00a0 seg\u00fan norma de producto EN 10305-5 y certificado por AENOR (clasificaci\u00f3n 046\/008).<\/li>\n<li>Si tienes dudas sobre los sistemas de fijaci\u00f3n o acabado o medidas\u00a0 <a href=\"http:\/\/pilonatic.fr\/fr\/contact\/\">contactar<\/a>\u00a0 y le ayudar\u00e1 el comercial.<\/li>\n<\/ul>","protected":false},"excerpt":{"rendered":"<p>La reja de hierro modelo Dise\u00f1o 2 es una soluci\u00f3n a medida, fabricada con materiales de calidad y lacada al horno. Aprovecha el precio bajo de f\u00e1brica, compra online y recibe asesor\u00eda para una instalaci\u00f3n segura y personalizada. Entrega r\u00e1pida y atenci\u00f3n directa en pilonatic@gmail.com o Tel\u00e9fono: (+34) 932497787.<\/p>","protected":false},"featured_media":5552,"comment_status":"closed","ping_status":"closed","template":"","meta":[],"product_brand":[],"product_cat":[135],"product_tag":[],"woo-feed-brand":[],"class_list":{"0":"post-5548","1":"product","2":"type-product","3":"status-publish","4":"has-post-thumbnail","6":"product_cat-rejas-seguridad","7":"product_shipping_class-envio-por-agencia","9":"first","10":"instock","11":"sale","12":"taxable","13":"shipping-taxable","14":"purchasable","15":"product-type-simple"},"aioseo_notices":[],"jetpack_sharing_enabled":true,"_links":{"self":[{"href":"https:\/\/pilonatic.fr\/fr\/wp-json\/wp\/v2\/product\/5548","targetHints":{"allow":["GET"]}}],"collection":[{"href":"https:\/\/pilonatic.fr\/fr\/wp-json\/wp\/v2\/product"}],"about":[{"href":"https:\/\/pilonatic.fr\/fr\/wp-json\/wp\/v2\/types\/product"}],"replies":[{"embeddable":true,"href":"https:\/\/pilonatic.fr\/fr\/wp-json\/wp\/v2\/comments?post=5548"}],"wp:featuredmedia":[{"embeddable":true,"href":"https:\/\/pilonatic.fr\/fr\/wp-json\/wp\/v2\/media\/5552"}],"wp:attachment":[{"href":"https:\/\/pilonatic.fr\/fr\/wp-json\/wp\/v2\/media?parent=5548"}],"wp:term":[{"taxonomy":"product_brand","embeddable":true,"href":"https:\/\/pilonatic.fr\/fr\/wp-json\/wp\/v2\/product_brand?post=5548"},{"taxonomy":"product_cat","embeddable":true,"href":"https:\/\/pilonatic.fr\/fr\/wp-json\/wp\/v2\/product_cat?post=5548"},{"taxonomy":"product_tag","embeddable":true,"href":"https:\/\/pilonatic.fr\/fr\/wp-json\/wp\/v2\/product_tag?post=5548"},{"taxonomy":"woo-feed-brand","embeddable":true,"href":"https:\/\/pilonatic.fr\/fr\/wp-json\/wp\/v2\/woo-feed-brand?post=5548"}],"curies":[{"name":"wp","href":"https:\/\/api.w.org\/{rel}","templated":true}]}}