{"id":5082,"date":"2019-01-07T01:30:58","date_gmt":"2019-01-07T00:30:58","guid":{"rendered":"http:\/\/pilonatic.fr\/?post_type=product&#038;p=5082"},"modified":"2024-01-19T11:47:41","modified_gmt":"2024-01-19T10:47:41","slug":"vallado-de-lama-z","status":"publish","type":"product","link":"https:\/\/pilonatic.fr\/fr\/fr\/produit\/vallado-de-lama-z\/","title":{"rendered":"Vallado cubre muros  de lamas z \/  Lamas mallorquinas o venecianas Z"},"content":{"rendered":"<p>Vallas r\u00edgidas elaboradas a medida que se sustentan sobre postes met\u00e1licos , recibidos en el suelo, en los muros o anclados con piezas de cerrajer\u00eda.<\/p>\n<p>Son f\u00e1cilmente adaptables a cualquier altura o anchura, as\u00ed como a las diferentes pendientes del terrenos, cuadrando las distancias entre postes.<\/p>\n<p>Una vez realizado el pedido le enviaremos los planos para confirmar detalles como medidas y apertura (podran pedir cualquer modificaci\u00f3n),una vez confirmado <b>nos ponemos a fabricarla<\/b> y en 15 d\u00edas laborables la tendr\u00e1s en tu casa.<\/p>","protected":false},"excerpt":{"rendered":"<p>Vallas r\u00edgidas elaboradas a medida que se sustentan sobre postes met\u00e1licos, recibidos en el suelo, en los muros o anclados con piezas de cerrajer\u00eda.<\/p>\n<p>Son f\u00e1cilmente adaptables a cualquier altura o anchura, as\u00ed como a las diferentes pendientes del terrenos, cuadrando las distancias entre postes.<\/p>","protected":false},"featured_media":5732,"comment_status":"closed","ping_status":"closed","template":"","meta":[],"product_brand":[],"product_cat":[227],"product_tag":[],"woo-feed-brand":[],"class_list":{"0":"post-5082","1":"product","2":"type-product","3":"status-publish","4":"has-post-thumbnail","6":"product_cat-vallado-residencial","7":"product_shipping_class-envio-por-agencia","9":"first","10":"instock","11":"sale","12":"taxable","13":"shipping-taxable","14":"purchasable","15":"product-type-simple"},"aioseo_notices":[],"jetpack_sharing_enabled":true,"_links":{"self":[{"href":"https:\/\/pilonatic.fr\/fr\/wp-json\/wp\/v2\/product\/5082","targetHints":{"allow":["GET"]}}],"collection":[{"href":"https:\/\/pilonatic.fr\/fr\/wp-json\/wp\/v2\/product"}],"about":[{"href":"https:\/\/pilonatic.fr\/fr\/wp-json\/wp\/v2\/types\/product"}],"replies":[{"embeddable":true,"href":"https:\/\/pilonatic.fr\/fr\/wp-json\/wp\/v2\/comments?post=5082"}],"wp:featuredmedia":[{"embeddable":true,"href":"https:\/\/pilonatic.fr\/fr\/wp-json\/wp\/v2\/media\/5732"}],"wp:attachment":[{"href":"https:\/\/pilonatic.fr\/fr\/wp-json\/wp\/v2\/media?parent=5082"}],"wp:term":[{"taxonomy":"product_brand","embeddable":true,"href":"https:\/\/pilonatic.fr\/fr\/wp-json\/wp\/v2\/product_brand?post=5082"},{"taxonomy":"product_cat","embeddable":true,"href":"https:\/\/pilonatic.fr\/fr\/wp-json\/wp\/v2\/product_cat?post=5082"},{"taxonomy":"product_tag","embeddable":true,"href":"https:\/\/pilonatic.fr\/fr\/wp-json\/wp\/v2\/product_tag?post=5082"},{"taxonomy":"woo-feed-brand","embeddable":true,"href":"https:\/\/pilonatic.fr\/fr\/wp-json\/wp\/v2\/woo-feed-brand?post=5082"}],"curies":[{"name":"wp","href":"https:\/\/api.w.org\/{rel}","templated":true}]}}