{"id":5067,"date":"2019-01-07T00:34:29","date_gmt":"2019-01-06T23:34:29","guid":{"rendered":"http:\/\/pilonatic.fr\/?post_type=product&#038;p=5067"},"modified":"2025-01-30T10:54:18","modified_gmt":"2025-01-30T09:54:18","slug":"vallado-de-chapa-perforada","status":"publish","type":"product","link":"https:\/\/pilonatic.fr\/fr\/fr\/produit\/vallado-de-chapa-perforada\/","title":{"rendered":"Vallado cubre muros de chapa perforada"},"content":{"rendered":"<p>Vallas r\u00edgidas elaboradas a medida que se sustentan sobre postes met\u00e1licos, recibidos en el suelo, en los muros o anclados con piezas de cerrajer\u00eda.<\/p>\n<p>Son f\u00e1cilmente adaptables a cualquier altura o anchura, as\u00ed como a las diferentes pendientes del terrenos, cuadrando las distancias entre postes.<\/p>","protected":false},"excerpt":{"rendered":"<p>Vallas r\u00edgidas elaboradas a medida que se sustentan sobre postes met\u00e1licos, recibidos en el suelo, en los muros o anclados con piezas de cerrajer\u00eda.<\/p>\n<p>Son f\u00e1cilmente adaptables a cualquier altura o anchura, as\u00ed como a las diferentes pendientes del terrenos, cuadrando las distancias entre postes.<\/p>","protected":false},"featured_media":5068,"comment_status":"closed","ping_status":"closed","template":"","meta":[],"product_brand":[],"product_cat":[227],"product_tag":[],"woo-feed-brand":[],"class_list":{"0":"post-5067","1":"product","2":"type-product","3":"status-publish","4":"has-post-thumbnail","6":"product_cat-vallado-residencial","7":"product_shipping_class-envio-por-agencia","9":"first","10":"instock","11":"taxable","12":"shipping-taxable","13":"purchasable","14":"product-type-simple"},"aioseo_notices":[],"jetpack_sharing_enabled":true,"_links":{"self":[{"href":"https:\/\/pilonatic.fr\/fr\/wp-json\/wp\/v2\/product\/5067","targetHints":{"allow":["GET"]}}],"collection":[{"href":"https:\/\/pilonatic.fr\/fr\/wp-json\/wp\/v2\/product"}],"about":[{"href":"https:\/\/pilonatic.fr\/fr\/wp-json\/wp\/v2\/types\/product"}],"replies":[{"embeddable":true,"href":"https:\/\/pilonatic.fr\/fr\/wp-json\/wp\/v2\/comments?post=5067"}],"wp:featuredmedia":[{"embeddable":true,"href":"https:\/\/pilonatic.fr\/fr\/wp-json\/wp\/v2\/media\/5068"}],"wp:attachment":[{"href":"https:\/\/pilonatic.fr\/fr\/wp-json\/wp\/v2\/media?parent=5067"}],"wp:term":[{"taxonomy":"product_brand","embeddable":true,"href":"https:\/\/pilonatic.fr\/fr\/wp-json\/wp\/v2\/product_brand?post=5067"},{"taxonomy":"product_cat","embeddable":true,"href":"https:\/\/pilonatic.fr\/fr\/wp-json\/wp\/v2\/product_cat?post=5067"},{"taxonomy":"product_tag","embeddable":true,"href":"https:\/\/pilonatic.fr\/fr\/wp-json\/wp\/v2\/product_tag?post=5067"},{"taxonomy":"woo-feed-brand","embeddable":true,"href":"https:\/\/pilonatic.fr\/fr\/wp-json\/wp\/v2\/woo-feed-brand?post=5067"}],"curies":[{"name":"wp","href":"https:\/\/api.w.org\/{rel}","templated":true}]}}