{"id":4973,"date":"2018-11-08T00:18:33","date_gmt":"2018-11-07T23:18:33","guid":{"rendered":"http:\/\/pilonatic.fr\/?post_type=product&#038;p=4973"},"modified":"2022-05-05T09:31:16","modified_gmt":"2022-05-05T07:31:16","slug":"barrera-automatica-parking","status":"publish","type":"product","link":"https:\/\/pilonatic.fr\/fr\/fr\/produit\/barrera-automatica-parking\/","title":{"rendered":"Barrera autom\u00e1tica de parking con mando PBM6"},"content":{"rendered":"<div id=\"idTab1\" class=\"rte\">\n<div class=\"wpb_text_column wpb_content_element\">\n<div class=\"wpb_wrapper\">\n<h3>PBM6<\/h3>\n<\/div>\n<\/div>\n<div class=\"gap\"><\/div>\n<div class=\"wpb_text_column wpb_content_element\">\n<div class=\"wpb_wrapper\">Barrera electromec\u00e1nica hasta 6m para uso intensivo<\/div>\n<\/div>\n<div class=\"gap\"><\/div>\n<div class=\"wpb_text_column wpb_content_element\">\n<div class=\"wpb_wrapper\">\n<h5>Composici\u00f3n :<\/h5>\n<\/div>\n<\/div>\n<div class=\"gap\"><\/div>\n<div class=\"standard-arrow\">\n<ul>\n<li>Barrera telesc\u00f3pica de 3m a 6m incluida<\/li>\n<li>Con arranque y paro suave<\/li>\n<li>1 Motor Barrera 230V \u2013 Con sistema de refrigeraci\u00f3n forzado<\/li>\n<li>1 soporte para barrera<\/li>\n<li>1 Central MC15 con receptor incorporado<\/li>\n<li>1 Juego de fotoc\u00e9lulas exteriores MF1<\/li>\n<li>2 Mandos con 4 canales MX4SP<\/li>\n<li>Sem\u00e1foro RGB integrado<\/li>\n<\/ul>\n<\/div>\n<\/div>","protected":false},"excerpt":{"rendered":"<h4>PBM6\u00a0 es una barrera electromec\u00e1nica de uso intensivo (motor ventilado), ideal para control de tr\u00e1nsito, prohibici\u00f3n de pasajes, etc. Su haste en aluminio a medida de 3,6m hasta 6m, hace de este producto una soluci\u00f3n vers\u00e1til para muchas situaciones.<\/h4>","protected":false},"featured_media":4974,"comment_status":"closed","ping_status":"closed","template":"","meta":[],"product_brand":[],"product_cat":[55,132],"product_tag":[],"woo-feed-brand":[],"class_list":{"0":"post-4973","1":"product","2":"type-product","3":"status-publish","4":"has-post-thumbnail","6":"product_cat-barreras-manuales","7":"product_cat-proteccion-industrial","8":"product_shipping_class-envio-por-agencia","10":"first","11":"instock","12":"taxable","13":"shipping-taxable","14":"purchasable","15":"product-type-simple"},"aioseo_notices":[],"jetpack_sharing_enabled":true,"_links":{"self":[{"href":"https:\/\/pilonatic.fr\/fr\/wp-json\/wp\/v2\/product\/4973","targetHints":{"allow":["GET"]}}],"collection":[{"href":"https:\/\/pilonatic.fr\/fr\/wp-json\/wp\/v2\/product"}],"about":[{"href":"https:\/\/pilonatic.fr\/fr\/wp-json\/wp\/v2\/types\/product"}],"replies":[{"embeddable":true,"href":"https:\/\/pilonatic.fr\/fr\/wp-json\/wp\/v2\/comments?post=4973"}],"wp:featuredmedia":[{"embeddable":true,"href":"https:\/\/pilonatic.fr\/fr\/wp-json\/wp\/v2\/media\/4974"}],"wp:attachment":[{"href":"https:\/\/pilonatic.fr\/fr\/wp-json\/wp\/v2\/media?parent=4973"}],"wp:term":[{"taxonomy":"product_brand","embeddable":true,"href":"https:\/\/pilonatic.fr\/fr\/wp-json\/wp\/v2\/product_brand?post=4973"},{"taxonomy":"product_cat","embeddable":true,"href":"https:\/\/pilonatic.fr\/fr\/wp-json\/wp\/v2\/product_cat?post=4973"},{"taxonomy":"product_tag","embeddable":true,"href":"https:\/\/pilonatic.fr\/fr\/wp-json\/wp\/v2\/product_tag?post=4973"},{"taxonomy":"woo-feed-brand","embeddable":true,"href":"https:\/\/pilonatic.fr\/fr\/wp-json\/wp\/v2\/woo-feed-brand?post=4973"}],"curies":[{"name":"wp","href":"https:\/\/api.w.org\/{rel}","templated":true}]}}