{"id":4920,"date":"2018-10-02T22:04:55","date_gmt":"2018-10-02T20:04:55","guid":{"rendered":"http:\/\/pilonatic.fr\/?post_type=product&#038;p=4920"},"modified":"2025-02-04T12:05:18","modified_gmt":"2025-02-04T11:05:18","slug":"fuente-exterior-de-tubo-cuadrado","status":"publish","type":"product","link":"https:\/\/pilonatic.fr\/fr\/fr\/produit\/fuente-exterior-de-tubo-cuadrado\/","title":{"rendered":"Fuente agua exterior de modelo Eco"},"content":{"rendered":"<div class=\"el-cos\">\n<p><u><b>Ficha t\u00e9cnica:<\/b><\/u><\/p>\n<ul>\n<li>Modelo: Fuente tubo cuadrado<\/li>\n<li>Material: Cuerpo de acero, rejilla de acero galvanizado y grifo de lat\u00f3n cromado.<\/li>\n<li>Acabado: Pintado epoxi al horno negro forja.<\/li>\n<li>Peso: 49.2Kg.<\/li>\n<li>Grifo: Grifo pulsador con temporizador y regulaci\u00f3n de cauda. Conexi\u00f3n de entrada de \u00bd Pulgadas.<\/li>\n<li>Anclaje: Mediante empotramiento directo.<\/li>\n<\/ul>\n<p><u><b>Dimensiones:<\/b><\/u><\/p>\n<ul>\n<li>Ancho: 318 mm.<\/li>\n<li>Largo: 519 mm.<\/li>\n<li>Alto: 1004 mm.<\/li>\n<li>Altura grifo: 754mm.<\/li>\n<li>Reja: 418 x 348.<\/li>\n<\/ul>\n<\/div>","protected":false},"excerpt":{"rendered":"<div class=\"images\">\n<div class=\"yith_magnifier_zoom_wrap\">\n<div class=\"yith_magnifier_mousetrap\"><\/div>\n<\/div>\n<\/div>\n<div class=\"summary entry-summary\">\n<div><\/div>\n<div>\n<p>Fuente\u00a0 con grifo cromado y rejilla desag\u00fce de religa galvanizada altura 1000 mm tubo cuadrado de 150\u00d7150 mm. acabada con pintura oxir\u00f3n negro forja.<\/p>\n<\/div>\n<\/div>","protected":false},"featured_media":7202,"comment_status":"closed","ping_status":"closed","template":"","meta":[],"product_brand":[],"product_cat":[79],"product_tag":[],"woo-feed-brand":[],"class_list":{"0":"post-4920","1":"product","2":"type-product","3":"status-publish","4":"has-post-thumbnail","6":"product_cat-fuentes-urbanas","7":"product_shipping_class-envio-por-agencia","9":"first","10":"instock","11":"sale","12":"taxable","13":"shipping-taxable","14":"purchasable","15":"product-type-simple"},"aioseo_notices":[],"jetpack_sharing_enabled":true,"_links":{"self":[{"href":"https:\/\/pilonatic.fr\/fr\/wp-json\/wp\/v2\/product\/4920","targetHints":{"allow":["GET"]}}],"collection":[{"href":"https:\/\/pilonatic.fr\/fr\/wp-json\/wp\/v2\/product"}],"about":[{"href":"https:\/\/pilonatic.fr\/fr\/wp-json\/wp\/v2\/types\/product"}],"replies":[{"embeddable":true,"href":"https:\/\/pilonatic.fr\/fr\/wp-json\/wp\/v2\/comments?post=4920"}],"wp:featuredmedia":[{"embeddable":true,"href":"https:\/\/pilonatic.fr\/fr\/wp-json\/wp\/v2\/media\/7202"}],"wp:attachment":[{"href":"https:\/\/pilonatic.fr\/fr\/wp-json\/wp\/v2\/media?parent=4920"}],"wp:term":[{"taxonomy":"product_brand","embeddable":true,"href":"https:\/\/pilonatic.fr\/fr\/wp-json\/wp\/v2\/product_brand?post=4920"},{"taxonomy":"product_cat","embeddable":true,"href":"https:\/\/pilonatic.fr\/fr\/wp-json\/wp\/v2\/product_cat?post=4920"},{"taxonomy":"product_tag","embeddable":true,"href":"https:\/\/pilonatic.fr\/fr\/wp-json\/wp\/v2\/product_tag?post=4920"},{"taxonomy":"woo-feed-brand","embeddable":true,"href":"https:\/\/pilonatic.fr\/fr\/wp-json\/wp\/v2\/woo-feed-brand?post=4920"}],"curies":[{"name":"wp","href":"https:\/\/api.w.org\/{rel}","templated":true}]}}