{"id":4906,"date":"2018-10-01T23:52:35","date_gmt":"2018-10-01T21:52:35","guid":{"rendered":"http:\/\/pilonatic.fr\/?post_type=product&#038;p=4906"},"modified":"2024-08-06T10:52:52","modified_gmt":"2024-08-06T08:52:52","slug":"pilona-grey","status":"publish","type":"product","link":"https:\/\/pilonatic.fr\/fr\/fr\/produit\/pilona-grey\/","title":{"rendered":"Pilona Grey"},"content":{"rendered":"<p><u>Ficha t\u00e9cnica<\/u>:<\/p>\n<ul>\n<li>Material: HEB 100mm<\/li>\n<li>Color: imprimaci\u00f3n + pintura negra u oxidante.<\/li>\n<li>Opci\u00f3n: extra\u00edble o fija.<\/li>\n<\/ul>\n<p><u>Medidas<\/u>:<\/p>\n<ul>\n<li>Alt. total: 1002mm.<\/li>\n<li>Alt. empotramiento: 150mm.<\/li>\n<\/ul>","protected":false},"excerpt":{"rendered":"<p>Pilona modelo Grey, fabricada de HEB 100mm. Pilona muy resistente, decorativa, pr\u00e1ctica y \u00fatil, para evitar que los coches aparquen mal con dise\u00f1o moderno.<\/p>","protected":false},"featured_media":4907,"comment_status":"closed","ping_status":"closed","template":"","meta":[],"product_brand":[],"product_cat":[18],"product_tag":[],"woo-feed-brand":[],"class_list":{"0":"post-4906","1":"product","2":"type-product","3":"status-publish","4":"has-post-thumbnail","6":"product_cat-pilonas-fijas_bolardos_fijos","7":"product_shipping_class-envio-por-agencia","9":"first","10":"instock","11":"sale","12":"taxable","13":"shipping-taxable","14":"purchasable","15":"product-type-simple"},"aioseo_notices":[],"jetpack_sharing_enabled":true,"_links":{"self":[{"href":"https:\/\/pilonatic.fr\/fr\/wp-json\/wp\/v2\/product\/4906","targetHints":{"allow":["GET"]}}],"collection":[{"href":"https:\/\/pilonatic.fr\/fr\/wp-json\/wp\/v2\/product"}],"about":[{"href":"https:\/\/pilonatic.fr\/fr\/wp-json\/wp\/v2\/types\/product"}],"replies":[{"embeddable":true,"href":"https:\/\/pilonatic.fr\/fr\/wp-json\/wp\/v2\/comments?post=4906"}],"wp:featuredmedia":[{"embeddable":true,"href":"https:\/\/pilonatic.fr\/fr\/wp-json\/wp\/v2\/media\/4907"}],"wp:attachment":[{"href":"https:\/\/pilonatic.fr\/fr\/wp-json\/wp\/v2\/media?parent=4906"}],"wp:term":[{"taxonomy":"product_brand","embeddable":true,"href":"https:\/\/pilonatic.fr\/fr\/wp-json\/wp\/v2\/product_brand?post=4906"},{"taxonomy":"product_cat","embeddable":true,"href":"https:\/\/pilonatic.fr\/fr\/wp-json\/wp\/v2\/product_cat?post=4906"},{"taxonomy":"product_tag","embeddable":true,"href":"https:\/\/pilonatic.fr\/fr\/wp-json\/wp\/v2\/product_tag?post=4906"},{"taxonomy":"woo-feed-brand","embeddable":true,"href":"https:\/\/pilonatic.fr\/fr\/wp-json\/wp\/v2\/woo-feed-brand?post=4906"}],"curies":[{"name":"wp","href":"https:\/\/api.w.org\/{rel}","templated":true}]}}