{"id":471,"date":"2018-06-08T02:10:39","date_gmt":"2018-06-08T00:10:39","guid":{"rendered":"http:\/\/pilonatic.fr\/?post_type=product&#038;p=471"},"modified":"2022-05-05T09:39:01","modified_gmt":"2022-05-05T07:39:01","slug":"montblanc-banco-urbano-de-acero-y-madera","status":"publish","type":"product","link":"https:\/\/pilonatic.fr\/fr\/fr\/produit\/montblanc-banco-urbano-de-acero-y-madera\/","title":{"rendered":"MONTBLANC Banco urbano de acero y madera"},"content":{"rendered":"<p><span id=\"result_box\" class=\"\" lang=\"es\" tabindex=\"-1\"><span class=\"\">dimensiones generales mm 1840x656x604 &#8211; altura del asiento mm 405<\/span><\/span><\/p>","protected":false},"excerpt":{"rendered":"<p><span id=\"result_box\" class=\"\" lang=\"es\" tabindex=\"-1\"><span class=\"\">MOKKA es un banco que se basa en la ergonom\u00eda de los bancos de parque m\u00e1s cl\u00e1sicos, pero revisita sus formas en clave moderna. El asiento, en forma de ola, y la parte posterior est\u00e1n compuestos por perfiles de madera ex\u00f3ticos. Estos perfiles son soportados por perfiles de acero que tienen la misma longitud pero diferente ancho (20 mm, 40 mm, 80 mm) que coinciden con las curvas y las l\u00edneas del banco, que se extienden a la perfecci\u00f3n en cada punto y hacen que el asiento sea absolutamente c\u00f3modo. Dos patas laterales de acero en los extremos del banco cierran la estructura, soportan los perfiles y lo anclan al suelo.<\/span><\/span><\/p>\n<p>&nbsp;<\/p>","protected":false},"featured_media":474,"comment_status":"closed","ping_status":"closed","template":"","meta":[],"product_brand":[],"product_cat":[54,15],"product_tag":[61,59,60,57,58,56,62],"woo-feed-brand":[],"class_list":{"0":"post-471","1":"product","2":"type-product","3":"status-publish","4":"has-post-thumbnail","6":"product_cat-bancos","7":"product_cat-mobiliario-urbano","8":"product_tag-bancos-acer-y-madera","9":"product_tag-bancos-de-diseno","10":"product_tag-bancos-economicos","11":"product_tag-bancos-futuros","12":"product_tag-bancos-modernos","13":"product_tag-benches","14":"product_tag-wooden-benches","15":"product_shipping_class-envio-por-agencia","17":"first","18":"instock","19":"sale","20":"featured","21":"taxable","22":"shipping-taxable","23":"purchasable","24":"product-type-variable"},"aioseo_notices":[],"jetpack_sharing_enabled":true,"_links":{"self":[{"href":"https:\/\/pilonatic.fr\/fr\/wp-json\/wp\/v2\/product\/471","targetHints":{"allow":["GET"]}}],"collection":[{"href":"https:\/\/pilonatic.fr\/fr\/wp-json\/wp\/v2\/product"}],"about":[{"href":"https:\/\/pilonatic.fr\/fr\/wp-json\/wp\/v2\/types\/product"}],"replies":[{"embeddable":true,"href":"https:\/\/pilonatic.fr\/fr\/wp-json\/wp\/v2\/comments?post=471"}],"wp:featuredmedia":[{"embeddable":true,"href":"https:\/\/pilonatic.fr\/fr\/wp-json\/wp\/v2\/media\/474"}],"wp:attachment":[{"href":"https:\/\/pilonatic.fr\/fr\/wp-json\/wp\/v2\/media?parent=471"}],"wp:term":[{"taxonomy":"product_brand","embeddable":true,"href":"https:\/\/pilonatic.fr\/fr\/wp-json\/wp\/v2\/product_brand?post=471"},{"taxonomy":"product_cat","embeddable":true,"href":"https:\/\/pilonatic.fr\/fr\/wp-json\/wp\/v2\/product_cat?post=471"},{"taxonomy":"product_tag","embeddable":true,"href":"https:\/\/pilonatic.fr\/fr\/wp-json\/wp\/v2\/product_tag?post=471"},{"taxonomy":"woo-feed-brand","embeddable":true,"href":"https:\/\/pilonatic.fr\/fr\/wp-json\/wp\/v2\/woo-feed-brand?post=471"}],"curies":[{"name":"wp","href":"https:\/\/api.w.org\/{rel}","templated":true}]}}