{"id":4608,"date":"2018-08-26T00:05:41","date_gmt":"2018-08-25T22:05:41","guid":{"rendered":"http:\/\/pilonatic.fr\/?post_type=product&#038;p=4608"},"modified":"2025-05-26T16:57:23","modified_gmt":"2025-05-26T14:57:23","slug":"barra-de-control-de-galibo","status":"publish","type":"product","link":"https:\/\/pilonatic.fr\/fr\/fr\/produit\/barra-de-control-de-galibo\/","title":{"rendered":"Barra de control de g\u00e1libo con P\u00f3rtico fabricaci\u00f3n a medida lacado en blanco"},"content":{"rendered":"<h2>Calidad y Personalizaci\u00f3n a Tu Alcance<\/h2>\n<p>La <strong>Barra de control de g\u00e1libo con P\u00f3rtico<\/strong> es la soluci\u00f3n ideal para quienes buscan flexibilidad y un producto adaptado a sus necesidades espec\u00edficas. Fabricada con barras de acero de alta resistencia de 100x40mm y 80x40mm,tubo redondo de 80mm ,esta barra no solo es robusta, sino tambi\u00e9n personalizable. Ya sea que necesites un tama\u00f1o espec\u00edfico para tu p\u00f3rtico o un modelo est\u00e1ndar, aqu\u00ed encontrar\u00e1s exactamente lo que buscas.<\/p>\n<h2>Caracter\u00edsticas Destacadas de Nuestro Producto<\/h2>\n<p>El proceso de fabricaci\u00f3n de nuestra barra incluye un lacado al horno en blanco, lo que garantiza un acabado duradero y atractivo. Adem\u00e1s, las tiras reflectantes rojas agregan un elemento de seguridad y visibilidad, crucial para el uso en diversas condiciones. Esto significa que tu p\u00f3rtico no solo ser\u00e1 funcional, sino que tambi\u00e9n, podr\u00e1 ser visto con claridad, minimizando el riesgo de accidentes.<\/p>\n<h2>F\u00e1cil Personalizaci\u00f3n y Solicitud en L\u00ednea<\/h2>\n<p>Una de las caracter\u00edsticas m\u00e1s importantes de nuestra barra de control de g\u00e1libo es la opci\u00f3n de personalizaci\u00f3n. Los clientes pueden solicitar medidas espec\u00edficas en mil\u00edmetros para su p\u00f3rtico y recibir un precio inmediato sin complicaciones. Este sistema simplificado permite a los usuarios realizar su pedido en l\u00ednea de manera eficiente y pr\u00e1ctica, garantizando una experiencia de compra sin estr\u00e9s. Con nuestro servicio, tienes la libertad de obtener un producto 100% adaptado a tus requerimientos.<\/p>\n<p>Ya sea que necesites una barra para uso industrial, comercial, o personal, nuestra barra de control de g\u00e1libo con p\u00f3rtico es la elecci\u00f3n perfecta. Haz tu pedido hoy mismo y disfruta de la calidad y personalizaci\u00f3n que solo nosotros ofrecemos.<\/p>","protected":false},"excerpt":{"rendered":"<p>Ideales para la se\u00f1alizaci\u00f3n de las dimensiones m\u00e1ximas de altura de los veh\u00edculos que pueden acceder al recinto.<\/p>\n<p>Medidas: ancho de v\u00eda desde 1500 a9200 mm.<\/p>","protected":false},"featured_media":4609,"comment_status":"open","ping_status":"closed","template":"","meta":[],"product_brand":[],"product_cat":[55],"product_tag":[],"woo-feed-brand":[],"class_list":{"0":"post-4608","1":"product","2":"type-product","3":"status-publish","4":"has-post-thumbnail","6":"product_cat-barreras-manuales","7":"product_shipping_class-envio-por-agencia","9":"first","10":"instock","11":"taxable","12":"shipping-taxable","13":"purchasable","14":"product-type-simple"},"aioseo_notices":[],"jetpack_sharing_enabled":true,"_links":{"self":[{"href":"https:\/\/pilonatic.fr\/fr\/wp-json\/wp\/v2\/product\/4608","targetHints":{"allow":["GET"]}}],"collection":[{"href":"https:\/\/pilonatic.fr\/fr\/wp-json\/wp\/v2\/product"}],"about":[{"href":"https:\/\/pilonatic.fr\/fr\/wp-json\/wp\/v2\/types\/product"}],"replies":[{"embeddable":true,"href":"https:\/\/pilonatic.fr\/fr\/wp-json\/wp\/v2\/comments?post=4608"}],"wp:featuredmedia":[{"embeddable":true,"href":"https:\/\/pilonatic.fr\/fr\/wp-json\/wp\/v2\/media\/4609"}],"wp:attachment":[{"href":"https:\/\/pilonatic.fr\/fr\/wp-json\/wp\/v2\/media?parent=4608"}],"wp:term":[{"taxonomy":"product_brand","embeddable":true,"href":"https:\/\/pilonatic.fr\/fr\/wp-json\/wp\/v2\/product_brand?post=4608"},{"taxonomy":"product_cat","embeddable":true,"href":"https:\/\/pilonatic.fr\/fr\/wp-json\/wp\/v2\/product_cat?post=4608"},{"taxonomy":"product_tag","embeddable":true,"href":"https:\/\/pilonatic.fr\/fr\/wp-json\/wp\/v2\/product_tag?post=4608"},{"taxonomy":"woo-feed-brand","embeddable":true,"href":"https:\/\/pilonatic.fr\/fr\/wp-json\/wp\/v2\/woo-feed-brand?post=4608"}],"curies":[{"name":"wp","href":"https:\/\/api.w.org\/{rel}","templated":true}]}}