{"id":4607,"date":"2018-08-26T00:01:24","date_gmt":"2018-08-25T22:01:24","guid":{"rendered":"http:\/\/pilonatic.fr\/?post_type=product&#038;p=4607"},"modified":"2025-05-26T17:02:55","modified_gmt":"2025-05-26T15:02:55","slug":"porticos-senalizadores-de-control-de-galibo","status":"publish","type":"product","link":"https:\/\/pilonatic.fr\/fr\/fr\/produit\/porticos-senalizadores-de-control-de-galibo\/","title":{"rendered":"Porticos se\u00f1alizadores de control de g\u00e1libo de acero galvanizado"},"content":{"rendered":"<h2>Durabilidad y Resistencia en Cada Detalle<\/h2>\n<p>Los porticos se\u00f1alizadores de control de g\u00e1libo est\u00e1n dise\u00f1ados espec\u00edficamente para ofrecer la m\u00e1xima durabilidad y resistencia. Fabricados en acero galvanizado, estos porticos no solo son fuertes, sino que tambi\u00e9n se adaptan perfectamente a las exigencias del entorno. Con un dise\u00f1o que permite placas para atornillar o empotrar en cemento, estos porticos aseguran una instalaci\u00f3n funcional y segura en cualquier \u00e1rea de trabajo.<\/p>\n<h2>Opciones de Personalizaci\u00f3n para Ajustarse a sus Necesidades<\/h2>\n<p>Ofrecemos la opci\u00f3n de elegir entre tubos de 100x40x2mm o 80x40x2mm, as\u00ed como un tubo redondo de 80mm para postes. Esta variedad le permite seleccionar el modelo que mejor se adapte a su proyecto espec\u00edfico. La versatilidad en los tama\u00f1os asegura que cada cliente pueda encontrar la soluci\u00f3n perfecta para sus necesidades. Adem\u00e1s, los soldaduras y placas est\u00e1n tratadas con pintura galvanizada, asegurando una apariencia limpia y profesional a largo plazo.<\/p>\n<h2>Solicite su Dise\u00f1o a Medida y Obtenga un Presupuesto R\u00e1pido<\/h2>\n<p>Entendemos que cada proyecto es \u00fanico, por lo que le invitamos a proporcionarnos sus medidas en mil\u00edmetros para que podamos ofrecerle un presupuesto ajustado. No solo puede personalizar el tama\u00f1o, sino tambi\u00e9n hacer un encargo espec\u00edfico seg\u00fan sus requisitos. Nuestro equipo est\u00e1 preparado para ayudarle en cada paso del proceso, desde la selecci\u00f3n del modelo hasta la finalizaci\u00f3n del pedido.<\/p>","protected":false},"excerpt":{"rendered":"<p>porticos ideales para se\u00f1alizaci\u00f3n de las dimensiones m\u00e1ximas de altura y anchura de los veh\u00edculos que puedan acceder al recinto.<\/p>\n<p>Medidas: 2200 mm altura y un ancho de v\u00eda desde 1850 a 7200 mm.<\/p>","protected":false},"featured_media":8093,"comment_status":"open","ping_status":"closed","template":"","meta":[],"product_brand":[],"product_cat":[55],"product_tag":[],"woo-feed-brand":[],"class_list":{"0":"post-4607","1":"product","2":"type-product","3":"status-publish","4":"has-post-thumbnail","6":"product_cat-barreras-manuales","7":"product_shipping_class-envio-por-agencia","9":"first","10":"instock","11":"taxable","12":"shipping-taxable","13":"purchasable","14":"product-type-simple"},"aioseo_notices":[],"jetpack_sharing_enabled":true,"_links":{"self":[{"href":"https:\/\/pilonatic.fr\/fr\/wp-json\/wp\/v2\/product\/4607","targetHints":{"allow":["GET"]}}],"collection":[{"href":"https:\/\/pilonatic.fr\/fr\/wp-json\/wp\/v2\/product"}],"about":[{"href":"https:\/\/pilonatic.fr\/fr\/wp-json\/wp\/v2\/types\/product"}],"replies":[{"embeddable":true,"href":"https:\/\/pilonatic.fr\/fr\/wp-json\/wp\/v2\/comments?post=4607"}],"wp:featuredmedia":[{"embeddable":true,"href":"https:\/\/pilonatic.fr\/fr\/wp-json\/wp\/v2\/media\/8093"}],"wp:attachment":[{"href":"https:\/\/pilonatic.fr\/fr\/wp-json\/wp\/v2\/media?parent=4607"}],"wp:term":[{"taxonomy":"product_brand","embeddable":true,"href":"https:\/\/pilonatic.fr\/fr\/wp-json\/wp\/v2\/product_brand?post=4607"},{"taxonomy":"product_cat","embeddable":true,"href":"https:\/\/pilonatic.fr\/fr\/wp-json\/wp\/v2\/product_cat?post=4607"},{"taxonomy":"product_tag","embeddable":true,"href":"https:\/\/pilonatic.fr\/fr\/wp-json\/wp\/v2\/product_tag?post=4607"},{"taxonomy":"woo-feed-brand","embeddable":true,"href":"https:\/\/pilonatic.fr\/fr\/wp-json\/wp\/v2\/woo-feed-brand?post=4607"}],"curies":[{"name":"wp","href":"https:\/\/api.w.org\/{rel}","templated":true}]}}