{"id":4594,"date":"2018-08-22T15:54:45","date_gmt":"2018-08-22T13:54:45","guid":{"rendered":"http:\/\/pilonatic.fr\/?post_type=product&#038;p=4594"},"modified":"2022-05-05T09:31:16","modified_gmt":"2022-05-05T07:31:16","slug":"bolardo-de-proteccion-barrera-de-aparcamiento","status":"publish","type":"product","link":"https:\/\/pilonatic.fr\/fr\/fr\/produit\/bolardo-de-proteccion-barrera-de-aparcamiento\/","title":{"rendered":"Bolardo de Protecci\u00f3n Barrera de Aparcamiento"},"content":{"rendered":"<p>Bolardo de Protecci\u00f3n Barrera de Aparcamiento\u00a0 800 x 450 mm \u00d8 35 mm Pilona abatible Arco de Protecci\u00f3n con Juego de 3 Llaves.<\/p>","protected":false},"excerpt":{"rendered":"<p>Bolardo de Protecci\u00f3n Barrera de Aparcamiento 800 x 450 mm \u00d8 35 mm Pilona abatible Arco de Protecci\u00f3n con Juego de 3 Llaves SE ACEPTAN TODOS LOS MEDIOS DE PAGO<\/p>","protected":false},"featured_media":4598,"comment_status":"open","ping_status":"closed","template":"","meta":[],"product_brand":[],"product_cat":[55,104],"product_tag":[],"woo-feed-brand":[],"class_list":{"0":"post-4594","1":"product","2":"type-product","3":"status-publish","4":"has-post-thumbnail","6":"product_cat-barreras-manuales","7":"product_cat-pilonas-bolardos-abatibles","8":"product_shipping_class-envio-por-agencia","10":"first","11":"instock","12":"taxable","13":"shipping-taxable","14":"purchasable","15":"product-type-simple"},"aioseo_notices":[],"jetpack_sharing_enabled":true,"_links":{"self":[{"href":"https:\/\/pilonatic.fr\/fr\/wp-json\/wp\/v2\/product\/4594","targetHints":{"allow":["GET"]}}],"collection":[{"href":"https:\/\/pilonatic.fr\/fr\/wp-json\/wp\/v2\/product"}],"about":[{"href":"https:\/\/pilonatic.fr\/fr\/wp-json\/wp\/v2\/types\/product"}],"replies":[{"embeddable":true,"href":"https:\/\/pilonatic.fr\/fr\/wp-json\/wp\/v2\/comments?post=4594"}],"wp:featuredmedia":[{"embeddable":true,"href":"https:\/\/pilonatic.fr\/fr\/wp-json\/wp\/v2\/media\/4598"}],"wp:attachment":[{"href":"https:\/\/pilonatic.fr\/fr\/wp-json\/wp\/v2\/media?parent=4594"}],"wp:term":[{"taxonomy":"product_brand","embeddable":true,"href":"https:\/\/pilonatic.fr\/fr\/wp-json\/wp\/v2\/product_brand?post=4594"},{"taxonomy":"product_cat","embeddable":true,"href":"https:\/\/pilonatic.fr\/fr\/wp-json\/wp\/v2\/product_cat?post=4594"},{"taxonomy":"product_tag","embeddable":true,"href":"https:\/\/pilonatic.fr\/fr\/wp-json\/wp\/v2\/product_tag?post=4594"},{"taxonomy":"woo-feed-brand","embeddable":true,"href":"https:\/\/pilonatic.fr\/fr\/wp-json\/wp\/v2\/woo-feed-brand?post=4594"}],"curies":[{"name":"wp","href":"https:\/\/api.w.org\/{rel}","templated":true}]}}