{"id":4570,"date":"2018-08-10T20:06:32","date_gmt":"2018-08-10T18:06:32","guid":{"rendered":"http:\/\/pilonatic.fr\/?post_type=product&#038;p=4570"},"modified":"2023-11-09T15:50:16","modified_gmt":"2023-11-09T14:50:16","slug":"medidor-de-angulos-porta-grados","status":"publish","type":"product","link":"https:\/\/pilonatic.fr\/fr\/fr\/produit\/medidor-de-angulos-porta-grados\/","title":{"rendered":"Medidor de \u00e1ngulos \/porta grados Inclin\u00f3metro envio gratis"},"content":{"rendered":"<ul class=\"a-unordered-list a-vertical a-spacing-none\">\n<li><span class=\"a-list-item\"> El manejo es f\u00e1cil y sencillo. la burbuja vertical y horizontal funciona perfectamente. despu\u00e9s de pulsar el bot\u00f3n de ON se digital muestra el \u00e1ngulo correspondiente en grados. el pantalla es bastante grande y muy legible. despu\u00e9s de 5\u00a0minutos, se apagar\u00e1 la pantalla incluso AB, para proteger a la bater\u00eda. <\/span><\/li>\n<li><span class=\"a-list-item\"> El \u00e1ngulo se cuchillo junto con una quietsch digital de amarillas, en la herramienta se adapta perfectamente al movil cuando la tapa est\u00e1 cerrada. as\u00ed es durante el transporte o entre las otras herramientas en el s\u00f3tano bien protegidos contra da\u00f1os. en el bolsillo tambi\u00e9n es un poco m\u00e1s espacio, para es un l\u00e1piz o destornilladores hineinzustecken. <\/span><\/li>\n<li><span class=\"a-list-item\"> La precisi\u00f3n es tambi\u00e9n super. medici\u00f3n 0\u00a0&#8211;\u00a0225\u00a0\u00b0; 0,1\u00a0\u00b0 Precisi\u00f3n. manejo r\u00e1pido y pr\u00e1ctico, \u00e1ngulo de la bloqueo funciona satisfactoria, la fiesta no Verutschen establecido \u00e1ngulo de posici\u00f3n. <\/span><\/li>\n<li><span class=\"a-list-item\"> Ingenioso precio valor herramientas, pero muy facilita la vida de un pasatiempo artesanos. buen herramienta y fiable, lo que cada Hobby bricolaje en casa debe tener. <\/span><\/li>\n<li><span class=\"a-list-item\"> Para inicie motriz tomar el dispositivo se debe utilizarse de una bater\u00eda, funciona con una bater\u00eda de 9\u00a0V bater\u00eda de bloque (no incluidas). <\/span><\/li>\n<\/ul>","protected":false},"excerpt":{"rendered":"<p>El manejo es f\u00e1cil y sencillo. la burbuja vertical y horizontal funciona perfectamente. despu\u00e9s de pulsar el bot\u00f3n de ON se digital muestra el \u00e1ngulo correspondiente en grados. el pantalla es bastante grande y muy legible. despu\u00e9s de 5\u00a0minutos, se apagar\u00e1 la pantalla incluso AB, para proteger a la bater\u00eda. El \u00e1ngulo se cuchillo junto [&hellip;]<\/p>\n","protected":false},"featured_media":4571,"comment_status":"open","ping_status":"closed","template":"","meta":[],"product_brand":[],"product_cat":[205],"product_tag":[],"woo-feed-brand":[],"class_list":{"0":"post-4570","1":"product","2":"type-product","3":"status-publish","4":"has-post-thumbnail","6":"product_cat-ferreteria-industrial","7":"product_shipping_class-envio-por-agencia","9":"first","10":"instock","11":"sale","12":"taxable","13":"shipping-taxable","14":"purchasable","15":"product-type-simple"},"aioseo_notices":[],"jetpack_sharing_enabled":true,"_links":{"self":[{"href":"https:\/\/pilonatic.fr\/fr\/wp-json\/wp\/v2\/product\/4570","targetHints":{"allow":["GET"]}}],"collection":[{"href":"https:\/\/pilonatic.fr\/fr\/wp-json\/wp\/v2\/product"}],"about":[{"href":"https:\/\/pilonatic.fr\/fr\/wp-json\/wp\/v2\/types\/product"}],"replies":[{"embeddable":true,"href":"https:\/\/pilonatic.fr\/fr\/wp-json\/wp\/v2\/comments?post=4570"}],"wp:featuredmedia":[{"embeddable":true,"href":"https:\/\/pilonatic.fr\/fr\/wp-json\/wp\/v2\/media\/4571"}],"wp:attachment":[{"href":"https:\/\/pilonatic.fr\/fr\/wp-json\/wp\/v2\/media?parent=4570"}],"wp:term":[{"taxonomy":"product_brand","embeddable":true,"href":"https:\/\/pilonatic.fr\/fr\/wp-json\/wp\/v2\/product_brand?post=4570"},{"taxonomy":"product_cat","embeddable":true,"href":"https:\/\/pilonatic.fr\/fr\/wp-json\/wp\/v2\/product_cat?post=4570"},{"taxonomy":"product_tag","embeddable":true,"href":"https:\/\/pilonatic.fr\/fr\/wp-json\/wp\/v2\/product_tag?post=4570"},{"taxonomy":"woo-feed-brand","embeddable":true,"href":"https:\/\/pilonatic.fr\/fr\/wp-json\/wp\/v2\/woo-feed-brand?post=4570"}],"curies":[{"name":"wp","href":"https:\/\/api.w.org\/{rel}","templated":true}]}}