{"id":4544,"date":"2018-08-05T19:18:45","date_gmt":"2018-08-05T17:18:45","guid":{"rendered":"http:\/\/pilonatic.fr\/?post_type=product&#038;p=4544"},"modified":"2022-10-25T16:38:10","modified_gmt":"2022-10-25T14:38:10","slug":"barandilla-de-fachada-de-acero-inoxidable","status":"publish","type":"product","link":"https:\/\/pilonatic.fr\/fr\/fr\/produit\/barandilla-de-fachada-de-acero-inoxidable\/","title":{"rendered":"Barandilla de barrotes de acero inoxidable a medida"},"content":{"rendered":"<p>Barandilla de acero inoxidable AISI 304 acabado brillante de 100 cm de altura, compuesta de pasamanos de 42 mm de di\u00e1metro, sujeto a montantes verticales provistos de remate superior inclinado hacia el interior, respecto al plano vertical de la barandilla, para dificultar su escalada de 40&#215;10 mm dispuestos cada 120 cm y entrepa\u00f1o de 3 barrotes macizos horizontales de 12 mm de di\u00e1metro soldados a los montantes.<\/p>","protected":false},"excerpt":{"rendered":"<p>Barandilla de fachada en forma <b>recta<\/b>, de <b>100<\/b> cm de altura, <b>de acero inoxidable AISI 304 acabado brillante<\/b>, formada por: <b>montantes verticales provistos de remate superior inclinado hacia el interior, respecto al plano vertical de la barandilla, para dificultar su escalada, de perfil rectangular de 40&#215;10 mm<\/b> con una separaci\u00f3n de <b>120<\/b> cm entre s\u00ed; entrepa\u00f1o <b>de 3 barrotes macizos horizontales de acero inoxidable de 12 mm de di\u00e1metro<\/b> y pasamanos de <b>perfil circular de 42 mm<\/b>, fijada mediante <b>anclaje mec\u00e1nico de expansi\u00f3n<\/b>.<\/p>","protected":false},"featured_media":4554,"comment_status":"open","ping_status":"closed","template":"","meta":[],"product_brand":[],"product_cat":[133],"product_tag":[],"woo-feed-brand":[],"class_list":{"0":"post-4544","1":"product","2":"type-product","3":"status-publish","4":"has-post-thumbnail","6":"product_cat-barandillas","7":"product_shipping_class-envio-por-agencia","9":"first","10":"instock","11":"taxable","12":"shipping-taxable","13":"purchasable","14":"product-type-simple"},"aioseo_notices":[],"jetpack_sharing_enabled":true,"_links":{"self":[{"href":"https:\/\/pilonatic.fr\/fr\/wp-json\/wp\/v2\/product\/4544","targetHints":{"allow":["GET"]}}],"collection":[{"href":"https:\/\/pilonatic.fr\/fr\/wp-json\/wp\/v2\/product"}],"about":[{"href":"https:\/\/pilonatic.fr\/fr\/wp-json\/wp\/v2\/types\/product"}],"replies":[{"embeddable":true,"href":"https:\/\/pilonatic.fr\/fr\/wp-json\/wp\/v2\/comments?post=4544"}],"wp:featuredmedia":[{"embeddable":true,"href":"https:\/\/pilonatic.fr\/fr\/wp-json\/wp\/v2\/media\/4554"}],"wp:attachment":[{"href":"https:\/\/pilonatic.fr\/fr\/wp-json\/wp\/v2\/media?parent=4544"}],"wp:term":[{"taxonomy":"product_brand","embeddable":true,"href":"https:\/\/pilonatic.fr\/fr\/wp-json\/wp\/v2\/product_brand?post=4544"},{"taxonomy":"product_cat","embeddable":true,"href":"https:\/\/pilonatic.fr\/fr\/wp-json\/wp\/v2\/product_cat?post=4544"},{"taxonomy":"product_tag","embeddable":true,"href":"https:\/\/pilonatic.fr\/fr\/wp-json\/wp\/v2\/product_tag?post=4544"},{"taxonomy":"woo-feed-brand","embeddable":true,"href":"https:\/\/pilonatic.fr\/fr\/wp-json\/wp\/v2\/woo-feed-brand?post=4544"}],"curies":[{"name":"wp","href":"https:\/\/api.w.org\/{rel}","templated":true}]}}