{"id":4540,"date":"2018-08-03T23:26:38","date_gmt":"2018-08-03T21:26:38","guid":{"rendered":"http:\/\/pilonatic.fr\/?post_type=product&#038;p=4540"},"modified":"2025-02-15T16:02:59","modified_gmt":"2025-02-15T15:02:59","slug":"reja-de-chapa-perforada-para-cerramiento-residencial","status":"publish","type":"product","link":"https:\/\/pilonatic.fr\/fr\/fr\/produit\/reja-de-chapa-perforada-para-cerramiento-residencial\/","title":{"rendered":"Reja de chapa perforada para tener ventilaci\u00f3n"},"content":{"rendered":"<ul>\n<li>Marco de perfil de carpinteria metalica pds56 , en acero S 235 JRH\u00a0seg\u00fan norma de producto EN 10305-5 y certificado por AENOR (clasificaci\u00f3n 046\/008).<\/li>\n<li>Chapa perforada con perforado de 30&#215;30 standard (si desea otro tipo de perforado dejar nota) en acero S 275 JR seg\u00fan norma de producto EN 10025-2 y certificado por AENOR (clasificaci\u00f3n 046\/008).<\/li>\n<li>Si tienes dudas sobre los sistemas de fijaci\u00f3n abran el chat por whatsap y le ayudar\u00e1 el comercial a elegir el m\u00e1s adecuado.<\/li>\n<\/ul>","protected":false},"excerpt":{"rendered":"<p>Este modelo de reja de acero para ventanas tiene barrotes verticales unidos por una pletina horizontal y un adorno central de pletina retorcida. Esta reja ornamental posee un dise\u00f1o m\u00e1s trabajado con un toque r\u00fastico lo que le aportar\u00e1 un aspecto especial a su vivienda.<\/p>\n<p>Poner las medidas en milimetros para ver el precio exacto de su pedido el plazo de entrega son de 4 a 12 dias laborables.En caso de alguna duda contactar a <a href=\"mailto:pilonatic@gmail.com\">pilonatic@gmail.com<\/a> o 632429144-(con servicio whatsapp)<\/p>\n<p>Medir el ancho del hueco en varios puntos y a la medida mas corta descontar le 5mm,en altura le pueden descontar 20mm para repartir a la hora de montar.Recibir\u00e1n la reja al milimetro segun sus medidas introducidas a la hora de hacer el pedido.(A LA HORA DE HACER EL PEDIDO PONER LAS MEDIDAS EN MIL\u00cdMETROS)<\/p>","protected":false},"featured_media":4541,"comment_status":"closed","ping_status":"closed","template":"","meta":[],"product_brand":[],"product_cat":[135],"product_tag":[],"woo-feed-brand":[],"class_list":{"0":"post-4540","1":"product","2":"type-product","3":"status-publish","4":"has-post-thumbnail","6":"product_cat-rejas-seguridad","7":"product_shipping_class-envio-por-agencia","9":"first","10":"instock","11":"sale","12":"taxable","13":"shipping-taxable","14":"purchasable","15":"product-type-simple"},"aioseo_notices":[],"jetpack_sharing_enabled":true,"_links":{"self":[{"href":"https:\/\/pilonatic.fr\/fr\/wp-json\/wp\/v2\/product\/4540","targetHints":{"allow":["GET"]}}],"collection":[{"href":"https:\/\/pilonatic.fr\/fr\/wp-json\/wp\/v2\/product"}],"about":[{"href":"https:\/\/pilonatic.fr\/fr\/wp-json\/wp\/v2\/types\/product"}],"replies":[{"embeddable":true,"href":"https:\/\/pilonatic.fr\/fr\/wp-json\/wp\/v2\/comments?post=4540"}],"wp:featuredmedia":[{"embeddable":true,"href":"https:\/\/pilonatic.fr\/fr\/wp-json\/wp\/v2\/media\/4541"}],"wp:attachment":[{"href":"https:\/\/pilonatic.fr\/fr\/wp-json\/wp\/v2\/media?parent=4540"}],"wp:term":[{"taxonomy":"product_brand","embeddable":true,"href":"https:\/\/pilonatic.fr\/fr\/wp-json\/wp\/v2\/product_brand?post=4540"},{"taxonomy":"product_cat","embeddable":true,"href":"https:\/\/pilonatic.fr\/fr\/wp-json\/wp\/v2\/product_cat?post=4540"},{"taxonomy":"product_tag","embeddable":true,"href":"https:\/\/pilonatic.fr\/fr\/wp-json\/wp\/v2\/product_tag?post=4540"},{"taxonomy":"woo-feed-brand","embeddable":true,"href":"https:\/\/pilonatic.fr\/fr\/wp-json\/wp\/v2\/woo-feed-brand?post=4540"}],"curies":[{"name":"wp","href":"https:\/\/api.w.org\/{rel}","templated":true}]}}