{"id":4537,"date":"2018-08-03T13:54:15","date_gmt":"2018-08-03T11:54:15","guid":{"rendered":"http:\/\/pilonatic.fr\/?post_type=product&#038;p=4537"},"modified":"2022-10-25T15:13:20","modified_gmt":"2022-10-25T13:13:20","slug":"reja-de-aceroinoxidable-modelo-sol","status":"publish","type":"product","link":"https:\/\/pilonatic.fr\/fr\/fr\/produit\/reja-de-aceroinoxidable-modelo-sol\/","title":{"rendered":"Reja de aceroinoxidable modelo sol"},"content":{"rendered":"<ul>\n<li>Marco de tubo en acero inoxidable 40&#215;20<\/li>\n<li>arrotes de 20&#215;20 en acero inoxidableSi tienes dudas sobre los sistemas de fijaci\u00f3n abran el chat por whatsap y le ayudar\u00e1 el comercial a elegir el m\u00e1s adecuado.<img loading=\"lazy\" decoding=\"async\" class=\"size-medium wp-image-4457 aligncenter\" src=\"http:\/\/pilonatic.fr\/wp-content\/uploads\/2018\/07\/mecanismos-de-fijacion-2-300x199.jpg\" alt=\"\" width=\"300\" height=\"199\" srcset=\"https:\/\/pilonatic.fr\/wp-content\/uploads\/2018\/07\/mecanismos-de-fijacion-2-300x199.jpg 300w, https:\/\/pilonatic.fr\/wp-content\/uploads\/2018\/07\/mecanismos-de-fijacion-2-510x338.jpg 510w, https:\/\/pilonatic.fr\/wp-content\/uploads\/2018\/07\/mecanismos-de-fijacion-2-768x509.jpg 768w, https:\/\/pilonatic.fr\/wp-content\/uploads\/2018\/07\/mecanismos-de-fijacion-2-570x378.jpg 570w, https:\/\/pilonatic.fr\/wp-content\/uploads\/2018\/07\/mecanismos-de-fijacion-2.jpg 870w\" sizes=\"auto, (max-width: 300px) 100vw, 300px\" \/><\/li>\n<\/ul>","protected":false},"excerpt":{"rendered":"<p>Este modelo de reja de acero para ventanas tiene barrotes verticales unidos por una pletina horizontal y un adorno central de pletina retorcida. Esta reja ornamental posee un dise\u00f1o m\u00e1s trabajado con un toque r\u00fastico lo que le aportar\u00e1 un aspecto especial a su vivienda.<\/p>","protected":false},"featured_media":4538,"comment_status":"closed","ping_status":"closed","template":"","meta":[],"product_brand":[],"product_cat":[135],"product_tag":[],"woo-feed-brand":[],"class_list":{"0":"post-4537","1":"product","2":"type-product","3":"status-publish","4":"has-post-thumbnail","6":"product_cat-rejas-seguridad","7":"product_shipping_class-envio-por-agencia","9":"first","10":"instock","11":"sale","12":"taxable","13":"shipping-taxable","14":"purchasable","15":"product-type-simple"},"aioseo_notices":[],"jetpack_sharing_enabled":true,"_links":{"self":[{"href":"https:\/\/pilonatic.fr\/fr\/wp-json\/wp\/v2\/product\/4537","targetHints":{"allow":["GET"]}}],"collection":[{"href":"https:\/\/pilonatic.fr\/fr\/wp-json\/wp\/v2\/product"}],"about":[{"href":"https:\/\/pilonatic.fr\/fr\/wp-json\/wp\/v2\/types\/product"}],"replies":[{"embeddable":true,"href":"https:\/\/pilonatic.fr\/fr\/wp-json\/wp\/v2\/comments?post=4537"}],"wp:featuredmedia":[{"embeddable":true,"href":"https:\/\/pilonatic.fr\/fr\/wp-json\/wp\/v2\/media\/4538"}],"wp:attachment":[{"href":"https:\/\/pilonatic.fr\/fr\/wp-json\/wp\/v2\/media?parent=4537"}],"wp:term":[{"taxonomy":"product_brand","embeddable":true,"href":"https:\/\/pilonatic.fr\/fr\/wp-json\/wp\/v2\/product_brand?post=4537"},{"taxonomy":"product_cat","embeddable":true,"href":"https:\/\/pilonatic.fr\/fr\/wp-json\/wp\/v2\/product_cat?post=4537"},{"taxonomy":"product_tag","embeddable":true,"href":"https:\/\/pilonatic.fr\/fr\/wp-json\/wp\/v2\/product_tag?post=4537"},{"taxonomy":"woo-feed-brand","embeddable":true,"href":"https:\/\/pilonatic.fr\/fr\/wp-json\/wp\/v2\/woo-feed-brand?post=4537"}],"curies":[{"name":"wp","href":"https:\/\/api.w.org\/{rel}","templated":true}]}}