{"id":4400,"date":"2018-07-29T21:07:52","date_gmt":"2018-07-29T19:07:52","guid":{"rendered":"http:\/\/pilonatic.fr\/?post_type=product&#038;p=4400"},"modified":"2023-03-31T10:13:34","modified_gmt":"2023-03-31T08:13:34","slug":"reja-de-hierro-con-cuadricula","status":"publish","type":"product","link":"https:\/\/pilonatic.fr\/fr\/fr\/produit\/reja-de-hierro-con-cuadricula\/","title":{"rendered":"Reja de hierro modelo Cuadr\u00edcula"},"content":{"rendered":"<ul>\n<li>Marco de tubo rectangular E220 de 30x20mm, en acero S275JR seg\u00fan norma de producto EN 10305-5 y certificado por AENOR (clasificaci\u00f3n 046\/008).<\/li>\n<li>Varilla\u00a0 maciza de 12mm, en acero S275JR seg\u00fan norma de producto EN 10025-2 y certificado por AENOR (clasificaci\u00f3n 046\/008).<\/li>\n<li>La separaci\u00f3n entre las redondos es de 20cm.Se har\u00e1 un reparto aproximando a los cuadros a 200x200mm<\/li>\n<li>Si tienes dudas sobre los sistemas de fijaci\u00f3n abran el chat por whatsap y le ayudar\u00e1 el comercial a elegir el m\u00e1s adecuado.<\/li>\n<\/ul>","protected":false},"excerpt":{"rendered":"<p>ste modelo de reja de seguridad para ventanas de pletina horizontal y vertical tiene una forma muy moderna. El dise\u00f1o de las pletinas alineadas y unidas entre s\u00ed formando una cuadricula que combina muy bien en todo tipo de edificios.<\/p>\n<p>Poner las medidas en milimetros para ver el precio exacto de su pedido el plazo de entrega son de 4 a 12 dias laborables.En caso de alguna duda contactar a <a href=\"mailto:pilonatic@gmail.com\">pilonatic@gmail.com<\/a> o 632429144-(con servicio whatsapp)<\/p>\n<p>Medir el ancho del hueco en varios puntos y a la medida mas corta descontar le 5mm,en altura le pueden descontar 20mm para repartir a la hora de montar.Recibir\u00e1n la reja al milimetro segun sus medidas introducidas a la hora de hacer el pedido.(A LA HORA DE HACER EL PEDIDO PONER LAS MEDIDAS EN MIL\u00cdMETROS)<\/p>","protected":false},"featured_media":8398,"comment_status":"closed","ping_status":"closed","template":"","meta":[],"product_brand":[],"product_cat":[135],"product_tag":[],"woo-feed-brand":[],"class_list":{"0":"post-4400","1":"product","2":"type-product","3":"status-publish","4":"has-post-thumbnail","6":"product_cat-rejas-seguridad","8":"first","9":"instock","10":"taxable","11":"shipping-taxable","12":"purchasable","13":"product-type-simple"},"aioseo_notices":[],"jetpack_sharing_enabled":true,"_links":{"self":[{"href":"https:\/\/pilonatic.fr\/fr\/wp-json\/wp\/v2\/product\/4400","targetHints":{"allow":["GET"]}}],"collection":[{"href":"https:\/\/pilonatic.fr\/fr\/wp-json\/wp\/v2\/product"}],"about":[{"href":"https:\/\/pilonatic.fr\/fr\/wp-json\/wp\/v2\/types\/product"}],"replies":[{"embeddable":true,"href":"https:\/\/pilonatic.fr\/fr\/wp-json\/wp\/v2\/comments?post=4400"}],"wp:featuredmedia":[{"embeddable":true,"href":"https:\/\/pilonatic.fr\/fr\/wp-json\/wp\/v2\/media\/8398"}],"wp:attachment":[{"href":"https:\/\/pilonatic.fr\/fr\/wp-json\/wp\/v2\/media?parent=4400"}],"wp:term":[{"taxonomy":"product_brand","embeddable":true,"href":"https:\/\/pilonatic.fr\/fr\/wp-json\/wp\/v2\/product_brand?post=4400"},{"taxonomy":"product_cat","embeddable":true,"href":"https:\/\/pilonatic.fr\/fr\/wp-json\/wp\/v2\/product_cat?post=4400"},{"taxonomy":"product_tag","embeddable":true,"href":"https:\/\/pilonatic.fr\/fr\/wp-json\/wp\/v2\/product_tag?post=4400"},{"taxonomy":"woo-feed-brand","embeddable":true,"href":"https:\/\/pilonatic.fr\/fr\/wp-json\/wp\/v2\/woo-feed-brand?post=4400"}],"curies":[{"name":"wp","href":"https:\/\/api.w.org\/{rel}","templated":true}]}}