{"id":436,"date":"2018-06-04T03:34:22","date_gmt":"2018-06-04T01:34:22","guid":{"rendered":"http:\/\/pilonatic.fr\/?post_type=product&#038;p=436"},"modified":"2025-02-04T12:05:51","modified_gmt":"2025-02-04T11:05:51","slug":"fuente-urbana-corten","status":"publish","type":"product","link":"https:\/\/pilonatic.fr\/fr\/fr\/produit\/fuente-urbana-corten\/","title":{"rendered":"Fuente de agua Urbano modelo Corten"},"content":{"rendered":"<p>&#8211; Altura: 1010 mm.<\/p>\n<p>&#8211; Cuerpo rectangular de 150&#215;150 mm.<\/p>\n<p>&#8211; Placa base\u00a0 de 250&#215;250 mm.<\/p>","protected":false},"excerpt":{"rendered":"<p>Fuente urbana modelo Corten construida con tubo de acero y pintado imitacion corten y varnizado. Incorpora el detalle de la placa de sujeci\u00f3n del grifo contru\u00edda en acero inoxidable con forma de gota de agua y grifo cromado con sistema pulsador. Su elegante dise\u00f1o y combinaci\u00f3n de materiales permite su instalaci\u00f3n tanto en lugares modernos como r\u00fasticos.<\/p>","protected":false},"featured_media":437,"comment_status":"closed","ping_status":"closed","template":"","meta":[],"product_brand":[],"product_cat":[79,15],"product_tag":[93,94,95,96],"woo-feed-brand":[],"class_list":{"0":"post-436","1":"product","2":"type-product","3":"status-publish","4":"has-post-thumbnail","6":"product_cat-fuentes-urbanas","7":"product_cat-mobiliario-urbano","8":"product_tag-fuente-corten","9":"product_tag-fuente-historico","10":"product_tag-fuente-look-antiguo","11":"product_tag-fuente-rustico","12":"product_shipping_class-envio-por-agencia","14":"first","15":"instock","16":"taxable","17":"shipping-taxable","18":"purchasable","19":"product-type-simple"},"aioseo_notices":[],"jetpack_sharing_enabled":true,"_links":{"self":[{"href":"https:\/\/pilonatic.fr\/fr\/wp-json\/wp\/v2\/product\/436","targetHints":{"allow":["GET"]}}],"collection":[{"href":"https:\/\/pilonatic.fr\/fr\/wp-json\/wp\/v2\/product"}],"about":[{"href":"https:\/\/pilonatic.fr\/fr\/wp-json\/wp\/v2\/types\/product"}],"replies":[{"embeddable":true,"href":"https:\/\/pilonatic.fr\/fr\/wp-json\/wp\/v2\/comments?post=436"}],"wp:featuredmedia":[{"embeddable":true,"href":"https:\/\/pilonatic.fr\/fr\/wp-json\/wp\/v2\/media\/437"}],"wp:attachment":[{"href":"https:\/\/pilonatic.fr\/fr\/wp-json\/wp\/v2\/media?parent=436"}],"wp:term":[{"taxonomy":"product_brand","embeddable":true,"href":"https:\/\/pilonatic.fr\/fr\/wp-json\/wp\/v2\/product_brand?post=436"},{"taxonomy":"product_cat","embeddable":true,"href":"https:\/\/pilonatic.fr\/fr\/wp-json\/wp\/v2\/product_cat?post=436"},{"taxonomy":"product_tag","embeddable":true,"href":"https:\/\/pilonatic.fr\/fr\/wp-json\/wp\/v2\/product_tag?post=436"},{"taxonomy":"woo-feed-brand","embeddable":true,"href":"https:\/\/pilonatic.fr\/fr\/wp-json\/wp\/v2\/woo-feed-brand?post=436"}],"curies":[{"name":"wp","href":"https:\/\/api.w.org\/{rel}","templated":true}]}}