{"id":391,"date":"2018-06-04T02:58:01","date_gmt":"2018-06-04T00:58:01","guid":{"rendered":"http:\/\/pilonatic.fr\/?post_type=product&#038;p=391"},"modified":"2022-11-07T11:34:12","modified_gmt":"2022-11-07T10:34:12","slug":"fuente-urbana-aqua","status":"publish","type":"product","link":"https:\/\/pilonatic.fr\/fr\/fr\/produit\/fuente-urbana-aqua\/","title":{"rendered":"Fuente Urbana Aqua"},"content":{"rendered":"<div id=\"panel-3270-1-2-0\" class=\"so-panel widget widget_sow-editor panel-first-child\" data-index=\"3\">\n<div class=\"so-widget-sow-editor so-widget-sow-editor-base\">\n<div class=\"siteorigin-widget-tinymce textwidget\">\n<p><strong>Modelos:<\/strong><\/p>\n<hr \/>\n<p>Fuente doble dos alturas<\/p>\n<p>Fuente para minusv\u00e1lidos\u00a0 y con bebedero<\/p>\n<p>&nbsp;<\/p>\n<p>&nbsp;<\/p>\n<\/div>\n<\/div>\n<\/div>","protected":false},"excerpt":{"rendered":"<p>Fuente urbana Aqua construida con tubo de hierro 100\u00d7200 mm. pintado gris, bandeja en acero inoxidable y grifo de pulsador regulable.<\/p>\n<p>Dise\u00f1ada para adaptarse a las necesidades del cliente, puede ser individual, doble a dos alturas (adultos, ni\u00f1os o minusv\u00e1lidos) o con bebedor para perros incorporado.<\/p>\n<p>Fuentes ideales para instalar en parques, colegios, jardines, calles\u2026 Fuentes multifuncionales dise\u00f1adas para evitar actos inc\u00edvicos, dificultando el llenado de garrafas.<\/p>","protected":false},"featured_media":467,"comment_status":"closed","ping_status":"closed","template":"","meta":[],"product_brand":[],"product_cat":[79,15],"product_tag":[86,88,87,89],"woo-feed-brand":[],"class_list":{"0":"post-391","1":"product","2":"type-product","3":"status-publish","4":"has-post-thumbnail","6":"product_cat-fuentes-urbanas","7":"product_cat-mobiliario-urbano","8":"product_tag-fuente-eau","9":"product_tag-fuente-para-parques","10":"product_tag-fuente-urbana-diseno","11":"product_tag-fuentes-publicos","12":"product_shipping_class-envio-por-agencia","14":"first","15":"instock","16":"taxable","17":"shipping-taxable","18":"purchasable","19":"product-type-simple"},"aioseo_notices":[],"jetpack_sharing_enabled":true,"_links":{"self":[{"href":"https:\/\/pilonatic.fr\/fr\/wp-json\/wp\/v2\/product\/391","targetHints":{"allow":["GET"]}}],"collection":[{"href":"https:\/\/pilonatic.fr\/fr\/wp-json\/wp\/v2\/product"}],"about":[{"href":"https:\/\/pilonatic.fr\/fr\/wp-json\/wp\/v2\/types\/product"}],"replies":[{"embeddable":true,"href":"https:\/\/pilonatic.fr\/fr\/wp-json\/wp\/v2\/comments?post=391"}],"wp:featuredmedia":[{"embeddable":true,"href":"https:\/\/pilonatic.fr\/fr\/wp-json\/wp\/v2\/media\/467"}],"wp:attachment":[{"href":"https:\/\/pilonatic.fr\/fr\/wp-json\/wp\/v2\/media?parent=391"}],"wp:term":[{"taxonomy":"product_brand","embeddable":true,"href":"https:\/\/pilonatic.fr\/fr\/wp-json\/wp\/v2\/product_brand?post=391"},{"taxonomy":"product_cat","embeddable":true,"href":"https:\/\/pilonatic.fr\/fr\/wp-json\/wp\/v2\/product_cat?post=391"},{"taxonomy":"product_tag","embeddable":true,"href":"https:\/\/pilonatic.fr\/fr\/wp-json\/wp\/v2\/product_tag?post=391"},{"taxonomy":"woo-feed-brand","embeddable":true,"href":"https:\/\/pilonatic.fr\/fr\/wp-json\/wp\/v2\/woo-feed-brand?post=391"}],"curies":[{"name":"wp","href":"https:\/\/api.w.org\/{rel}","templated":true}]}}