{"id":381,"date":"2018-06-04T01:54:02","date_gmt":"2018-06-03T23:54:02","guid":{"rendered":"http:\/\/pilonatic.fr\/?post_type=product&#038;p=381"},"modified":"2022-05-05T09:31:22","modified_gmt":"2022-05-05T07:31:22","slug":"aparcabicicletas-grile-acero","status":"publish","type":"product","link":"https:\/\/pilonatic.fr\/fr\/fr\/produit\/aparcabicicletas-grile-acero\/","title":{"rendered":"Aparcabicicletas modelo grile acero"},"content":{"rendered":"<p>Un dise\u00f1o brit\u00e1nico cl\u00e1sico,es una soluci\u00f3n rentable para el estacionamiento de bicicletas, perfectas para cualquier ubicaci\u00f3n al aire libre o espacio p\u00fablico. Su construcci\u00f3n robusta y aerodin\u00e1mica consiste en un tubo grueso de acero galvanizado doblado en forma de arco cuadrado. Esto le permite bloquear la rueda delantera o la rueda trasera de su bicicleta, protegi\u00e9ndola<br \/>\nMedidas- 950 x 615 x h 285 mm<\/p>","protected":false},"excerpt":{"rendered":"<p>Un dise\u00f1o brit\u00e1nico cl\u00e1sico,es una soluci\u00f3n rentable para el estacionamiento de bicicletas, perfectas para cualquier ubicaci\u00f3n al aire libre o espacio p\u00fablico. Su construcci\u00f3n robusta y aerodin\u00e1mica consiste en un tubo grueso de acero galvanizado doblado en forma de arco cuadrado. Esto le permite bloquear\u00a0 la rueda delantera o la rueda trasera de su bicicleta, protegi\u00e9ndola<\/p>","protected":false},"featured_media":382,"comment_status":"closed","ping_status":"closed","template":"","meta":[],"product_brand":[],"product_cat":[45,15],"product_tag":[47,46,48],"woo-feed-brand":[],"class_list":{"0":"post-381","1":"product","2":"type-product","3":"status-publish","4":"has-post-thumbnail","6":"product_cat-aparcabicicletas","7":"product_cat-mobiliario-urbano","8":"product_tag-aparca-bici-economico","9":"product_tag-aparca-bicicletas-universal","10":"product_tag-classic-sheffield-stand","11":"product_shipping_class-envio-por-agencia","13":"first","14":"instock","15":"featured","16":"taxable","17":"shipping-taxable","18":"purchasable","19":"product-type-simple"},"aioseo_notices":[],"jetpack_sharing_enabled":true,"_links":{"self":[{"href":"https:\/\/pilonatic.fr\/fr\/wp-json\/wp\/v2\/product\/381","targetHints":{"allow":["GET"]}}],"collection":[{"href":"https:\/\/pilonatic.fr\/fr\/wp-json\/wp\/v2\/product"}],"about":[{"href":"https:\/\/pilonatic.fr\/fr\/wp-json\/wp\/v2\/types\/product"}],"replies":[{"embeddable":true,"href":"https:\/\/pilonatic.fr\/fr\/wp-json\/wp\/v2\/comments?post=381"}],"wp:featuredmedia":[{"embeddable":true,"href":"https:\/\/pilonatic.fr\/fr\/wp-json\/wp\/v2\/media\/382"}],"wp:attachment":[{"href":"https:\/\/pilonatic.fr\/fr\/wp-json\/wp\/v2\/media?parent=381"}],"wp:term":[{"taxonomy":"product_brand","embeddable":true,"href":"https:\/\/pilonatic.fr\/fr\/wp-json\/wp\/v2\/product_brand?post=381"},{"taxonomy":"product_cat","embeddable":true,"href":"https:\/\/pilonatic.fr\/fr\/wp-json\/wp\/v2\/product_cat?post=381"},{"taxonomy":"product_tag","embeddable":true,"href":"https:\/\/pilonatic.fr\/fr\/wp-json\/wp\/v2\/product_tag?post=381"},{"taxonomy":"woo-feed-brand","embeddable":true,"href":"https:\/\/pilonatic.fr\/fr\/wp-json\/wp\/v2\/woo-feed-brand?post=381"}],"curies":[{"name":"wp","href":"https:\/\/api.w.org\/{rel}","templated":true}]}}