{"id":3786,"date":"2018-07-04T10:20:17","date_gmt":"2018-07-04T08:20:17","guid":{"rendered":"http:\/\/pilonatic.fr\/product\/corten-steel-planter-square-tapered-pot-extra-large-2\/"},"modified":"2025-06-03T13:57:17","modified_gmt":"2025-06-03T11:57:17","slug":"corten-steel-planter-square-tapered-pot-extra-large-2","status":"publish","type":"product","link":"https:\/\/pilonatic.fr\/fr\/fr\/produit\/corten-steel-planter-square-tapered-pot-extra-large-2\/","title":{"rendered":"Jardinera c\u00f3nica acero corten"},"content":{"rendered":"<p>&nbsp;<\/p>\n<pre id=\"tw-target-text\" class=\"tw-data-text tw-text-large XcVN5d tw-ta\" dir=\"ltr\" data-placeholder=\"Traducci\u00f3n\"><span class=\"Y2IQFc\" lang=\"es\">La jardinera c\u00f3nica est\u00e1 formada en metal por un artesano experto que utiliza un plegado preciso del metal para crear una jardinera que no utiliza soldadura durante el proceso de fabricaci\u00f3n y se ensambla en una forma cuadrada c\u00f3nica sin pernos, tornillos u otros sujetadores. Inspirados en el origami modular, los paneles de las macetas se unen para formar un contenedor de plantas incre\u00edblemente s\u00f3lido que puede acomodar plantas grandes. Sobre todo, es simple, moderno y minimalista. La jardinera cuadrada de 20 \u201dse estrecha hasta una base de 14.5\u201d y la jardinera cuadrada de 16 \u201dse estrecha hasta una base de 11.5\u201d. Las macetas de acero corten no se env\u00edan pre-erosionadas y llegar\u00e1n con el acabado de acero desnudo que tendr\u00e1 que resistir con el tiempo y debe colocarse sobre el c\u00e9sped durante el proceso de envejecimiento para evitar que se manche el material adyacente.\r\n\r\n<\/span><\/pre>\n<p>&nbsp;<\/p>\n<p>&nbsp;<\/p>","protected":false},"excerpt":{"rendered":"<pre id=\"tw-target-text\" class=\"tw-data-text tw-text-large XcVN5d tw-ta\" dir=\"ltr\" data-placeholder=\"Traducci\u00f3n\"><span class=\"Y2IQFc\" lang=\"es\">Acerca de las caracter\u00edsticas:\r\n\r\n- Bajo mantenimiento\r\n\r\n- Completo con orificios de drenaje\r\n\r\n- Fabricado con materiales reciclables\r\n\r\n- Adecuado para aplicaciones al aire libre\r\n\r\n- Extra profundo para plantas m\u00e1s grandes\r\n\r\n- Se requiere ensamblaje\r\n\r\n- Garant\u00eda de satisfacci\u00f3n del 100%\r\n\r\nEnv\u00edo gratis en\r\nEstados Unidos continental\r\n\r\nEste art\u00edculo se env\u00eda en 1\r\na 3 d\u00edas desde el momento en que se realiza el pedido.\r\n(El precio m\u00ednimo siempre sera desde 599 aunque su jardinera no llega a 1m3)\r\n<\/span><\/pre>","protected":false},"featured_media":3780,"comment_status":"open","ping_status":"closed","template":"","meta":[],"product_brand":[],"product_cat":[71],"product_tag":[],"woo-feed-brand":[],"class_list":{"0":"post-3786","1":"product","2":"type-product","3":"status-publish","4":"has-post-thumbnail","6":"product_cat-jardineras-macetas","7":"product_shipping_class-envio-por-agencia","9":"first","10":"instock","11":"taxable","12":"shipping-taxable","13":"purchasable","14":"product-type-simple"},"aioseo_notices":[],"jetpack_sharing_enabled":true,"_links":{"self":[{"href":"https:\/\/pilonatic.fr\/fr\/wp-json\/wp\/v2\/product\/3786","targetHints":{"allow":["GET"]}}],"collection":[{"href":"https:\/\/pilonatic.fr\/fr\/wp-json\/wp\/v2\/product"}],"about":[{"href":"https:\/\/pilonatic.fr\/fr\/wp-json\/wp\/v2\/types\/product"}],"replies":[{"embeddable":true,"href":"https:\/\/pilonatic.fr\/fr\/wp-json\/wp\/v2\/comments?post=3786"}],"wp:featuredmedia":[{"embeddable":true,"href":"https:\/\/pilonatic.fr\/fr\/wp-json\/wp\/v2\/media\/3780"}],"wp:attachment":[{"href":"https:\/\/pilonatic.fr\/fr\/wp-json\/wp\/v2\/media?parent=3786"}],"wp:term":[{"taxonomy":"product_brand","embeddable":true,"href":"https:\/\/pilonatic.fr\/fr\/wp-json\/wp\/v2\/product_brand?post=3786"},{"taxonomy":"product_cat","embeddable":true,"href":"https:\/\/pilonatic.fr\/fr\/wp-json\/wp\/v2\/product_cat?post=3786"},{"taxonomy":"product_tag","embeddable":true,"href":"https:\/\/pilonatic.fr\/fr\/wp-json\/wp\/v2\/product_tag?post=3786"},{"taxonomy":"woo-feed-brand","embeddable":true,"href":"https:\/\/pilonatic.fr\/fr\/wp-json\/wp\/v2\/woo-feed-brand?post=3786"}],"curies":[{"name":"wp","href":"https:\/\/api.w.org\/{rel}","templated":true}]}}