{"id":253,"date":"2018-05-30T12:04:46","date_gmt":"2018-05-30T10:04:46","guid":{"rendered":"http:\/\/pilonatic.fr\/?post_type=product&#038;p=253"},"modified":"2023-10-16T13:12:59","modified_gmt":"2023-10-16T11:12:59","slug":"barrera-del-parking-de-oscilacion-giratoria-de-2-a-6metros","status":"publish","type":"product","link":"https:\/\/pilonatic.fr\/fr\/fr\/produit\/barrera-del-parking-de-oscilacion-giratoria-de-2-a-6metros\/","title":{"rendered":"Barrera del parking de oscilaci\u00f3n (Giratoria) de 2 a 6metros"},"content":{"rendered":"<p>Con una altura est\u00e1ndar de 1 metro, est\u00e1 disponible en varios acabados. La barrera es fabricada de secciones de la caja de 50x40mm y los postes de 100mmx100mm\u00a0 . Esta barrera puede ser cerrada con candado en posici\u00f3n cerrada con un candado* para prevenir entrada no deseada de veh\u00edculos o\u00a0 peatones.<\/p>","protected":false},"excerpt":{"rendered":"<p>Esta barrera manual es de acero galvanizado por nuestra propia fabricaci\u00f3n equipo. Esta barrera es una soluci\u00f3n ideal para proporcionar seguridad y restricci\u00f3n de acceso en aparcamientos privados y \u00e1reas no autorizadas.<\/p>\n<p>Disponible en anchuras entre 2,0 m a 6,0 m, con una opci\u00f3n de acabados variedades.<\/p>","protected":false},"featured_media":365,"comment_status":"open","ping_status":"closed","template":"","meta":[],"product_brand":[],"product_cat":[55],"product_tag":[53,69,68],"woo-feed-brand":[],"class_list":{"0":"post-253","1":"product","2":"type-product","3":"status-publish","4":"has-post-thumbnail","6":"product_cat-barreras-manuales","7":"product_tag-barreras-manuales","8":"product_tag-barreras-manuales-economicas","9":"product_tag-barriers-direct","10":"product_shipping_class-envio-por-agencia","12":"first","13":"instock","14":"featured","15":"taxable","16":"shipping-taxable","17":"purchasable","18":"product-type-simple"},"aioseo_notices":[],"jetpack_sharing_enabled":true,"_links":{"self":[{"href":"https:\/\/pilonatic.fr\/fr\/wp-json\/wp\/v2\/product\/253","targetHints":{"allow":["GET"]}}],"collection":[{"href":"https:\/\/pilonatic.fr\/fr\/wp-json\/wp\/v2\/product"}],"about":[{"href":"https:\/\/pilonatic.fr\/fr\/wp-json\/wp\/v2\/types\/product"}],"replies":[{"embeddable":true,"href":"https:\/\/pilonatic.fr\/fr\/wp-json\/wp\/v2\/comments?post=253"}],"wp:featuredmedia":[{"embeddable":true,"href":"https:\/\/pilonatic.fr\/fr\/wp-json\/wp\/v2\/media\/365"}],"wp:attachment":[{"href":"https:\/\/pilonatic.fr\/fr\/wp-json\/wp\/v2\/media?parent=253"}],"wp:term":[{"taxonomy":"product_brand","embeddable":true,"href":"https:\/\/pilonatic.fr\/fr\/wp-json\/wp\/v2\/product_brand?post=253"},{"taxonomy":"product_cat","embeddable":true,"href":"https:\/\/pilonatic.fr\/fr\/wp-json\/wp\/v2\/product_cat?post=253"},{"taxonomy":"product_tag","embeddable":true,"href":"https:\/\/pilonatic.fr\/fr\/wp-json\/wp\/v2\/product_tag?post=253"},{"taxonomy":"woo-feed-brand","embeddable":true,"href":"https:\/\/pilonatic.fr\/fr\/wp-json\/wp\/v2\/woo-feed-brand?post=253"}],"curies":[{"name":"wp","href":"https:\/\/api.w.org\/{rel}","templated":true}]}}