{"id":2461,"date":"2018-06-19T16:46:23","date_gmt":"2018-06-19T14:46:23","guid":{"rendered":"http:\/\/pilonatic.fr\/product\/stainless-steel-stair-handrail-quality-satin-brushed-304-grade-500mm-wall-rail\/"},"modified":"2022-10-25T16:42:09","modified_gmt":"2022-10-25T14:42:09","slug":"pasamanoaceroinoxidable","status":"publish","type":"product","link":"https:\/\/pilonatic.fr\/fr\/fr\/produit\/pasamanoaceroinoxidable\/","title":{"rendered":"Pasamanos acero inoxidable a medida barandilla pasamanos pared escalera 38mm"},"content":{"rendered":"<p>Fabricado a medida de acero inoxidable diametro 38mm\u00a0 y acabado brillo, la barandilla es ideal si quiere dar un toque m\u00e1s noble a su hogar o a un edificio de oficinas.Con el material de fijaci\u00f3n el pasamano se monta directamente a la pared. El pasamano no solo es bonito, sino que tambi\u00e9n ofrece seguridad al usar las escaleras. El material de acero inoxidable brillo se deja limpiar f\u00e1cilmente.<\/p>","protected":false},"excerpt":{"rendered":"<p>Fabricado a medida de acero inoxidable diametro 38mm\u00a0 y acabado brillo, la barandilla es ideal si quiere dar un toque m\u00e1s noble a su hogar o a un edificio de oficinas.Con el material de fijaci\u00f3n el pasamano se monta directamente a la pared. El pasamano no solo es bonito, sino que tambi\u00e9n ofrece seguridad al usar las escaleras. El material de acero inoxidable brillo se deja limpiar f\u00e1cilmente.<\/p>","protected":false},"featured_media":3234,"comment_status":"closed","ping_status":"closed","template":"","meta":[],"product_brand":[],"product_cat":[133],"product_tag":[],"woo-feed-brand":[],"class_list":{"0":"post-2461","1":"product","2":"type-product","3":"status-publish","4":"has-post-thumbnail","6":"product_cat-barandillas","8":"first","9":"instock","10":"sale","11":"taxable","12":"shipping-taxable","13":"purchasable","14":"product-type-simple"},"aioseo_notices":[],"jetpack_sharing_enabled":true,"_links":{"self":[{"href":"https:\/\/pilonatic.fr\/fr\/wp-json\/wp\/v2\/product\/2461","targetHints":{"allow":["GET"]}}],"collection":[{"href":"https:\/\/pilonatic.fr\/fr\/wp-json\/wp\/v2\/product"}],"about":[{"href":"https:\/\/pilonatic.fr\/fr\/wp-json\/wp\/v2\/types\/product"}],"replies":[{"embeddable":true,"href":"https:\/\/pilonatic.fr\/fr\/wp-json\/wp\/v2\/comments?post=2461"}],"wp:featuredmedia":[{"embeddable":true,"href":"https:\/\/pilonatic.fr\/fr\/wp-json\/wp\/v2\/media\/3234"}],"wp:attachment":[{"href":"https:\/\/pilonatic.fr\/fr\/wp-json\/wp\/v2\/media?parent=2461"}],"wp:term":[{"taxonomy":"product_brand","embeddable":true,"href":"https:\/\/pilonatic.fr\/fr\/wp-json\/wp\/v2\/product_brand?post=2461"},{"taxonomy":"product_cat","embeddable":true,"href":"https:\/\/pilonatic.fr\/fr\/wp-json\/wp\/v2\/product_cat?post=2461"},{"taxonomy":"product_tag","embeddable":true,"href":"https:\/\/pilonatic.fr\/fr\/wp-json\/wp\/v2\/product_tag?post=2461"},{"taxonomy":"woo-feed-brand","embeddable":true,"href":"https:\/\/pilonatic.fr\/fr\/wp-json\/wp\/v2\/woo-feed-brand?post=2461"}],"curies":[{"name":"wp","href":"https:\/\/api.w.org\/{rel}","templated":true}]}}