{"id":213,"date":"2018-05-27T04:32:02","date_gmt":"2018-05-27T02:32:02","guid":{"rendered":"http:\/\/pilonatic.fr\/?post_type=product&#038;p=213"},"modified":"2023-03-27T02:54:07","modified_gmt":"2023-03-27T00:54:07","slug":"senal-zona-parada-aprcabicicleta","status":"publish","type":"product","link":"https:\/\/pilonatic.fr\/fr\/fr\/produit\/senal-zona-parada-aprcabicicleta\/","title":{"rendered":"Se\u00f1al zona parada aprcabicicleta"},"content":{"rendered":"<p>Este se\u00f1al para zona o parada de bicicletas tiene la forma cl\u00e1sica de Sheffield Stand con placa de se\u00f1al bici para ayudar a las personas con discapacidad visual a identificar la presencia del soporte para bicicletas. Este soporte bicicleta viene con un cartel integrado, reduciendo el riesgo de accidentes de coche en zona bici co su placa que destaca desde lejos.<\/p>","protected":false},"excerpt":{"rendered":"<p>Este se\u00f1al para zona o parada de bicicletas tiene la forma cl\u00e1sica de Sheffield Stand con placa de se\u00f1al bici para ayudar a las personas con discapacidad visual a identificar la presencia del soporte para bicicletas. Este soporte bicicleta viene con un cartel integrado, reduciendo el riesgo de accidentes de coche en zona bici co su placa que destaca desde lejos.<\/p>","protected":false},"featured_media":214,"comment_status":"open","ping_status":"closed","template":"","meta":[],"product_brand":[],"product_cat":[45],"product_tag":[47,46,48,49],"woo-feed-brand":[],"class_list":{"0":"post-213","1":"product","2":"type-product","3":"status-publish","4":"has-post-thumbnail","6":"product_cat-aparcabicicletas","7":"product_tag-aparca-bici-economico","8":"product_tag-aparca-bicicletas-universal","9":"product_tag-classic-sheffield-stand","10":"product_tag-senal-zona-bici","11":"product_shipping_class-envio-por-agencia","13":"first","14":"instock","15":"taxable","16":"shipping-taxable","17":"purchasable","18":"product-type-simple"},"aioseo_notices":[],"jetpack_sharing_enabled":true,"_links":{"self":[{"href":"https:\/\/pilonatic.fr\/fr\/wp-json\/wp\/v2\/product\/213","targetHints":{"allow":["GET"]}}],"collection":[{"href":"https:\/\/pilonatic.fr\/fr\/wp-json\/wp\/v2\/product"}],"about":[{"href":"https:\/\/pilonatic.fr\/fr\/wp-json\/wp\/v2\/types\/product"}],"replies":[{"embeddable":true,"href":"https:\/\/pilonatic.fr\/fr\/wp-json\/wp\/v2\/comments?post=213"}],"wp:featuredmedia":[{"embeddable":true,"href":"https:\/\/pilonatic.fr\/fr\/wp-json\/wp\/v2\/media\/214"}],"wp:attachment":[{"href":"https:\/\/pilonatic.fr\/fr\/wp-json\/wp\/v2\/media?parent=213"}],"wp:term":[{"taxonomy":"product_brand","embeddable":true,"href":"https:\/\/pilonatic.fr\/fr\/wp-json\/wp\/v2\/product_brand?post=213"},{"taxonomy":"product_cat","embeddable":true,"href":"https:\/\/pilonatic.fr\/fr\/wp-json\/wp\/v2\/product_cat?post=213"},{"taxonomy":"product_tag","embeddable":true,"href":"https:\/\/pilonatic.fr\/fr\/wp-json\/wp\/v2\/product_tag?post=213"},{"taxonomy":"woo-feed-brand","embeddable":true,"href":"https:\/\/pilonatic.fr\/fr\/wp-json\/wp\/v2\/woo-feed-brand?post=213"}],"curies":[{"name":"wp","href":"https:\/\/api.w.org\/{rel}","templated":true}]}}