{"id":210,"date":"2018-05-27T04:01:45","date_gmt":"2018-05-27T02:01:45","guid":{"rendered":"http:\/\/pilonatic.fr\/?post_type=product&#038;p=210"},"modified":"2022-05-05T09:31:23","modified_gmt":"2022-05-05T07:31:23","slug":"aparcabicicletas-con-senal","status":"publish","type":"product","link":"https:\/\/pilonatic.fr\/fr\/fr\/produit\/aparcabicicletas-con-senal\/","title":{"rendered":"Aparcabicicletas con se\u00f1al"},"content":{"rendered":"<p>Este aparcabicicletas con se\u00f1al tiene la forma cl\u00e1sica de Sheffield Stand con placa de se\u00f1al bicio para ayudar a las personas con discapacidad visual a identificar la presencia del soporte para bicicletas. Este soporte bicicleta viene con un cartel integrado, reduciendo el riesgo de accidentes de coche en zona bici co su placa que destaca desde lejos.<\/p>","protected":false},"excerpt":{"rendered":"<p>Este aparcabicicletas con se\u00f1al tiene la forma cl\u00e1sica de Sheffield Stand con placa de se\u00f1al bici para ayudar a las personas con discapacidad visual a identificar la presencia del soporte para bicicletas. Este soporte bicicleta viene con un cartel integrado, reduciendo el riesgo de accidentes de coche en zona bici co su placa que destaca desde lejos.<\/p>","protected":false},"featured_media":211,"comment_status":"open","ping_status":"closed","template":"","meta":[],"product_brand":[],"product_cat":[45],"product_tag":[47,46,48],"woo-feed-brand":[],"class_list":{"0":"post-210","1":"product","2":"type-product","3":"status-publish","4":"has-post-thumbnail","6":"product_cat-aparcabicicletas","7":"product_tag-aparca-bici-economico","8":"product_tag-aparca-bicicletas-universal","9":"product_tag-classic-sheffield-stand","10":"product_shipping_class-envio-por-agencia","12":"first","13":"instock","14":"taxable","15":"shipping-taxable","16":"purchasable","17":"product-type-simple"},"aioseo_notices":[],"jetpack_sharing_enabled":true,"_links":{"self":[{"href":"https:\/\/pilonatic.fr\/fr\/wp-json\/wp\/v2\/product\/210","targetHints":{"allow":["GET"]}}],"collection":[{"href":"https:\/\/pilonatic.fr\/fr\/wp-json\/wp\/v2\/product"}],"about":[{"href":"https:\/\/pilonatic.fr\/fr\/wp-json\/wp\/v2\/types\/product"}],"replies":[{"embeddable":true,"href":"https:\/\/pilonatic.fr\/fr\/wp-json\/wp\/v2\/comments?post=210"}],"wp:featuredmedia":[{"embeddable":true,"href":"https:\/\/pilonatic.fr\/fr\/wp-json\/wp\/v2\/media\/211"}],"wp:attachment":[{"href":"https:\/\/pilonatic.fr\/fr\/wp-json\/wp\/v2\/media?parent=210"}],"wp:term":[{"taxonomy":"product_brand","embeddable":true,"href":"https:\/\/pilonatic.fr\/fr\/wp-json\/wp\/v2\/product_brand?post=210"},{"taxonomy":"product_cat","embeddable":true,"href":"https:\/\/pilonatic.fr\/fr\/wp-json\/wp\/v2\/product_cat?post=210"},{"taxonomy":"product_tag","embeddable":true,"href":"https:\/\/pilonatic.fr\/fr\/wp-json\/wp\/v2\/product_tag?post=210"},{"taxonomy":"woo-feed-brand","embeddable":true,"href":"https:\/\/pilonatic.fr\/fr\/wp-json\/wp\/v2\/woo-feed-brand?post=210"}],"curies":[{"name":"wp","href":"https:\/\/api.w.org\/{rel}","templated":true}]}}