{"id":204,"date":"2018-05-27T03:14:05","date_gmt":"2018-05-27T01:14:05","guid":{"rendered":"http:\/\/pilonatic.fr\/?post_type=product&#038;p=204"},"modified":"2022-05-05T09:31:23","modified_gmt":"2022-05-05T07:31:23","slug":"aparcabicicletas-universal-clasico-inox-con-placa","status":"publish","type":"product","link":"https:\/\/pilonatic.fr\/fr\/fr\/produit\/aparcabicicletas-universal-clasico-inox-con-placa\/","title":{"rendered":"Aparcabicicletas universal clasico inox con placa"},"content":{"rendered":"<p>Un dise\u00f1o brit\u00e1nico cl\u00e1sico,es una soluci\u00f3n rentable para el estacionamiento de bicicletas, perfectas para cualquier ubicaci\u00f3n al aire libre o espacio p\u00fablico. Su construcci\u00f3n robusta y aerodin\u00e1mica consiste en un tubo grueso de acero inoxidable o galvanizado doblado en forma de arco cuadrado. Esto le permite bloquear el cuadro, la rueda delantera y la rueda trasera de su bicicleta, protegi\u00e9ndola<br \/>\nMedidas-740&#215;740 MM CON PLACA diametro de tubo 48mm<\/p>","protected":false},"excerpt":{"rendered":"<p>Un dise\u00f1o brit\u00e1nico cl\u00e1sico,es una soluci\u00f3n rentable para el estacionamiento de bicicletas, perfectas para cualquier ubicaci\u00f3n al aire libre o espacio p\u00fablico. Su construcci\u00f3n robusta y aerodin\u00e1mica consiste en un tubo grueso de acero inoxidable o galvanizado doblado en forma de arco cuadrado. Esto le permite bloquear el cuadro, la rueda delantera y la rueda trasera de su bicicleta, protegi\u00e9ndola,CON PLACA DE ANCLAJE<\/p>","protected":false},"featured_media":7142,"comment_status":"open","ping_status":"closed","template":"","meta":[],"product_brand":[],"product_cat":[45],"product_tag":[47,46,48],"woo-feed-brand":[],"class_list":{"0":"post-204","1":"product","2":"type-product","3":"status-publish","4":"has-post-thumbnail","6":"product_cat-aparcabicicletas","7":"product_tag-aparca-bici-economico","8":"product_tag-aparca-bicicletas-universal","9":"product_tag-classic-sheffield-stand","10":"product_shipping_class-envio-por-agencia","12":"first","13":"instock","14":"taxable","15":"shipping-taxable","16":"purchasable","17":"product-type-simple"},"aioseo_notices":[],"jetpack_sharing_enabled":true,"_links":{"self":[{"href":"https:\/\/pilonatic.fr\/fr\/wp-json\/wp\/v2\/product\/204","targetHints":{"allow":["GET"]}}],"collection":[{"href":"https:\/\/pilonatic.fr\/fr\/wp-json\/wp\/v2\/product"}],"about":[{"href":"https:\/\/pilonatic.fr\/fr\/wp-json\/wp\/v2\/types\/product"}],"replies":[{"embeddable":true,"href":"https:\/\/pilonatic.fr\/fr\/wp-json\/wp\/v2\/comments?post=204"}],"wp:featuredmedia":[{"embeddable":true,"href":"https:\/\/pilonatic.fr\/fr\/wp-json\/wp\/v2\/media\/7142"}],"wp:attachment":[{"href":"https:\/\/pilonatic.fr\/fr\/wp-json\/wp\/v2\/media?parent=204"}],"wp:term":[{"taxonomy":"product_brand","embeddable":true,"href":"https:\/\/pilonatic.fr\/fr\/wp-json\/wp\/v2\/product_brand?post=204"},{"taxonomy":"product_cat","embeddable":true,"href":"https:\/\/pilonatic.fr\/fr\/wp-json\/wp\/v2\/product_cat?post=204"},{"taxonomy":"product_tag","embeddable":true,"href":"https:\/\/pilonatic.fr\/fr\/wp-json\/wp\/v2\/product_tag?post=204"},{"taxonomy":"woo-feed-brand","embeddable":true,"href":"https:\/\/pilonatic.fr\/fr\/wp-json\/wp\/v2\/woo-feed-brand?post=204"}],"curies":[{"name":"wp","href":"https:\/\/api.w.org\/{rel}","templated":true}]}}