{"id":202,"date":"2018-05-27T03:11:24","date_gmt":"2018-05-27T01:11:24","guid":{"rendered":"http:\/\/pilonatic.fr\/?post_type=product&#038;p=202"},"modified":"2022-05-05T09:39:01","modified_gmt":"2022-05-05T07:39:01","slug":"aparcabicicletas-universal-clasico-galva","status":"publish","type":"product","link":"https:\/\/pilonatic.fr\/fr\/fr\/produit\/aparcabicicletas-universal-clasico-galva\/","title":{"rendered":"Aparcabicicletas universal clasico galva"},"content":{"rendered":"<p>Un dise\u00f1o brit\u00e1nico cl\u00e1sico,es una soluci\u00f3n rentable para el estacionamiento de bicicletas, perfectas para cualquier ubicaci\u00f3n al aire libre o espacio p\u00fablico. Su construcci\u00f3n robusta y aerodin\u00e1mica consiste en un tubo grueso de acero galvanizado doblado en forma de arco cuadrado. Esto le permite bloquear el cuadro, la rueda delantera y la rueda trasera de su bicicleta, protegi\u00e9ndola<br \/>\nMedidas-750&#215;1000 MM<\/p>","protected":false},"excerpt":{"rendered":"<p>Un dise\u00f1o brit\u00e1nico cl\u00e1sico,es una soluci\u00f3n rentable para el estacionamiento de bicicletas, perfectas para cualquier ubicaci\u00f3n al aire libre o espacio p\u00fablico. Su construcci\u00f3n robusta y aerodin\u00e1mica consiste en un tubo grueso de acero galvanizado doblado en forma de arco cuadrado. Esto le permite bloquear el cuadro, la rueda delantera y la rueda trasera de su bicicleta, protegi\u00e9ndola.<\/p>","protected":false},"featured_media":203,"comment_status":"open","ping_status":"closed","template":"","meta":[],"product_brand":[],"product_cat":[45],"product_tag":[47,46,48],"woo-feed-brand":[],"class_list":{"0":"post-202","1":"product","2":"type-product","3":"status-publish","4":"has-post-thumbnail","6":"product_cat-aparcabicicletas","7":"product_tag-aparca-bici-economico","8":"product_tag-aparca-bicicletas-universal","9":"product_tag-classic-sheffield-stand","10":"product_shipping_class-envio-por-agencia","12":"first","13":"instock","14":"sale","15":"taxable","16":"shipping-taxable","17":"purchasable","18":"product-type-simple"},"aioseo_notices":[],"jetpack_sharing_enabled":true,"_links":{"self":[{"href":"https:\/\/pilonatic.fr\/fr\/wp-json\/wp\/v2\/product\/202","targetHints":{"allow":["GET"]}}],"collection":[{"href":"https:\/\/pilonatic.fr\/fr\/wp-json\/wp\/v2\/product"}],"about":[{"href":"https:\/\/pilonatic.fr\/fr\/wp-json\/wp\/v2\/types\/product"}],"replies":[{"embeddable":true,"href":"https:\/\/pilonatic.fr\/fr\/wp-json\/wp\/v2\/comments?post=202"}],"wp:featuredmedia":[{"embeddable":true,"href":"https:\/\/pilonatic.fr\/fr\/wp-json\/wp\/v2\/media\/203"}],"wp:attachment":[{"href":"https:\/\/pilonatic.fr\/fr\/wp-json\/wp\/v2\/media?parent=202"}],"wp:term":[{"taxonomy":"product_brand","embeddable":true,"href":"https:\/\/pilonatic.fr\/fr\/wp-json\/wp\/v2\/product_brand?post=202"},{"taxonomy":"product_cat","embeddable":true,"href":"https:\/\/pilonatic.fr\/fr\/wp-json\/wp\/v2\/product_cat?post=202"},{"taxonomy":"product_tag","embeddable":true,"href":"https:\/\/pilonatic.fr\/fr\/wp-json\/wp\/v2\/product_tag?post=202"},{"taxonomy":"woo-feed-brand","embeddable":true,"href":"https:\/\/pilonatic.fr\/fr\/wp-json\/wp\/v2\/woo-feed-brand?post=202"}],"curies":[{"name":"wp","href":"https:\/\/api.w.org\/{rel}","templated":true}]}}