{"id":180,"date":"2018-05-24T20:53:01","date_gmt":"2018-05-24T18:53:01","guid":{"rendered":"http:\/\/pilonatic.fr\/?post_type=product&#038;p=180"},"modified":"2023-11-10T16:08:23","modified_gmt":"2023-11-10T15:08:23","slug":"pilona-tubular-con-placa-r","status":"publish","type":"product","link":"https:\/\/pilonatic.fr\/fr\/fr\/produit\/pilona-tubular-con-placa-r\/","title":{"rendered":"Pilona tubular con placa R"},"content":{"rendered":"<p>Material acero\u00a0 imprimaci\u00f3n especial + pintado 80mm<br \/>\ndi\u00e1metro<br \/>\nespesor 2mm<\/p>","protected":false},"excerpt":{"rendered":"<p>Pilona construida con tubo galvanizado de 2mm de alta resistencia contra impactos modelo econ\u00f3mico con placa para su f\u00e1cil instalaci\u00f3n<\/p>","protected":false},"featured_media":181,"comment_status":"open","ping_status":"closed","template":"","meta":[],"product_brand":[],"product_cat":[18],"product_tag":[36,34,19,37,35],"woo-feed-brand":[],"class_list":{"0":"post-180","1":"product","2":"type-product","3":"status-publish","4":"has-post-thumbnail","6":"product_cat-pilonas-fijas_bolardos_fijos","7":"product_tag-con","8":"product_tag-pilona-seguridad","9":"product_tag-pilona-urban-city","10":"product_tag-placa","11":"product_tag-tubular-economica","12":"product_shipping_class-envio-por-agencia","14":"first","15":"instock","16":"taxable","17":"shipping-taxable","18":"purchasable","19":"product-type-simple"},"aioseo_notices":[],"jetpack_sharing_enabled":true,"_links":{"self":[{"href":"https:\/\/pilonatic.fr\/fr\/wp-json\/wp\/v2\/product\/180","targetHints":{"allow":["GET"]}}],"collection":[{"href":"https:\/\/pilonatic.fr\/fr\/wp-json\/wp\/v2\/product"}],"about":[{"href":"https:\/\/pilonatic.fr\/fr\/wp-json\/wp\/v2\/types\/product"}],"replies":[{"embeddable":true,"href":"https:\/\/pilonatic.fr\/fr\/wp-json\/wp\/v2\/comments?post=180"}],"wp:featuredmedia":[{"embeddable":true,"href":"https:\/\/pilonatic.fr\/fr\/wp-json\/wp\/v2\/media\/181"}],"wp:attachment":[{"href":"https:\/\/pilonatic.fr\/fr\/wp-json\/wp\/v2\/media?parent=180"}],"wp:term":[{"taxonomy":"product_brand","embeddable":true,"href":"https:\/\/pilonatic.fr\/fr\/wp-json\/wp\/v2\/product_brand?post=180"},{"taxonomy":"product_cat","embeddable":true,"href":"https:\/\/pilonatic.fr\/fr\/wp-json\/wp\/v2\/product_cat?post=180"},{"taxonomy":"product_tag","embeddable":true,"href":"https:\/\/pilonatic.fr\/fr\/wp-json\/wp\/v2\/product_tag?post=180"},{"taxonomy":"woo-feed-brand","embeddable":true,"href":"https:\/\/pilonatic.fr\/fr\/wp-json\/wp\/v2\/woo-feed-brand?post=180"}],"curies":[{"name":"wp","href":"https:\/\/api.w.org\/{rel}","templated":true}]}}